{"id":5471,"date":"2023-10-13T08:56:07","date_gmt":"2023-10-13T08:56:07","guid":{"rendered":"https:\/\/soinugao.com\/?post_type=product&#038;p=5471"},"modified":"2023-10-16T09:30:39","modified_gmt":"2023-10-16T09:30:39","slug":"behringer-x32","status":"publish","type":"product","link":"https:\/\/soinugao.com\/eu\/producto\/behringer-x32\/","title":{"rendered":"Behringer X32"},"content":{"rendered":"<p>Los dispositivos digitales y la m\u00fasica han mantenido una relaci\u00f3n estrecha a lo largo del tiempo, pero es con los mezcladores donde la tecnolog\u00eda del sonido encuentra su verdadera pasi\u00f3n. En esta din\u00e1mica, el Behringer X-32 marca un punto de inflexi\u00f3n notable. A trav\u00e9s de un universo de botones, controles, atenuadores y men\u00fas, este equipo se revela como una herramienta potente y, al mismo tiempo, de f\u00e1cil comprensi\u00f3n.<\/p>\n<p>Con 40 canales de procesamiento y 25 buses de mezcla, el Behringer X-32 se convierte en un aut\u00e9ntico maestro de la ecualizaci\u00f3n, procesamiento de se\u00f1al, inserciones y control de la din\u00e1mica. Esta combinaci\u00f3n de caracter\u00edsticas no solo brinda versatilidad, sino que tambi\u00e9n resalta la capacidad intuitiva de este mezclador para crear y transformar sonidos de manera sorprendente.<\/p>\n","protected":false},"excerpt":{"rendered":"<p>Los dispositivos digitales y la m\u00fasica han mantenido una relaci\u00f3n estrecha a lo largo del tiempo, pero es con los mezcladores donde la tecnolog\u00eda del sonido encuentra su verdadera pasi\u00f3n. En esta din\u00e1mica, el Behringer X-32 marca un punto de inflexi\u00f3n notable. A trav\u00e9s de un universo de botones, controles, atenuadores y men\u00fas, este equipo&#8230;<\/p>\n<p><a rel=\"bookmark\" class=\"loud_button_alt wvc-button wvc-button-size-xs\" href=\"https:\/\/soinugao.com\/eu\/producto\/behringer-x32\/\"><span>Continue reading<\/span><\/a><\/p>\n","protected":false},"featured_media":5474,"comment_status":"open","ping_status":"closed","template":"","meta":[],"product_brand":[],"product_cat":[255,91],"product_tag":[],"class_list":{"0":"post-5471","1":"product","2":"type-product","3":"status-publish","4":"has-post-thumbnail","6":"product_cat-mesa-de-control-sonido","7":"product_cat-sonido","8":"entry","9":"clearfix","10":"entry-grid","11":"entry-columns-default","12":"entry-product-module-layout-sidebar-right","13":"thumbnail-color-tone-dark","14":"entry-product","15":"entry-grid_modern_alt","16":"entry-product-grid_modern_alt","18":"first","19":"instock","20":"taxable","21":"shipping-taxable","22":"product-type-simple"},"yoast_head":"<!-- This site is optimized with the Yoast SEO plugin v26.0 - https:\/\/yoast.com\/wordpress\/plugins\/seo\/ -->\n<title>Behringer X32 - Soinugao<\/title>\n<meta name=\"robots\" content=\"index, follow, max-snippet:-1, max-image-preview:large, max-video-preview:-1\" \/>\n<link rel=\"canonical\" href=\"https:\/\/soinugao.com\/producto\/behringer-x32\/\" \/>\n<meta property=\"og:locale\" content=\"eu_ES\" \/>\n<meta property=\"og:type\" content=\"article\" \/>\n<meta property=\"og:title\" content=\"Behringer X32 - Soinugao\" \/>\n<meta property=\"og:description\" content=\"Los dispositivos digitales y la m\u00fasica han mantenido una relaci\u00f3n estrecha a lo largo del tiempo, pero es con los mezcladores donde la tecnolog\u00eda del sonido encuentra su verdadera pasi\u00f3n. En esta din\u00e1mica, el Behringer X-32 marca un punto de inflexi\u00f3n notable. A trav\u00e9s de un universo de botones, controles, atenuadores y men\u00fas, este equipo...Continue reading\" \/>\n<meta property=\"og:url\" content=\"https:\/\/soinugao.com\/producto\/behringer-x32\/\" \/>\n<meta property=\"og:site_name\" content=\"Soinugao\" \/>\n<meta property=\"article:modified_time\" content=\"2023-10-16T09:30:39+00:00\" \/>\n<meta property=\"og:image\" content=\"https:\/\/soinugao.com\/wp-content\/uploads\/2023\/10\/1595409046X32_P0ASF_Front.jpg\" \/>\n\t<meta property=\"og:image:width\" content=\"450\" \/>\n\t<meta property=\"og:image:height\" content=\"450\" \/>\n\t<meta property=\"og:image:type\" content=\"image\/jpeg\" \/>\n<meta name=\"twitter:card\" content=\"summary_large_image\" \/>\n<meta name=\"twitter:label1\" content=\"Est. reading time\" \/>\n\t<meta name=\"twitter:data1\" content=\"1 minute\" \/>\n<script type=\"application\/ld+json\" class=\"yoast-schema-graph\">{\"@context\":\"https:\/\/schema.org\",\"@graph\":[{\"@type\":\"WebPage\",\"@id\":\"https:\/\/soinugao.com\/producto\/behringer-x32\/\",\"url\":\"https:\/\/soinugao.com\/producto\/behringer-x32\/\",\"name\":\"Behringer X32 - Soinugao\",\"isPartOf\":{\"@id\":\"https:\/\/soinugao.com\/#website\"},\"primaryImageOfPage\":{\"@id\":\"https:\/\/soinugao.com\/producto\/behringer-x32\/#primaryimage\"},\"image\":{\"@id\":\"https:\/\/soinugao.com\/producto\/behringer-x32\/#primaryimage\"},\"thumbnailUrl\":\"https:\/\/soinugao.com\/wp-content\/uploads\/2023\/10\/1595409046X32_P0ASF_Front.jpg\",\"datePublished\":\"2023-10-13T08:56:07+00:00\",\"dateModified\":\"2023-10-16T09:30:39+00:00\",\"breadcrumb\":{\"@id\":\"https:\/\/soinugao.com\/producto\/behringer-x32\/#breadcrumb\"},\"inLanguage\":\"eu-ES\",\"potentialAction\":[{\"@type\":\"ReadAction\",\"target\":[\"https:\/\/soinugao.com\/producto\/behringer-x32\/\"]}]},{\"@type\":\"ImageObject\",\"inLanguage\":\"eu-ES\",\"@id\":\"https:\/\/soinugao.com\/producto\/behringer-x32\/#primaryimage\",\"url\":\"https:\/\/soinugao.com\/wp-content\/uploads\/2023\/10\/1595409046X32_P0ASF_Front.jpg\",\"contentUrl\":\"https:\/\/soinugao.com\/wp-content\/uploads\/2023\/10\/1595409046X32_P0ASF_Front.jpg\",\"width\":450,\"height\":450,\"caption\":\"Behringer X32\"},{\"@type\":\"BreadcrumbList\",\"@id\":\"https:\/\/soinugao.com\/producto\/behringer-x32\/#breadcrumb\",\"itemListElement\":[{\"@type\":\"ListItem\",\"position\":1,\"name\":\"Portada\",\"item\":\"https:\/\/soinugao.com\/\"},{\"@type\":\"ListItem\",\"position\":2,\"name\":\"Tienda\",\"item\":\"https:\/\/soinugao.com\/tienda\/\"},{\"@type\":\"ListItem\",\"position\":3,\"name\":\"Behringer X32\"}]},{\"@type\":\"WebSite\",\"@id\":\"https:\/\/soinugao.com\/#website\",\"url\":\"https:\/\/soinugao.com\/\",\"name\":\"Soinugao\",\"description\":\"\",\"potentialAction\":[{\"@type\":\"SearchAction\",\"target\":{\"@type\":\"EntryPoint\",\"urlTemplate\":\"https:\/\/soinugao.com\/?s={search_term_string}\"},\"query-input\":{\"@type\":\"PropertyValueSpecification\",\"valueRequired\":true,\"valueName\":\"search_term_string\"}}],\"inLanguage\":\"eu-ES\"}]}<\/script>\n<!-- \/ Yoast SEO plugin. -->","yoast_head_json":{"title":"Behringer X32 - Soinugao","robots":{"index":"index","follow":"follow","max-snippet":"max-snippet:-1","max-image-preview":"max-image-preview:large","max-video-preview":"max-video-preview:-1"},"canonical":"https:\/\/soinugao.com\/producto\/behringer-x32\/","og_locale":"eu_ES","og_type":"article","og_title":"Behringer X32 - Soinugao","og_description":"Los dispositivos digitales y la m\u00fasica han mantenido una relaci\u00f3n estrecha a lo largo del tiempo, pero es con los mezcladores donde la tecnolog\u00eda del sonido encuentra su verdadera pasi\u00f3n. En esta din\u00e1mica, el Behringer X-32 marca un punto de inflexi\u00f3n notable. A trav\u00e9s de un universo de botones, controles, atenuadores y men\u00fas, este equipo...Continue reading","og_url":"https:\/\/soinugao.com\/producto\/behringer-x32\/","og_site_name":"Soinugao","article_modified_time":"2023-10-16T09:30:39+00:00","og_image":[{"width":450,"height":450,"url":"https:\/\/soinugao.com\/wp-content\/uploads\/2023\/10\/1595409046X32_P0ASF_Front.jpg","type":"image\/jpeg"}],"twitter_card":"summary_large_image","twitter_misc":{"Est. reading time":"1 minute"},"schema":{"@context":"https:\/\/schema.org","@graph":[{"@type":"WebPage","@id":"https:\/\/soinugao.com\/producto\/behringer-x32\/","url":"https:\/\/soinugao.com\/producto\/behringer-x32\/","name":"Behringer X32 - Soinugao","isPartOf":{"@id":"https:\/\/soinugao.com\/#website"},"primaryImageOfPage":{"@id":"https:\/\/soinugao.com\/producto\/behringer-x32\/#primaryimage"},"image":{"@id":"https:\/\/soinugao.com\/producto\/behringer-x32\/#primaryimage"},"thumbnailUrl":"https:\/\/soinugao.com\/wp-content\/uploads\/2023\/10\/1595409046X32_P0ASF_Front.jpg","datePublished":"2023-10-13T08:56:07+00:00","dateModified":"2023-10-16T09:30:39+00:00","breadcrumb":{"@id":"https:\/\/soinugao.com\/producto\/behringer-x32\/#breadcrumb"},"inLanguage":"eu-ES","potentialAction":[{"@type":"ReadAction","target":["https:\/\/soinugao.com\/producto\/behringer-x32\/"]}]},{"@type":"ImageObject","inLanguage":"eu-ES","@id":"https:\/\/soinugao.com\/producto\/behringer-x32\/#primaryimage","url":"https:\/\/soinugao.com\/wp-content\/uploads\/2023\/10\/1595409046X32_P0ASF_Front.jpg","contentUrl":"https:\/\/soinugao.com\/wp-content\/uploads\/2023\/10\/1595409046X32_P0ASF_Front.jpg","width":450,"height":450,"caption":"Behringer X32"},{"@type":"BreadcrumbList","@id":"https:\/\/soinugao.com\/producto\/behringer-x32\/#breadcrumb","itemListElement":[{"@type":"ListItem","position":1,"name":"Portada","item":"https:\/\/soinugao.com\/"},{"@type":"ListItem","position":2,"name":"Tienda","item":"https:\/\/soinugao.com\/tienda\/"},{"@type":"ListItem","position":3,"name":"Behringer X32"}]},{"@type":"WebSite","@id":"https:\/\/soinugao.com\/#website","url":"https:\/\/soinugao.com\/","name":"Soinugao","description":"","potentialAction":[{"@type":"SearchAction","target":{"@type":"EntryPoint","urlTemplate":"https:\/\/soinugao.com\/?s={search_term_string}"},"query-input":{"@type":"PropertyValueSpecification","valueRequired":true,"valueName":"search_term_string"}}],"inLanguage":"eu-ES"}]}},"_links":{"self":[{"href":"https:\/\/soinugao.com\/eu\/wp-json\/wp\/v2\/product\/5471","targetHints":{"allow":["GET"]}}],"collection":[{"href":"https:\/\/soinugao.com\/eu\/wp-json\/wp\/v2\/product"}],"about":[{"href":"https:\/\/soinugao.com\/eu\/wp-json\/wp\/v2\/types\/product"}],"replies":[{"embeddable":true,"href":"https:\/\/soinugao.com\/eu\/wp-json\/wp\/v2\/comments?post=5471"}],"wp:featuredmedia":[{"embeddable":true,"href":"https:\/\/soinugao.com\/eu\/wp-json\/wp\/v2\/media\/5474"}],"wp:attachment":[{"href":"https:\/\/soinugao.com\/eu\/wp-json\/wp\/v2\/media?parent=5471"}],"wp:term":[{"taxonomy":"product_brand","embeddable":true,"href":"https:\/\/soinugao.com\/eu\/wp-json\/wp\/v2\/product_brand?post=5471"},{"taxonomy":"product_cat","embeddable":true,"href":"https:\/\/soinugao.com\/eu\/wp-json\/wp\/v2\/product_cat?post=5471"},{"taxonomy":"product_tag","embeddable":true,"href":"https:\/\/soinugao.com\/eu\/wp-json\/wp\/v2\/product_tag?post=5471"}],"curies":[{"name":"wp","href":"https:\/\/api.w.org\/{rel}","templated":true}]}}