{"id":5477,"date":"2023-10-13T10:10:45","date_gmt":"2023-10-13T10:10:45","guid":{"rendered":"https:\/\/soinugao.com\/?post_type=product&#038;p=5477"},"modified":"2023-10-16T09:28:40","modified_gmt":"2023-10-16T09:28:40","slug":"tw-bs30","status":"publish","type":"product","link":"https:\/\/soinugao.com\/eu\/producto\/tw-bs30\/","title":{"rendered":"TW BS30"},"content":{"rendered":"<p>Con una configuraci\u00f3n que incluye dos woofers de 15\u00b4\u00b4 alojados en una carcasa de dise\u00f1o innovador, el B30 se destaca por su construcci\u00f3n h\u00edbrida que combina lo mejor de los dise\u00f1os bass reflex y subwoofer cargado con bocina. Esta fusi\u00f3n ofrece altos niveles de eficiencia, un rango sobresaliente y la capacidad de alcanzar frecuencias excepcionalmente bajas.<\/p>\n<p>La presencia de un deflector frontal completo en el subwoofer potencia el campo ac\u00fastico, reduciendo la fricci\u00f3n y minimizando las p\u00e9rdidas. Este dise\u00f1o culmina en una impresionante relaci\u00f3n se\u00f1al\/ruido, garantizando una reproducci\u00f3n fiel de los graves y una cobertura din\u00e1mica excepcional.<\/p>\n<p>A pesar de su potencia y rendimiento, el B30 es sorprendentemente ligero, con un peso inferior a 39kg. Esta relaci\u00f3n equilibrada entre tama\u00f1o, peso y potencia asegura que el B30 de TW AUDIO se mantenga como una verdadera joya en su categor\u00eda.<\/p>\n","protected":false},"excerpt":{"rendered":"<p>Con una configuraci\u00f3n que incluye dos woofers de 15\u00b4\u00b4 alojados en una carcasa de dise\u00f1o innovador, el B30 se destaca por su construcci\u00f3n h\u00edbrida que combina lo mejor de los dise\u00f1os bass reflex y subwoofer cargado con bocina. Esta fusi\u00f3n ofrece altos niveles de eficiencia, un rango sobresaliente y la capacidad de alcanzar frecuencias excepcionalmente&#8230;<\/p>\n<p><a rel=\"bookmark\" class=\"loud_button_alt wvc-button wvc-button-size-xs\" href=\"https:\/\/soinugao.com\/eu\/producto\/tw-bs30\/\"><span>Continue reading<\/span><\/a><\/p>\n","protected":false},"featured_media":5479,"comment_status":"open","ping_status":"closed","template":"","meta":[],"product_brand":[],"product_cat":[254,91],"product_tag":[],"class_list":{"0":"post-5477","1":"product","2":"type-product","3":"status-publish","4":"has-post-thumbnail","6":"product_cat-pa","7":"product_cat-sonido","8":"entry","9":"clearfix","10":"entry-grid","11":"entry-columns-default","12":"entry-product-module-layout-sidebar-right","13":"thumbnail-color-tone-light","14":"entry-product","15":"entry-grid_modern_alt","16":"entry-product-grid_modern_alt","18":"first","19":"instock","20":"taxable","21":"shipping-taxable","22":"product-type-simple"},"yoast_head":"<!-- This site is optimized with the Yoast SEO plugin v26.0 - https:\/\/yoast.com\/wordpress\/plugins\/seo\/ -->\n<title>TW BS30 - Soinugao<\/title>\n<meta name=\"robots\" content=\"index, follow, max-snippet:-1, max-image-preview:large, max-video-preview:-1\" \/>\n<link rel=\"canonical\" href=\"https:\/\/soinugao.com\/producto\/tw-bs30\/\" \/>\n<meta property=\"og:locale\" content=\"eu_ES\" \/>\n<meta property=\"og:type\" content=\"article\" \/>\n<meta property=\"og:title\" content=\"TW BS30 - Soinugao\" \/>\n<meta property=\"og:description\" content=\"Con una configuraci\u00f3n que incluye dos woofers de 15\u00b4\u00b4 alojados en una carcasa de dise\u00f1o innovador, el B30 se destaca por su construcci\u00f3n h\u00edbrida que combina lo mejor de los dise\u00f1os bass reflex y subwoofer cargado con bocina. Esta fusi\u00f3n ofrece altos niveles de eficiencia, un rango sobresaliente y la capacidad de alcanzar frecuencias excepcionalmente...Continue reading\" \/>\n<meta property=\"og:url\" content=\"https:\/\/soinugao.com\/producto\/tw-bs30\/\" \/>\n<meta property=\"og:site_name\" content=\"Soinugao\" \/>\n<meta property=\"article:modified_time\" content=\"2023-10-16T09:28:40+00:00\" \/>\n<meta property=\"og:image\" content=\"https:\/\/soinugao.com\/wp-content\/uploads\/2023\/10\/B30_Soinua-600x578-1.jpg\" \/>\n\t<meta property=\"og:image:width\" content=\"600\" \/>\n\t<meta property=\"og:image:height\" content=\"578\" \/>\n\t<meta property=\"og:image:type\" content=\"image\/jpeg\" \/>\n<meta name=\"twitter:card\" content=\"summary_large_image\" \/>\n<meta name=\"twitter:label1\" content=\"Est. reading time\" \/>\n\t<meta name=\"twitter:data1\" content=\"1 minute\" \/>\n<script type=\"application\/ld+json\" class=\"yoast-schema-graph\">{\"@context\":\"https:\/\/schema.org\",\"@graph\":[{\"@type\":\"WebPage\",\"@id\":\"https:\/\/soinugao.com\/producto\/tw-bs30\/\",\"url\":\"https:\/\/soinugao.com\/producto\/tw-bs30\/\",\"name\":\"TW BS30 - Soinugao\",\"isPartOf\":{\"@id\":\"https:\/\/soinugao.com\/#website\"},\"primaryImageOfPage\":{\"@id\":\"https:\/\/soinugao.com\/producto\/tw-bs30\/#primaryimage\"},\"image\":{\"@id\":\"https:\/\/soinugao.com\/producto\/tw-bs30\/#primaryimage\"},\"thumbnailUrl\":\"https:\/\/soinugao.com\/wp-content\/uploads\/2023\/10\/B30_Soinua-600x578-1.jpg\",\"datePublished\":\"2023-10-13T10:10:45+00:00\",\"dateModified\":\"2023-10-16T09:28:40+00:00\",\"breadcrumb\":{\"@id\":\"https:\/\/soinugao.com\/producto\/tw-bs30\/#breadcrumb\"},\"inLanguage\":\"eu-ES\",\"potentialAction\":[{\"@type\":\"ReadAction\",\"target\":[\"https:\/\/soinugao.com\/producto\/tw-bs30\/\"]}]},{\"@type\":\"ImageObject\",\"inLanguage\":\"eu-ES\",\"@id\":\"https:\/\/soinugao.com\/producto\/tw-bs30\/#primaryimage\",\"url\":\"https:\/\/soinugao.com\/wp-content\/uploads\/2023\/10\/B30_Soinua-600x578-1.jpg\",\"contentUrl\":\"https:\/\/soinugao.com\/wp-content\/uploads\/2023\/10\/B30_Soinua-600x578-1.jpg\",\"width\":600,\"height\":578,\"caption\":\"B30\"},{\"@type\":\"BreadcrumbList\",\"@id\":\"https:\/\/soinugao.com\/producto\/tw-bs30\/#breadcrumb\",\"itemListElement\":[{\"@type\":\"ListItem\",\"position\":1,\"name\":\"Portada\",\"item\":\"https:\/\/soinugao.com\/\"},{\"@type\":\"ListItem\",\"position\":2,\"name\":\"Tienda\",\"item\":\"https:\/\/soinugao.com\/tienda\/\"},{\"@type\":\"ListItem\",\"position\":3,\"name\":\"TW BS30\"}]},{\"@type\":\"WebSite\",\"@id\":\"https:\/\/soinugao.com\/#website\",\"url\":\"https:\/\/soinugao.com\/\",\"name\":\"Soinugao\",\"description\":\"\",\"potentialAction\":[{\"@type\":\"SearchAction\",\"target\":{\"@type\":\"EntryPoint\",\"urlTemplate\":\"https:\/\/soinugao.com\/?s={search_term_string}\"},\"query-input\":{\"@type\":\"PropertyValueSpecification\",\"valueRequired\":true,\"valueName\":\"search_term_string\"}}],\"inLanguage\":\"eu-ES\"}]}<\/script>\n<!-- \/ Yoast SEO plugin. -->","yoast_head_json":{"title":"TW BS30 - Soinugao","robots":{"index":"index","follow":"follow","max-snippet":"max-snippet:-1","max-image-preview":"max-image-preview:large","max-video-preview":"max-video-preview:-1"},"canonical":"https:\/\/soinugao.com\/producto\/tw-bs30\/","og_locale":"eu_ES","og_type":"article","og_title":"TW BS30 - Soinugao","og_description":"Con una configuraci\u00f3n que incluye dos woofers de 15\u00b4\u00b4 alojados en una carcasa de dise\u00f1o innovador, el B30 se destaca por su construcci\u00f3n h\u00edbrida que combina lo mejor de los dise\u00f1os bass reflex y subwoofer cargado con bocina. Esta fusi\u00f3n ofrece altos niveles de eficiencia, un rango sobresaliente y la capacidad de alcanzar frecuencias excepcionalmente...Continue reading","og_url":"https:\/\/soinugao.com\/producto\/tw-bs30\/","og_site_name":"Soinugao","article_modified_time":"2023-10-16T09:28:40+00:00","og_image":[{"width":600,"height":578,"url":"https:\/\/soinugao.com\/wp-content\/uploads\/2023\/10\/B30_Soinua-600x578-1.jpg","type":"image\/jpeg"}],"twitter_card":"summary_large_image","twitter_misc":{"Est. reading time":"1 minute"},"schema":{"@context":"https:\/\/schema.org","@graph":[{"@type":"WebPage","@id":"https:\/\/soinugao.com\/producto\/tw-bs30\/","url":"https:\/\/soinugao.com\/producto\/tw-bs30\/","name":"TW BS30 - Soinugao","isPartOf":{"@id":"https:\/\/soinugao.com\/#website"},"primaryImageOfPage":{"@id":"https:\/\/soinugao.com\/producto\/tw-bs30\/#primaryimage"},"image":{"@id":"https:\/\/soinugao.com\/producto\/tw-bs30\/#primaryimage"},"thumbnailUrl":"https:\/\/soinugao.com\/wp-content\/uploads\/2023\/10\/B30_Soinua-600x578-1.jpg","datePublished":"2023-10-13T10:10:45+00:00","dateModified":"2023-10-16T09:28:40+00:00","breadcrumb":{"@id":"https:\/\/soinugao.com\/producto\/tw-bs30\/#breadcrumb"},"inLanguage":"eu-ES","potentialAction":[{"@type":"ReadAction","target":["https:\/\/soinugao.com\/producto\/tw-bs30\/"]}]},{"@type":"ImageObject","inLanguage":"eu-ES","@id":"https:\/\/soinugao.com\/producto\/tw-bs30\/#primaryimage","url":"https:\/\/soinugao.com\/wp-content\/uploads\/2023\/10\/B30_Soinua-600x578-1.jpg","contentUrl":"https:\/\/soinugao.com\/wp-content\/uploads\/2023\/10\/B30_Soinua-600x578-1.jpg","width":600,"height":578,"caption":"B30"},{"@type":"BreadcrumbList","@id":"https:\/\/soinugao.com\/producto\/tw-bs30\/#breadcrumb","itemListElement":[{"@type":"ListItem","position":1,"name":"Portada","item":"https:\/\/soinugao.com\/"},{"@type":"ListItem","position":2,"name":"Tienda","item":"https:\/\/soinugao.com\/tienda\/"},{"@type":"ListItem","position":3,"name":"TW BS30"}]},{"@type":"WebSite","@id":"https:\/\/soinugao.com\/#website","url":"https:\/\/soinugao.com\/","name":"Soinugao","description":"","potentialAction":[{"@type":"SearchAction","target":{"@type":"EntryPoint","urlTemplate":"https:\/\/soinugao.com\/?s={search_term_string}"},"query-input":{"@type":"PropertyValueSpecification","valueRequired":true,"valueName":"search_term_string"}}],"inLanguage":"eu-ES"}]}},"_links":{"self":[{"href":"https:\/\/soinugao.com\/eu\/wp-json\/wp\/v2\/product\/5477","targetHints":{"allow":["GET"]}}],"collection":[{"href":"https:\/\/soinugao.com\/eu\/wp-json\/wp\/v2\/product"}],"about":[{"href":"https:\/\/soinugao.com\/eu\/wp-json\/wp\/v2\/types\/product"}],"replies":[{"embeddable":true,"href":"https:\/\/soinugao.com\/eu\/wp-json\/wp\/v2\/comments?post=5477"}],"wp:featuredmedia":[{"embeddable":true,"href":"https:\/\/soinugao.com\/eu\/wp-json\/wp\/v2\/media\/5479"}],"wp:attachment":[{"href":"https:\/\/soinugao.com\/eu\/wp-json\/wp\/v2\/media?parent=5477"}],"wp:term":[{"taxonomy":"product_brand","embeddable":true,"href":"https:\/\/soinugao.com\/eu\/wp-json\/wp\/v2\/product_brand?post=5477"},{"taxonomy":"product_cat","embeddable":true,"href":"https:\/\/soinugao.com\/eu\/wp-json\/wp\/v2\/product_cat?post=5477"},{"taxonomy":"product_tag","embeddable":true,"href":"https:\/\/soinugao.com\/eu\/wp-json\/wp\/v2\/product_tag?post=5477"}],"curies":[{"name":"wp","href":"https:\/\/api.w.org\/{rel}","templated":true}]}}