{"id":5484,"date":"2023-10-13T11:22:40","date_gmt":"2023-10-13T11:22:40","guid":{"rendered":"https:\/\/soinugao.com\/?post_type=product&#038;p=5484"},"modified":"2023-10-16T09:33:55","modified_gmt":"2023-10-16T09:33:55","slug":"midas-m32r","status":"publish","type":"product","link":"https:\/\/soinugao.com\/eu\/producto\/midas-m32r\/","title":{"rendered":"Midas M32R"},"content":{"rendered":"<p>La calidad de sonido es un elemento cr\u00edtico en cualquier mezclador, y la consola de mezcla digital Allen &amp; Heath SQ-6 no escatima esfuerzos para asegurar un rendimiento excepcional. Gracias a su circuito de ancho de banda de alta frecuencia constante, esta consola garantiza estabilidad, rechazo de RF y un rendimiento de reducci\u00f3n de ruido sobresalientes en todos los niveles de ganancia. Esto contribuye a lograr un sonido transparente y din\u00e1micamente expresivo en cada actuaci\u00f3n.<\/p>\n<p>La pantalla principal de 5&#8221; es una herramienta esencial para monitorear y controlar el audio. Incorpora un analizador en tiempo real (RTA) de 100 bandas que muestra gr\u00e1ficamente c\u00f3mo los ajustes de filtrado y mezcla afectan al sonido, ofreciendo una visi\u00f3n instant\u00e1nea y detallada del espectro. Con la garant\u00eda de una reproducci\u00f3n impecable y pr\u00edstina, puede confiar plenamente en que su sonido se mantendr\u00e1 excepcional, sin importar las configuraciones que aplique.<\/p>\n<p><span style=\"font-size: 18pt;\">Especificaciones<\/span><br \/>\n<span style=\"font-size: 14pt;\">Procesamiento<\/span><\/p>\n<ul>\n<li>Canales de procesamiento de entrada: 32 canales de entrada, 8 canales auxiliares, 8 canales de retorno de efectos<\/li>\n<li>Canales de procesamientode salida: 8\/16<\/li>\n<li>16 buses auxiliares, 6 matrices, LRC principal: 100<\/li>\n<li>procesadores de efectos internos (True Stereo \/ Mono): 8\/16<\/li>\n<li>Automatizaci\u00f3n interna del espect\u00e1culo (Cues estructurados \/ Snippets): 500 \/ 100<\/li>\n<li>Escenas internas de recuperaci\u00f3n total (incluyendo preamplificadores y faders): 100<\/li>\n<li>Procesamiento de la se\u00f1al: Punto flotante de 40 bits<\/li>\n<li>Conversi\u00f3n A\/D (8 canales, 96 kHz): 114 dB de rango din\u00e1mico (ponderaci\u00f3n A*)<\/li>\n<li>Conversi\u00f3nD\/A (est\u00e9reo, 96 kHz): 120 dB de rango din\u00e1mico (ponderaci\u00f3n A*)<\/li>\n<li>Latencia de E\/S (entrada de la consola a la salida): 0,8 ms<\/li>\n<li>Latencia dered (Stage Box In &gt; Consola &gt; Stage Box Out): 1,1 ms<\/li>\n<\/ul>\n<p><span style=\"font-size: 14pt;\">Conectores<\/span><\/p>\n<ul>\n<li>Midas PRO Series Preamplificador de micr\u00f3fono (XLR): 32<\/li>\n<li>Entrada de micr\u00f3fono Talkback(XLR): 1<\/li>\n<li>Entradas\/salidas RCA: 2<\/li>\n<li>Salidas XLR: 16<\/li>\n<li>Salidas demonitorizaci\u00f3n (XLR \/ \u00bc&#8221; TRS balanceado): 2<\/li>\n<li>Entradas\/salidas auxiliares (\u00bc&#8221; TRS balanceado): 6<\/li>\n<li>Salida deauriculares(\u00bc&#8221; TRS): 2 (est\u00e9reo)<\/li>\n<li>Salidadigital AES\/EBU (XLR): 1<\/li>\n<li>Puertos AES50 (Klark Teknik SuperMAC): 2<\/li>\n<li>Interfaz de tarjeta de expansi\u00f3n: 32 canales de entrada\/salida de audio<\/li>\n<li>Conector ULTRANET P-16 (sin alimentaci\u00f3n): 1<\/li>\n<li>Entradas \/ SalidasMIDI: 1<\/li>\n<li>USB Tipo A (Importaci\u00f3n \/ Exportaci\u00f3n de audio y datos): 1<\/li>\n<li>USB tipo B, panel trasero, para control remoto: 1<\/li>\n<li>Ethernet, RJ45, panel trasero, para control remoto: 1<\/li>\n<\/ul>\n<p><span style=\"font-size: 14pt;\">Caracter\u00edsticas de la entrada de micr\u00f3fono<\/span><\/p>\n<ul>\n<li>Dise\u00f1o: Midas PRO Series<\/li>\n<li>THD+N (0 dB de ganancia, 0 dBu de salida): THD+N (ganancia de +40 dB, salida de 0 dBu a +20 dBu): Impedancia de entrada (no balanceada \/ balanceada): 10 k\u03a9 \/ 10 k\u03a9<\/li>\n<li>Nivel de entrada m\u00e1ximo sin clip: +23 dBu<\/li>\n<li>Alimentaci\u00f3n fantasma (Conmutable por entrada): +48 V<\/li>\n<li>Ruido de entrada equivalente a +45 dB de ganancia: -125 dB (22 Hz-22 kHz, sin ponderar)<\/li>\n<li>CMRR @ ganancia unitaria (t\u00edpica): &gt;70 dB<\/li>\n<li>CMRR @40 dB de ganancia (t\u00edpica): &gt;90 dB<\/li>\n<\/ul>\n<p><span style=\"font-size: 14pt;\">Caracter\u00edsticas de entrada\/salida<\/span><\/p>\n<ul>\n<li>Respuesta en frecuencia @ 48 kHz Velocidad de muestreo: 0 dB a -1 dB (20 Hz-20 kHz)<\/li>\n<li>Rango din\u00e1mico, de entrada anal\u00f3gica a salida anal\u00f3gica: 106 dB (22 Hz-22 kHz, sin ponderar)<\/li>\n<li>Rango din\u00e1micoA\/D, salida (t\u00edpico): 109 dB (22 Hz-22 kHz, sin ponderar)<\/li>\n<li>Rechazo de diafon\u00eda a 1 kHz, canales adyacentes: 100 dB<\/li>\n<li>Nivel de salida, conectores XLR (nominal \/ m\u00e1ximo)+4 dBu \/ +21 dBu<\/li>\n<li>Impedancia de salida, conectores XLR (no balanceada \/ balanceada): 50 \u03a9 \/ 50 \u03a9<\/li>\n<li>Impedancia de entrada, conectores TRS(no balanceados \/ balanceados): 20 k\u03a9 \/ 40 k\u03a9<\/li>\n<li>Nivel de entrada m\u00e1ximo sin clip, conectores TRS: +21 dBu<\/li>\n<li>Nivel de salida, TRS(Nominal \/ M\u00e1ximo): +4 dBu \/ +21 dBu<\/li>\n<li>Impedancia de salida, TRS (no balanceada \/ balanceada): 50 \u03a9 \/ 50 \u03a9<\/li>\n<li>Impedancia de salida delos tel\u00e9fonos \/ Nivel m\u00e1ximo de salida: 40 \u03a9 \/ +21 dBu (est\u00e9reo)<\/li>\n<li>Nivel de ruido residual, conectores XLR de salida 1-16, ganancia unitaria: -85 dBu 22 Hz-22 kHz sin ponderar<\/li>\n<li>Nivel de ruido residual, conectores XLR de salida 1-16,silenciados: -88 dBu 22 Hz-22 kHz sin ponderar<\/li>\n<li>Nivel de ruido residual, conectores XLR de salidaTRS y s de monitorizaci\u00f3n: -83 dBu 22 Hz-22 kHz sin ponderar<\/li>\n<\/ul>\n<p><span style=\"font-size: 14pt;\">Pantalla<\/span><\/p>\n<ul>\n<li>Pantalla principal: LCD TFT de 5&#8243;, resoluci\u00f3n 800 x 480, 262k colores<\/li>\n<li>Pantalla LCD decanal: LCD de 128 x 64 con retroiluminaci\u00f3n en color RGB<\/li>\n<li>Medidor principal: 18 segmentos (-45 dB a Clip)<\/li>\n<\/ul>\n<p><span style=\"font-size: 14pt;\">Alimentaci\u00f3n<\/span><\/p>\n<ul>\n<li>Fuente de alimentaci\u00f3n conmutada: Auto-Rango 100-240 VAC (50\/60 Hz) \u00b1 10<\/li>\n<li>Consumo de energ\u00eda: 70 W<\/li>\n<\/ul>\n<p><span style=\"font-size: 14pt;\">F\u00edsico<\/span><\/p>\n<ul>\n<li>Rango de temperatura de funcionamiento est\u00e1ndar: 5\u00b0C &#8211; 40\u00b0C (41\u00b0F &#8211; 104\u00b0F)<\/li>\n<li>Dimensiones: 478 x 617 x 208 mm (35,1 x 24,1 x 10,1&#8243;)<\/li>\n<li>Peso: 14,3 kg (31,5 lbs)<\/li>\n<\/ul>\n","protected":false},"excerpt":{"rendered":"<p>La calidad de sonido es un elemento cr\u00edtico en cualquier mezclador, y la consola de mezcla digital Allen &amp; Heath SQ-6 no escatima esfuerzos para asegurar un rendimiento excepcional. Gracias a su circuito de ancho de banda de alta frecuencia constante, esta consola garantiza estabilidad, rechazo de RF y un rendimiento de reducci\u00f3n de ruido&#8230;<\/p>\n<p><a rel=\"bookmark\" class=\"loud_button_alt wvc-button wvc-button-size-xs\" href=\"https:\/\/soinugao.com\/eu\/producto\/midas-m32r\/\"><span>Continue reading<\/span><\/a><\/p>\n","protected":false},"featured_media":5487,"comment_status":"open","ping_status":"closed","template":"","meta":[],"product_brand":[],"product_cat":[255,91],"product_tag":[],"class_list":{"0":"post-5484","1":"product","2":"type-product","3":"status-publish","4":"has-post-thumbnail","6":"product_cat-mesa-de-control-sonido","7":"product_cat-sonido","8":"entry","9":"clearfix","10":"entry-grid","11":"entry-columns-default","12":"entry-product-module-layout-sidebar-right","13":"thumbnail-color-tone-dark","14":"entry-product","15":"entry-grid_modern_alt","16":"entry-product-grid_modern_alt","18":"first","19":"instock","20":"taxable","21":"shipping-taxable","22":"product-type-simple"},"yoast_head":"<!-- This site is optimized with the Yoast SEO plugin v26.0 - https:\/\/yoast.com\/wordpress\/plugins\/seo\/ -->\n<title>Midas M32R - Soinugao<\/title>\n<meta name=\"robots\" content=\"index, follow, max-snippet:-1, max-image-preview:large, max-video-preview:-1\" \/>\n<link rel=\"canonical\" href=\"https:\/\/soinugao.com\/producto\/midas-m32r\/\" \/>\n<meta property=\"og:locale\" content=\"eu_ES\" \/>\n<meta property=\"og:type\" content=\"article\" \/>\n<meta property=\"og:title\" content=\"Midas M32R - Soinugao\" \/>\n<meta property=\"og:description\" content=\"La calidad de sonido es un elemento cr\u00edtico en cualquier mezclador, y la consola de mezcla digital Allen &amp; Heath SQ-6 no escatima esfuerzos para asegurar un rendimiento excepcional. Gracias a su circuito de ancho de banda de alta frecuencia constante, esta consola garantiza estabilidad, rechazo de RF y un rendimiento de reducci\u00f3n de ruido...Continue reading\" \/>\n<meta property=\"og:url\" content=\"https:\/\/soinugao.com\/producto\/midas-m32r\/\" \/>\n<meta property=\"og:site_name\" content=\"Soinugao\" \/>\n<meta property=\"article:modified_time\" content=\"2023-10-16T09:33:55+00:00\" \/>\n<meta property=\"og:image\" content=\"https:\/\/soinugao.com\/wp-content\/uploads\/2023\/10\/preview.jpg\" \/>\n\t<meta property=\"og:image:width\" content=\"600\" \/>\n\t<meta property=\"og:image:height\" content=\"600\" \/>\n\t<meta property=\"og:image:type\" content=\"image\/jpeg\" \/>\n<meta name=\"twitter:card\" content=\"summary_large_image\" \/>\n<meta name=\"twitter:label1\" content=\"Est. reading time\" \/>\n\t<meta name=\"twitter:data1\" content=\"4 minutes\" \/>\n<script type=\"application\/ld+json\" class=\"yoast-schema-graph\">{\"@context\":\"https:\/\/schema.org\",\"@graph\":[{\"@type\":\"WebPage\",\"@id\":\"https:\/\/soinugao.com\/producto\/midas-m32r\/\",\"url\":\"https:\/\/soinugao.com\/producto\/midas-m32r\/\",\"name\":\"Midas M32R - Soinugao\",\"isPartOf\":{\"@id\":\"https:\/\/soinugao.com\/#website\"},\"primaryImageOfPage\":{\"@id\":\"https:\/\/soinugao.com\/producto\/midas-m32r\/#primaryimage\"},\"image\":{\"@id\":\"https:\/\/soinugao.com\/producto\/midas-m32r\/#primaryimage\"},\"thumbnailUrl\":\"https:\/\/soinugao.com\/wp-content\/uploads\/2023\/10\/preview.jpg\",\"datePublished\":\"2023-10-13T11:22:40+00:00\",\"dateModified\":\"2023-10-16T09:33:55+00:00\",\"breadcrumb\":{\"@id\":\"https:\/\/soinugao.com\/producto\/midas-m32r\/#breadcrumb\"},\"inLanguage\":\"eu-ES\",\"potentialAction\":[{\"@type\":\"ReadAction\",\"target\":[\"https:\/\/soinugao.com\/producto\/midas-m32r\/\"]}]},{\"@type\":\"ImageObject\",\"inLanguage\":\"eu-ES\",\"@id\":\"https:\/\/soinugao.com\/producto\/midas-m32r\/#primaryimage\",\"url\":\"https:\/\/soinugao.com\/wp-content\/uploads\/2023\/10\/preview.jpg\",\"contentUrl\":\"https:\/\/soinugao.com\/wp-content\/uploads\/2023\/10\/preview.jpg\",\"width\":600,\"height\":600,\"caption\":\"Midas M32R\"},{\"@type\":\"BreadcrumbList\",\"@id\":\"https:\/\/soinugao.com\/producto\/midas-m32r\/#breadcrumb\",\"itemListElement\":[{\"@type\":\"ListItem\",\"position\":1,\"name\":\"Portada\",\"item\":\"https:\/\/soinugao.com\/\"},{\"@type\":\"ListItem\",\"position\":2,\"name\":\"Tienda\",\"item\":\"https:\/\/soinugao.com\/tienda\/\"},{\"@type\":\"ListItem\",\"position\":3,\"name\":\"Midas M32R\"}]},{\"@type\":\"WebSite\",\"@id\":\"https:\/\/soinugao.com\/#website\",\"url\":\"https:\/\/soinugao.com\/\",\"name\":\"Soinugao\",\"description\":\"\",\"potentialAction\":[{\"@type\":\"SearchAction\",\"target\":{\"@type\":\"EntryPoint\",\"urlTemplate\":\"https:\/\/soinugao.com\/?s={search_term_string}\"},\"query-input\":{\"@type\":\"PropertyValueSpecification\",\"valueRequired\":true,\"valueName\":\"search_term_string\"}}],\"inLanguage\":\"eu-ES\"}]}<\/script>\n<!-- \/ Yoast SEO plugin. -->","yoast_head_json":{"title":"Midas M32R - Soinugao","robots":{"index":"index","follow":"follow","max-snippet":"max-snippet:-1","max-image-preview":"max-image-preview:large","max-video-preview":"max-video-preview:-1"},"canonical":"https:\/\/soinugao.com\/producto\/midas-m32r\/","og_locale":"eu_ES","og_type":"article","og_title":"Midas M32R - Soinugao","og_description":"La calidad de sonido es un elemento cr\u00edtico en cualquier mezclador, y la consola de mezcla digital Allen &amp; Heath SQ-6 no escatima esfuerzos para asegurar un rendimiento excepcional. Gracias a su circuito de ancho de banda de alta frecuencia constante, esta consola garantiza estabilidad, rechazo de RF y un rendimiento de reducci\u00f3n de ruido...Continue reading","og_url":"https:\/\/soinugao.com\/producto\/midas-m32r\/","og_site_name":"Soinugao","article_modified_time":"2023-10-16T09:33:55+00:00","og_image":[{"width":600,"height":600,"url":"https:\/\/soinugao.com\/wp-content\/uploads\/2023\/10\/preview.jpg","type":"image\/jpeg"}],"twitter_card":"summary_large_image","twitter_misc":{"Est. reading time":"4 minutes"},"schema":{"@context":"https:\/\/schema.org","@graph":[{"@type":"WebPage","@id":"https:\/\/soinugao.com\/producto\/midas-m32r\/","url":"https:\/\/soinugao.com\/producto\/midas-m32r\/","name":"Midas M32R - Soinugao","isPartOf":{"@id":"https:\/\/soinugao.com\/#website"},"primaryImageOfPage":{"@id":"https:\/\/soinugao.com\/producto\/midas-m32r\/#primaryimage"},"image":{"@id":"https:\/\/soinugao.com\/producto\/midas-m32r\/#primaryimage"},"thumbnailUrl":"https:\/\/soinugao.com\/wp-content\/uploads\/2023\/10\/preview.jpg","datePublished":"2023-10-13T11:22:40+00:00","dateModified":"2023-10-16T09:33:55+00:00","breadcrumb":{"@id":"https:\/\/soinugao.com\/producto\/midas-m32r\/#breadcrumb"},"inLanguage":"eu-ES","potentialAction":[{"@type":"ReadAction","target":["https:\/\/soinugao.com\/producto\/midas-m32r\/"]}]},{"@type":"ImageObject","inLanguage":"eu-ES","@id":"https:\/\/soinugao.com\/producto\/midas-m32r\/#primaryimage","url":"https:\/\/soinugao.com\/wp-content\/uploads\/2023\/10\/preview.jpg","contentUrl":"https:\/\/soinugao.com\/wp-content\/uploads\/2023\/10\/preview.jpg","width":600,"height":600,"caption":"Midas M32R"},{"@type":"BreadcrumbList","@id":"https:\/\/soinugao.com\/producto\/midas-m32r\/#breadcrumb","itemListElement":[{"@type":"ListItem","position":1,"name":"Portada","item":"https:\/\/soinugao.com\/"},{"@type":"ListItem","position":2,"name":"Tienda","item":"https:\/\/soinugao.com\/tienda\/"},{"@type":"ListItem","position":3,"name":"Midas M32R"}]},{"@type":"WebSite","@id":"https:\/\/soinugao.com\/#website","url":"https:\/\/soinugao.com\/","name":"Soinugao","description":"","potentialAction":[{"@type":"SearchAction","target":{"@type":"EntryPoint","urlTemplate":"https:\/\/soinugao.com\/?s={search_term_string}"},"query-input":{"@type":"PropertyValueSpecification","valueRequired":true,"valueName":"search_term_string"}}],"inLanguage":"eu-ES"}]}},"_links":{"self":[{"href":"https:\/\/soinugao.com\/eu\/wp-json\/wp\/v2\/product\/5484","targetHints":{"allow":["GET"]}}],"collection":[{"href":"https:\/\/soinugao.com\/eu\/wp-json\/wp\/v2\/product"}],"about":[{"href":"https:\/\/soinugao.com\/eu\/wp-json\/wp\/v2\/types\/product"}],"replies":[{"embeddable":true,"href":"https:\/\/soinugao.com\/eu\/wp-json\/wp\/v2\/comments?post=5484"}],"wp:featuredmedia":[{"embeddable":true,"href":"https:\/\/soinugao.com\/eu\/wp-json\/wp\/v2\/media\/5487"}],"wp:attachment":[{"href":"https:\/\/soinugao.com\/eu\/wp-json\/wp\/v2\/media?parent=5484"}],"wp:term":[{"taxonomy":"product_brand","embeddable":true,"href":"https:\/\/soinugao.com\/eu\/wp-json\/wp\/v2\/product_brand?post=5484"},{"taxonomy":"product_cat","embeddable":true,"href":"https:\/\/soinugao.com\/eu\/wp-json\/wp\/v2\/product_cat?post=5484"},{"taxonomy":"product_tag","embeddable":true,"href":"https:\/\/soinugao.com\/eu\/wp-json\/wp\/v2\/product_tag?post=5484"}],"curies":[{"name":"wp","href":"https:\/\/api.w.org\/{rel}","templated":true}]}}