{"id":5510,"date":"2023-10-16T07:11:14","date_gmt":"2023-10-16T07:11:14","guid":{"rendered":"https:\/\/soinugao.com\/?post_type=product&#038;p=5510"},"modified":"2023-10-16T09:35:59","modified_gmt":"2023-10-16T09:35:59","slug":"senheisser-e604","status":"publish","type":"product","link":"https:\/\/soinugao.com\/eu\/producto\/senheisser-e604\/","title":{"rendered":"Senheisser e604"},"content":{"rendered":"<p>El micr\u00f3fono Senheisser e604 para instrumentos es un micr\u00f3fono din\u00e1mico cardioide especialmente dise\u00f1ado para destacar en la captura de timbales de bater\u00eda y otros instrumentos de percusi\u00f3n. Incluye una pieza especial que garantiza una sujeci\u00f3n segura a este tipo de instrumentos, facilitando su colaboraci\u00f3n de manera precisa. El cuerpo est\u00e1 fabricado con fibra de vidrio, proporcionando durabilidad y resistencia.<\/p>\n<p>Su respuesta de frecuncia y patr\u00f3n de captaci\u00f3n cardioide han sido cuidadosamente optimizados para obtener un rendimiento excepcional en juegos de bater\u00eda y otros instrumentos de percusi\u00f3n, as\u00ed como una amplia variedad de instrumentos de metal y madera. Adem\u00e1s, se ha integrado un soporte con tornillos para un montaje directo en soportes de micr\u00f3fono, y se incluye un clip que se fija f\u00e1cilmente al borde del tambor.<\/p>\n<p>Con una sorprendente capacidad para manejar altos niveles de presi\u00f3n sonora, superando los 160 dB, este micr\u00f3fono ofrece un equilibrio claro y una se\u00f1al de baja distorsi\u00f3n, comparable a un micr\u00f3fono de condensador de alta gama en un estudio. Su bobina de voz ligera proporciona una respuesta transitoria r\u00e1pida y una frecuencia extendida en agudos.<\/p>\n<p>El cuerpo resistente de fibra de vidrio reforzado protege el micr\u00f3fono contra golpes y vibraciones, minimizando los ruidos no deseados producidos por impactos, asegurando as\u00ed una reproducci\u00f3n de sonido limpia y precisa.<\/p>\n<ul>\n<li>Patr\u00f3n polar cardioide.<\/li>\n<li>Respuesta en frecuencia: 40 &#8211; 18000Hz.<\/li>\n<li>Sensibilidad: 1.8mV\/Pa, 1kHz.<\/li>\n<li>Para toms, caja y percusi\u00f3n.<\/li>\n<li>Dimensiones: 33 x 59 mm.<\/li>\n<li>Peso: 60g.<\/li>\n<li>Accesorios: Abrazadera MZH 5047604 para aro y bolsa.<\/li>\n<\/ul>\n","protected":false},"excerpt":{"rendered":"<p>El micr\u00f3fono Senheisser e604 para instrumentos es un micr\u00f3fono din\u00e1mico cardioide especialmente dise\u00f1ado para destacar en la captura de timbales de bater\u00eda y otros instrumentos de percusi\u00f3n. Incluye una pieza especial que garantiza una sujeci\u00f3n segura a este tipo de instrumentos, facilitando su colaboraci\u00f3n de manera precisa. El cuerpo est\u00e1 fabricado con fibra de vidrio,&#8230;<\/p>\n<p><a rel=\"bookmark\" class=\"loud_button_alt wvc-button wvc-button-size-xs\" href=\"https:\/\/soinugao.com\/eu\/producto\/senheisser-e604\/\"><span>Continue reading<\/span><\/a><\/p>\n","protected":false},"featured_media":5513,"comment_status":"open","ping_status":"closed","template":"","meta":[],"product_brand":[],"product_cat":[257,91],"product_tag":[],"class_list":{"0":"post-5510","1":"product","2":"type-product","3":"status-publish","4":"has-post-thumbnail","6":"product_cat-microfonica","7":"product_cat-sonido","8":"entry","9":"clearfix","10":"entry-grid","11":"entry-columns-default","12":"entry-product-module-layout-sidebar-right","13":"thumbnail-color-tone-dark","14":"entry-product","15":"entry-grid_modern_alt","16":"entry-product-grid_modern_alt","18":"first","19":"instock","20":"taxable","21":"shipping-taxable","22":"product-type-simple"},"yoast_head":"<!-- This site is optimized with the Yoast SEO plugin v26.0 - https:\/\/yoast.com\/wordpress\/plugins\/seo\/ -->\n<title>Senheisser e604 - Soinugao<\/title>\n<meta name=\"robots\" content=\"index, follow, max-snippet:-1, max-image-preview:large, max-video-preview:-1\" \/>\n<link rel=\"canonical\" href=\"https:\/\/soinugao.com\/producto\/senheisser-e604\/\" \/>\n<meta property=\"og:locale\" content=\"eu_ES\" \/>\n<meta property=\"og:type\" content=\"article\" \/>\n<meta property=\"og:title\" content=\"Senheisser e604 - Soinugao\" \/>\n<meta property=\"og:description\" content=\"El micr\u00f3fono Senheisser e604 para instrumentos es un micr\u00f3fono din\u00e1mico cardioide especialmente dise\u00f1ado para destacar en la captura de timbales de bater\u00eda y otros instrumentos de percusi\u00f3n. Incluye una pieza especial que garantiza una sujeci\u00f3n segura a este tipo de instrumentos, facilitando su colaboraci\u00f3n de manera precisa. El cuerpo est\u00e1 fabricado con fibra de vidrio,...Continue reading\" \/>\n<meta property=\"og:url\" content=\"https:\/\/soinugao.com\/producto\/senheisser-e604\/\" \/>\n<meta property=\"og:site_name\" content=\"Soinugao\" \/>\n<meta property=\"article:modified_time\" content=\"2023-10-16T09:35:59+00:00\" \/>\n<meta property=\"og:image\" content=\"https:\/\/soinugao.com\/wp-content\/uploads\/2023\/10\/product_detail_x2_desktop_e604.webp\" \/>\n\t<meta property=\"og:image:width\" content=\"1312\" \/>\n\t<meta property=\"og:image:height\" content=\"1312\" \/>\n\t<meta property=\"og:image:type\" content=\"image\/webp\" \/>\n<meta name=\"twitter:card\" content=\"summary_large_image\" \/>\n<meta name=\"twitter:label1\" content=\"Est. reading time\" \/>\n\t<meta name=\"twitter:data1\" content=\"2 minutes\" \/>\n<script type=\"application\/ld+json\" class=\"yoast-schema-graph\">{\"@context\":\"https:\/\/schema.org\",\"@graph\":[{\"@type\":\"WebPage\",\"@id\":\"https:\/\/soinugao.com\/producto\/senheisser-e604\/\",\"url\":\"https:\/\/soinugao.com\/producto\/senheisser-e604\/\",\"name\":\"Senheisser e604 - Soinugao\",\"isPartOf\":{\"@id\":\"https:\/\/soinugao.com\/#website\"},\"primaryImageOfPage\":{\"@id\":\"https:\/\/soinugao.com\/producto\/senheisser-e604\/#primaryimage\"},\"image\":{\"@id\":\"https:\/\/soinugao.com\/producto\/senheisser-e604\/#primaryimage\"},\"thumbnailUrl\":\"https:\/\/soinugao.com\/wp-content\/uploads\/2023\/10\/product_detail_x2_desktop_e604.webp\",\"datePublished\":\"2023-10-16T07:11:14+00:00\",\"dateModified\":\"2023-10-16T09:35:59+00:00\",\"breadcrumb\":{\"@id\":\"https:\/\/soinugao.com\/producto\/senheisser-e604\/#breadcrumb\"},\"inLanguage\":\"eu-ES\",\"potentialAction\":[{\"@type\":\"ReadAction\",\"target\":[\"https:\/\/soinugao.com\/producto\/senheisser-e604\/\"]}]},{\"@type\":\"ImageObject\",\"inLanguage\":\"eu-ES\",\"@id\":\"https:\/\/soinugao.com\/producto\/senheisser-e604\/#primaryimage\",\"url\":\"https:\/\/soinugao.com\/wp-content\/uploads\/2023\/10\/product_detail_x2_desktop_e604.webp\",\"contentUrl\":\"https:\/\/soinugao.com\/wp-content\/uploads\/2023\/10\/product_detail_x2_desktop_e604.webp\",\"width\":1312,\"height\":1312,\"caption\":\"e604\"},{\"@type\":\"BreadcrumbList\",\"@id\":\"https:\/\/soinugao.com\/producto\/senheisser-e604\/#breadcrumb\",\"itemListElement\":[{\"@type\":\"ListItem\",\"position\":1,\"name\":\"Portada\",\"item\":\"https:\/\/soinugao.com\/\"},{\"@type\":\"ListItem\",\"position\":2,\"name\":\"Tienda\",\"item\":\"https:\/\/soinugao.com\/tienda\/\"},{\"@type\":\"ListItem\",\"position\":3,\"name\":\"Senheisser e604\"}]},{\"@type\":\"WebSite\",\"@id\":\"https:\/\/soinugao.com\/#website\",\"url\":\"https:\/\/soinugao.com\/\",\"name\":\"Soinugao\",\"description\":\"\",\"potentialAction\":[{\"@type\":\"SearchAction\",\"target\":{\"@type\":\"EntryPoint\",\"urlTemplate\":\"https:\/\/soinugao.com\/?s={search_term_string}\"},\"query-input\":{\"@type\":\"PropertyValueSpecification\",\"valueRequired\":true,\"valueName\":\"search_term_string\"}}],\"inLanguage\":\"eu-ES\"}]}<\/script>\n<!-- \/ Yoast SEO plugin. -->","yoast_head_json":{"title":"Senheisser e604 - Soinugao","robots":{"index":"index","follow":"follow","max-snippet":"max-snippet:-1","max-image-preview":"max-image-preview:large","max-video-preview":"max-video-preview:-1"},"canonical":"https:\/\/soinugao.com\/producto\/senheisser-e604\/","og_locale":"eu_ES","og_type":"article","og_title":"Senheisser e604 - Soinugao","og_description":"El micr\u00f3fono Senheisser e604 para instrumentos es un micr\u00f3fono din\u00e1mico cardioide especialmente dise\u00f1ado para destacar en la captura de timbales de bater\u00eda y otros instrumentos de percusi\u00f3n. Incluye una pieza especial que garantiza una sujeci\u00f3n segura a este tipo de instrumentos, facilitando su colaboraci\u00f3n de manera precisa. El cuerpo est\u00e1 fabricado con fibra de vidrio,...Continue reading","og_url":"https:\/\/soinugao.com\/producto\/senheisser-e604\/","og_site_name":"Soinugao","article_modified_time":"2023-10-16T09:35:59+00:00","og_image":[{"width":1312,"height":1312,"url":"https:\/\/soinugao.com\/wp-content\/uploads\/2023\/10\/product_detail_x2_desktop_e604.webp","type":"image\/webp"}],"twitter_card":"summary_large_image","twitter_misc":{"Est. reading time":"2 minutes"},"schema":{"@context":"https:\/\/schema.org","@graph":[{"@type":"WebPage","@id":"https:\/\/soinugao.com\/producto\/senheisser-e604\/","url":"https:\/\/soinugao.com\/producto\/senheisser-e604\/","name":"Senheisser e604 - Soinugao","isPartOf":{"@id":"https:\/\/soinugao.com\/#website"},"primaryImageOfPage":{"@id":"https:\/\/soinugao.com\/producto\/senheisser-e604\/#primaryimage"},"image":{"@id":"https:\/\/soinugao.com\/producto\/senheisser-e604\/#primaryimage"},"thumbnailUrl":"https:\/\/soinugao.com\/wp-content\/uploads\/2023\/10\/product_detail_x2_desktop_e604.webp","datePublished":"2023-10-16T07:11:14+00:00","dateModified":"2023-10-16T09:35:59+00:00","breadcrumb":{"@id":"https:\/\/soinugao.com\/producto\/senheisser-e604\/#breadcrumb"},"inLanguage":"eu-ES","potentialAction":[{"@type":"ReadAction","target":["https:\/\/soinugao.com\/producto\/senheisser-e604\/"]}]},{"@type":"ImageObject","inLanguage":"eu-ES","@id":"https:\/\/soinugao.com\/producto\/senheisser-e604\/#primaryimage","url":"https:\/\/soinugao.com\/wp-content\/uploads\/2023\/10\/product_detail_x2_desktop_e604.webp","contentUrl":"https:\/\/soinugao.com\/wp-content\/uploads\/2023\/10\/product_detail_x2_desktop_e604.webp","width":1312,"height":1312,"caption":"e604"},{"@type":"BreadcrumbList","@id":"https:\/\/soinugao.com\/producto\/senheisser-e604\/#breadcrumb","itemListElement":[{"@type":"ListItem","position":1,"name":"Portada","item":"https:\/\/soinugao.com\/"},{"@type":"ListItem","position":2,"name":"Tienda","item":"https:\/\/soinugao.com\/tienda\/"},{"@type":"ListItem","position":3,"name":"Senheisser e604"}]},{"@type":"WebSite","@id":"https:\/\/soinugao.com\/#website","url":"https:\/\/soinugao.com\/","name":"Soinugao","description":"","potentialAction":[{"@type":"SearchAction","target":{"@type":"EntryPoint","urlTemplate":"https:\/\/soinugao.com\/?s={search_term_string}"},"query-input":{"@type":"PropertyValueSpecification","valueRequired":true,"valueName":"search_term_string"}}],"inLanguage":"eu-ES"}]}},"_links":{"self":[{"href":"https:\/\/soinugao.com\/eu\/wp-json\/wp\/v2\/product\/5510","targetHints":{"allow":["GET"]}}],"collection":[{"href":"https:\/\/soinugao.com\/eu\/wp-json\/wp\/v2\/product"}],"about":[{"href":"https:\/\/soinugao.com\/eu\/wp-json\/wp\/v2\/types\/product"}],"replies":[{"embeddable":true,"href":"https:\/\/soinugao.com\/eu\/wp-json\/wp\/v2\/comments?post=5510"}],"wp:featuredmedia":[{"embeddable":true,"href":"https:\/\/soinugao.com\/eu\/wp-json\/wp\/v2\/media\/5513"}],"wp:attachment":[{"href":"https:\/\/soinugao.com\/eu\/wp-json\/wp\/v2\/media?parent=5510"}],"wp:term":[{"taxonomy":"product_brand","embeddable":true,"href":"https:\/\/soinugao.com\/eu\/wp-json\/wp\/v2\/product_brand?post=5510"},{"taxonomy":"product_cat","embeddable":true,"href":"https:\/\/soinugao.com\/eu\/wp-json\/wp\/v2\/product_cat?post=5510"},{"taxonomy":"product_tag","embeddable":true,"href":"https:\/\/soinugao.com\/eu\/wp-json\/wp\/v2\/product_tag?post=5510"}],"curies":[{"name":"wp","href":"https:\/\/api.w.org\/{rel}","templated":true}]}}