{"id":5519,"date":"2023-10-16T07:38:13","date_gmt":"2023-10-16T07:38:13","guid":{"rendered":"https:\/\/soinugao.com\/?post_type=product&#038;p=5519"},"modified":"2023-10-16T09:36:36","modified_gmt":"2023-10-16T09:36:36","slug":"akg-s112","status":"publish","type":"product","link":"https:\/\/soinugao.com\/eu\/producto\/akg-s112\/","title":{"rendered":"AKG S112"},"content":{"rendered":"<p>El micr\u00f3fono profesional din\u00e1mico para percusi\u00f3n D112 MKII de AKG es un verdadero referente en su clase. Con un patr\u00f3n polar cardioide, este micr\u00f3fono mantiene la esencia de su predecesor, que ya era considerado un est\u00e1ndar de la industria sonora. A lo largo de los a\u00f1os, el D112 ha forjado su reputaci\u00f3n como uno de los micr\u00f3fonos de bajo m\u00e1s destacados, apreciado por su alta capacidad para manejar altos niveles de presi\u00f3n sonora (SPL), su ecualizaci\u00f3n precisa y su durabilidad sobresaliente.<\/p>\n<p>El D112 MKII es capaz de resistir m\u00e1s de 160 dB SPL sin comprometer la calidad del sonido. Su diafragma de gran tama\u00f1o posee una frecuencia de resonancia excepcionalmente baja, brindando una respuesta s\u00f3lida y poderosa por debajo de los 100 Hz. Este micr\u00f3fono no solo ofrece una respuesta baja contundente, sino que tambi\u00e9n realza la presencia en una banda estrecha alrededor de los 4 KHz, perforando incluso en mezclas densas y a vol\u00famenes altos con un impacto contundente.<\/p>\n<p>Lo que enamora a artistas e ingenieros de sonido del D112 MKII es su capacidad para sonar de manera excelente sin necesidad de ajustes adicionales de ecualizaci\u00f3n. M\u00e1s all\u00e1 de ser un micr\u00f3fono excepcional para amplificar bajos tanto en el escenario como en el estudio, el D112 MKII se destaca como una elecci\u00f3n ideal para grabar gabinetes de bajo el\u00e9ctrico y trombones, demostrando su versatilidad en diversas aplicaciones musicales.<\/p>\n<ul>\n<li>Patr\u00f3n polar cardioide.<\/li>\n<li>Respuesta de frecuncia: 20Hz &#8211; 17Hz.<\/li>\n<li>Impedancia de 210 Ohmios.<\/li>\n<li>Adecuado para bomobs, amplificadores de bajos, tubas<\/li>\n<li>Dimensiones: 150 x 70 x 115mm.<\/li>\n<li>Peso: 320g.<\/li>\n<\/ul>\n","protected":false},"excerpt":{"rendered":"<p>El micr\u00f3fono profesional din\u00e1mico para percusi\u00f3n D112 MKII de AKG es un verdadero referente en su clase. Con un patr\u00f3n polar cardioide, este micr\u00f3fono mantiene la esencia de su predecesor, que ya era considerado un est\u00e1ndar de la industria sonora. A lo largo de los a\u00f1os, el D112 ha forjado su reputaci\u00f3n como uno de&#8230;<\/p>\n<p><a rel=\"bookmark\" class=\"loud_button_alt wvc-button wvc-button-size-xs\" href=\"https:\/\/soinugao.com\/eu\/producto\/akg-s112\/\"><span>Continue reading<\/span><\/a><\/p>\n","protected":false},"featured_media":5522,"comment_status":"open","ping_status":"closed","template":"","meta":[],"product_brand":[],"product_cat":[257,91],"product_tag":[],"class_list":{"0":"post-5519","1":"product","2":"type-product","3":"status-publish","4":"has-post-thumbnail","6":"product_cat-microfonica","7":"product_cat-sonido","8":"entry","9":"clearfix","10":"entry-grid","11":"entry-columns-default","12":"entry-product-module-layout-sidebar-right","13":"thumbnail-color-tone-light","14":"entry-product","15":"entry-grid_modern_alt","16":"entry-product-grid_modern_alt","18":"first","19":"instock","20":"taxable","21":"shipping-taxable","22":"product-type-simple"},"yoast_head":"<!-- This site is optimized with the Yoast SEO plugin v26.0 - https:\/\/yoast.com\/wordpress\/plugins\/seo\/ -->\n<title>AKG S112 - Soinugao<\/title>\n<meta name=\"robots\" content=\"index, follow, max-snippet:-1, max-image-preview:large, max-video-preview:-1\" \/>\n<link rel=\"canonical\" href=\"https:\/\/soinugao.com\/producto\/akg-s112\/\" \/>\n<meta property=\"og:locale\" content=\"eu_ES\" \/>\n<meta property=\"og:type\" content=\"article\" \/>\n<meta property=\"og:title\" content=\"AKG S112 - Soinugao\" \/>\n<meta property=\"og:description\" content=\"El micr\u00f3fono profesional din\u00e1mico para percusi\u00f3n D112 MKII de AKG es un verdadero referente en su clase. Con un patr\u00f3n polar cardioide, este micr\u00f3fono mantiene la esencia de su predecesor, que ya era considerado un est\u00e1ndar de la industria sonora. A lo largo de los a\u00f1os, el D112 ha forjado su reputaci\u00f3n como uno de...Continue reading\" \/>\n<meta property=\"og:url\" content=\"https:\/\/soinugao.com\/producto\/akg-s112\/\" \/>\n<meta property=\"og:site_name\" content=\"Soinugao\" \/>\n<meta property=\"article:modified_time\" content=\"2023-10-16T09:36:36+00:00\" \/>\n<meta property=\"og:image\" content=\"https:\/\/soinugao.com\/wp-content\/uploads\/2023\/10\/AKG-D112-MKII-570x570-1.jpg\" \/>\n\t<meta property=\"og:image:width\" content=\"570\" \/>\n\t<meta property=\"og:image:height\" content=\"570\" \/>\n\t<meta property=\"og:image:type\" content=\"image\/jpeg\" \/>\n<meta name=\"twitter:card\" content=\"summary_large_image\" \/>\n<meta name=\"twitter:label1\" content=\"Est. reading time\" \/>\n\t<meta name=\"twitter:data1\" content=\"2 minutes\" \/>\n<script type=\"application\/ld+json\" class=\"yoast-schema-graph\">{\"@context\":\"https:\/\/schema.org\",\"@graph\":[{\"@type\":\"WebPage\",\"@id\":\"https:\/\/soinugao.com\/producto\/akg-s112\/\",\"url\":\"https:\/\/soinugao.com\/producto\/akg-s112\/\",\"name\":\"AKG S112 - Soinugao\",\"isPartOf\":{\"@id\":\"https:\/\/soinugao.com\/#website\"},\"primaryImageOfPage\":{\"@id\":\"https:\/\/soinugao.com\/producto\/akg-s112\/#primaryimage\"},\"image\":{\"@id\":\"https:\/\/soinugao.com\/producto\/akg-s112\/#primaryimage\"},\"thumbnailUrl\":\"https:\/\/soinugao.com\/wp-content\/uploads\/2023\/10\/AKG-D112-MKII-570x570-1.jpg\",\"datePublished\":\"2023-10-16T07:38:13+00:00\",\"dateModified\":\"2023-10-16T09:36:36+00:00\",\"breadcrumb\":{\"@id\":\"https:\/\/soinugao.com\/producto\/akg-s112\/#breadcrumb\"},\"inLanguage\":\"eu-ES\",\"potentialAction\":[{\"@type\":\"ReadAction\",\"target\":[\"https:\/\/soinugao.com\/producto\/akg-s112\/\"]}]},{\"@type\":\"ImageObject\",\"inLanguage\":\"eu-ES\",\"@id\":\"https:\/\/soinugao.com\/producto\/akg-s112\/#primaryimage\",\"url\":\"https:\/\/soinugao.com\/wp-content\/uploads\/2023\/10\/AKG-D112-MKII-570x570-1.jpg\",\"contentUrl\":\"https:\/\/soinugao.com\/wp-content\/uploads\/2023\/10\/AKG-D112-MKII-570x570-1.jpg\",\"width\":570,\"height\":570,\"caption\":\"D112\"},{\"@type\":\"BreadcrumbList\",\"@id\":\"https:\/\/soinugao.com\/producto\/akg-s112\/#breadcrumb\",\"itemListElement\":[{\"@type\":\"ListItem\",\"position\":1,\"name\":\"Portada\",\"item\":\"https:\/\/soinugao.com\/\"},{\"@type\":\"ListItem\",\"position\":2,\"name\":\"Tienda\",\"item\":\"https:\/\/soinugao.com\/tienda\/\"},{\"@type\":\"ListItem\",\"position\":3,\"name\":\"AKG S112\"}]},{\"@type\":\"WebSite\",\"@id\":\"https:\/\/soinugao.com\/#website\",\"url\":\"https:\/\/soinugao.com\/\",\"name\":\"Soinugao\",\"description\":\"\",\"potentialAction\":[{\"@type\":\"SearchAction\",\"target\":{\"@type\":\"EntryPoint\",\"urlTemplate\":\"https:\/\/soinugao.com\/?s={search_term_string}\"},\"query-input\":{\"@type\":\"PropertyValueSpecification\",\"valueRequired\":true,\"valueName\":\"search_term_string\"}}],\"inLanguage\":\"eu-ES\"}]}<\/script>\n<!-- \/ Yoast SEO plugin. -->","yoast_head_json":{"title":"AKG S112 - Soinugao","robots":{"index":"index","follow":"follow","max-snippet":"max-snippet:-1","max-image-preview":"max-image-preview:large","max-video-preview":"max-video-preview:-1"},"canonical":"https:\/\/soinugao.com\/producto\/akg-s112\/","og_locale":"eu_ES","og_type":"article","og_title":"AKG S112 - Soinugao","og_description":"El micr\u00f3fono profesional din\u00e1mico para percusi\u00f3n D112 MKII de AKG es un verdadero referente en su clase. Con un patr\u00f3n polar cardioide, este micr\u00f3fono mantiene la esencia de su predecesor, que ya era considerado un est\u00e1ndar de la industria sonora. A lo largo de los a\u00f1os, el D112 ha forjado su reputaci\u00f3n como uno de...Continue reading","og_url":"https:\/\/soinugao.com\/producto\/akg-s112\/","og_site_name":"Soinugao","article_modified_time":"2023-10-16T09:36:36+00:00","og_image":[{"width":570,"height":570,"url":"https:\/\/soinugao.com\/wp-content\/uploads\/2023\/10\/AKG-D112-MKII-570x570-1.jpg","type":"image\/jpeg"}],"twitter_card":"summary_large_image","twitter_misc":{"Est. reading time":"2 minutes"},"schema":{"@context":"https:\/\/schema.org","@graph":[{"@type":"WebPage","@id":"https:\/\/soinugao.com\/producto\/akg-s112\/","url":"https:\/\/soinugao.com\/producto\/akg-s112\/","name":"AKG S112 - Soinugao","isPartOf":{"@id":"https:\/\/soinugao.com\/#website"},"primaryImageOfPage":{"@id":"https:\/\/soinugao.com\/producto\/akg-s112\/#primaryimage"},"image":{"@id":"https:\/\/soinugao.com\/producto\/akg-s112\/#primaryimage"},"thumbnailUrl":"https:\/\/soinugao.com\/wp-content\/uploads\/2023\/10\/AKG-D112-MKII-570x570-1.jpg","datePublished":"2023-10-16T07:38:13+00:00","dateModified":"2023-10-16T09:36:36+00:00","breadcrumb":{"@id":"https:\/\/soinugao.com\/producto\/akg-s112\/#breadcrumb"},"inLanguage":"eu-ES","potentialAction":[{"@type":"ReadAction","target":["https:\/\/soinugao.com\/producto\/akg-s112\/"]}]},{"@type":"ImageObject","inLanguage":"eu-ES","@id":"https:\/\/soinugao.com\/producto\/akg-s112\/#primaryimage","url":"https:\/\/soinugao.com\/wp-content\/uploads\/2023\/10\/AKG-D112-MKII-570x570-1.jpg","contentUrl":"https:\/\/soinugao.com\/wp-content\/uploads\/2023\/10\/AKG-D112-MKII-570x570-1.jpg","width":570,"height":570,"caption":"D112"},{"@type":"BreadcrumbList","@id":"https:\/\/soinugao.com\/producto\/akg-s112\/#breadcrumb","itemListElement":[{"@type":"ListItem","position":1,"name":"Portada","item":"https:\/\/soinugao.com\/"},{"@type":"ListItem","position":2,"name":"Tienda","item":"https:\/\/soinugao.com\/tienda\/"},{"@type":"ListItem","position":3,"name":"AKG S112"}]},{"@type":"WebSite","@id":"https:\/\/soinugao.com\/#website","url":"https:\/\/soinugao.com\/","name":"Soinugao","description":"","potentialAction":[{"@type":"SearchAction","target":{"@type":"EntryPoint","urlTemplate":"https:\/\/soinugao.com\/?s={search_term_string}"},"query-input":{"@type":"PropertyValueSpecification","valueRequired":true,"valueName":"search_term_string"}}],"inLanguage":"eu-ES"}]}},"_links":{"self":[{"href":"https:\/\/soinugao.com\/eu\/wp-json\/wp\/v2\/product\/5519","targetHints":{"allow":["GET"]}}],"collection":[{"href":"https:\/\/soinugao.com\/eu\/wp-json\/wp\/v2\/product"}],"about":[{"href":"https:\/\/soinugao.com\/eu\/wp-json\/wp\/v2\/types\/product"}],"replies":[{"embeddable":true,"href":"https:\/\/soinugao.com\/eu\/wp-json\/wp\/v2\/comments?post=5519"}],"wp:featuredmedia":[{"embeddable":true,"href":"https:\/\/soinugao.com\/eu\/wp-json\/wp\/v2\/media\/5522"}],"wp:attachment":[{"href":"https:\/\/soinugao.com\/eu\/wp-json\/wp\/v2\/media?parent=5519"}],"wp:term":[{"taxonomy":"product_brand","embeddable":true,"href":"https:\/\/soinugao.com\/eu\/wp-json\/wp\/v2\/product_brand?post=5519"},{"taxonomy":"product_cat","embeddable":true,"href":"https:\/\/soinugao.com\/eu\/wp-json\/wp\/v2\/product_cat?post=5519"},{"taxonomy":"product_tag","embeddable":true,"href":"https:\/\/soinugao.com\/eu\/wp-json\/wp\/v2\/product_tag?post=5519"}],"curies":[{"name":"wp","href":"https:\/\/api.w.org\/{rel}","templated":true}]}}