{"id":5520,"date":"2023-10-16T07:42:52","date_gmt":"2023-10-16T07:42:52","guid":{"rendered":"https:\/\/soinugao.com\/?post_type=product&#038;p=5520"},"modified":"2023-10-16T09:36:47","modified_gmt":"2023-10-16T09:36:47","slug":"akg-c3000","status":"publish","type":"product","link":"https:\/\/soinugao.com\/eu\/producto\/akg-c3000\/","title":{"rendered":"AKG C3000"},"content":{"rendered":"<p>El modelo anterior, el C 3000, se ha ganado una amplia base de seguidores en el mundo de los estudios de proyectos y grabaciones caseras durante muchos a\u00f1os. Para el nuevo C 3000 B, AKG ha realizado un dise\u00f1o innovador, incorporando un transductor especial de gran diafragma de 1 pulgada que se acerca al rendimiento vibratorio de los micr\u00f3fonos de estudio de alta gama, pero a un costo mucho m\u00e1s accesible.<\/p>\n<p>El gran diafragma del transductor del C 3000 B, gracias a su superficie y afinaci\u00f3n especial de la c\u00e1psula, produce un sonido excepcionalmente agradable y suave. En comparaci\u00f3n con su predecesor, el C 3000, el C 3000 B presenta una preatenuaci\u00f3n conmutable de 10 dB que se sit\u00faa inmediatamente despu\u00e9s del transductor en la trayectoria de se\u00f1al, permitiendo un aumento real de 10 dB en la capacidad de manejo de niveles de presi\u00f3n sonora (SPL). Esto hace que la captaci\u00f3n de fuentes de sonido potentes no sea ning\u00fan problema.<\/p>\n<p>Con un patr\u00f3n polar cardioide ac\u00fasticamente optimizado, el C 3000 B se convierte en una excelente elecci\u00f3n tanto para la grabaci\u00f3n en estudio como para aplicaciones de sonido en directo, donde la alta ganancia antes de la retroalimentaci\u00f3n es de suma importancia. Este micr\u00f3fono ofrece un equilibrio perfecto entre rendimiento excepcional y asequibilidad para satisfacer las demandas de los profesionales y aficionados por igual.<\/p>\n<ul>\n<li>Patr\u00f3n polar cardioide.<\/li>\n<li>Atenuador Pad de -10dB.<\/li>\n<li>Respuesta en frecuencia: 20Hz &#8211; 20kHz.<\/li>\n<li>SPL m\u00e1ximo: 140\/150dB (k=0,5%).<\/li>\n<li>Impedancia: 200 Ohmios.<\/li>\n<li>Requiere alimentaci\u00f3n phantom.<\/li>\n<li>Incluye suspensi\u00f3n.<\/li>\n<li>Di\u00e1metro: 53 mm.<\/li>\n<li>Longitud: 162 mm.<\/li>\n<li>Peso neto: 320g.<\/li>\n<\/ul>\n","protected":false},"excerpt":{"rendered":"<p>El modelo anterior, el C 3000, se ha ganado una amplia base de seguidores en el mundo de los estudios de proyectos y grabaciones caseras durante muchos a\u00f1os. Para el nuevo C 3000 B, AKG ha realizado un dise\u00f1o innovador, incorporando un transductor especial de gran diafragma de 1 pulgada que se acerca al rendimiento&#8230;<\/p>\n<p><a rel=\"bookmark\" class=\"loud_button_alt wvc-button wvc-button-size-xs\" href=\"https:\/\/soinugao.com\/eu\/producto\/akg-c3000\/\"><span>Continue reading<\/span><\/a><\/p>\n","protected":false},"featured_media":5523,"comment_status":"open","ping_status":"closed","template":"","meta":[],"product_brand":[],"product_cat":[257,91],"product_tag":[],"class_list":{"0":"post-5520","1":"product","2":"type-product","3":"status-publish","4":"has-post-thumbnail","6":"product_cat-microfonica","7":"product_cat-sonido","8":"entry","9":"clearfix","10":"entry-grid","11":"entry-columns-default","12":"entry-product-module-layout-sidebar-right","13":"thumbnail-color-tone-light","14":"metro-portrait","15":"entry-product","16":"entry-grid_modern_alt","17":"entry-product-grid_modern_alt","19":"first","20":"instock","21":"taxable","22":"shipping-taxable","23":"product-type-simple"},"yoast_head":"<!-- This site is optimized with the Yoast SEO plugin v26.0 - https:\/\/yoast.com\/wordpress\/plugins\/seo\/ -->\n<title>AKG C3000 - Soinugao<\/title>\n<meta name=\"robots\" content=\"index, follow, max-snippet:-1, max-image-preview:large, max-video-preview:-1\" \/>\n<link rel=\"canonical\" href=\"https:\/\/soinugao.com\/producto\/akg-c3000\/\" \/>\n<meta property=\"og:locale\" content=\"eu_ES\" \/>\n<meta property=\"og:type\" content=\"article\" \/>\n<meta property=\"og:title\" content=\"AKG C3000 - Soinugao\" \/>\n<meta property=\"og:description\" content=\"El modelo anterior, el C 3000, se ha ganado una amplia base de seguidores en el mundo de los estudios de proyectos y grabaciones caseras durante muchos a\u00f1os. Para el nuevo C 3000 B, AKG ha realizado un dise\u00f1o innovador, incorporando un transductor especial de gran diafragma de 1 pulgada que se acerca al rendimiento...Continue reading\" \/>\n<meta property=\"og:url\" content=\"https:\/\/soinugao.com\/producto\/akg-c3000\/\" \/>\n<meta property=\"og:site_name\" content=\"Soinugao\" \/>\n<meta property=\"article:modified_time\" content=\"2023-10-16T09:36:47+00:00\" \/>\n<meta property=\"og:image\" content=\"https:\/\/soinugao.com\/wp-content\/uploads\/2023\/10\/akg-c-3000-mk4.jpg\" \/>\n\t<meta property=\"og:image:width\" content=\"1100\" \/>\n\t<meta property=\"og:image:height\" content=\"1422\" \/>\n\t<meta property=\"og:image:type\" content=\"image\/jpeg\" \/>\n<meta name=\"twitter:card\" content=\"summary_large_image\" \/>\n<meta name=\"twitter:label1\" content=\"Est. reading time\" \/>\n\t<meta name=\"twitter:data1\" content=\"2 minutes\" \/>\n<script type=\"application\/ld+json\" class=\"yoast-schema-graph\">{\"@context\":\"https:\/\/schema.org\",\"@graph\":[{\"@type\":\"WebPage\",\"@id\":\"https:\/\/soinugao.com\/producto\/akg-c3000\/\",\"url\":\"https:\/\/soinugao.com\/producto\/akg-c3000\/\",\"name\":\"AKG C3000 - Soinugao\",\"isPartOf\":{\"@id\":\"https:\/\/soinugao.com\/#website\"},\"primaryImageOfPage\":{\"@id\":\"https:\/\/soinugao.com\/producto\/akg-c3000\/#primaryimage\"},\"image\":{\"@id\":\"https:\/\/soinugao.com\/producto\/akg-c3000\/#primaryimage\"},\"thumbnailUrl\":\"https:\/\/soinugao.com\/wp-content\/uploads\/2023\/10\/akg-c-3000-mk4.jpg\",\"datePublished\":\"2023-10-16T07:42:52+00:00\",\"dateModified\":\"2023-10-16T09:36:47+00:00\",\"breadcrumb\":{\"@id\":\"https:\/\/soinugao.com\/producto\/akg-c3000\/#breadcrumb\"},\"inLanguage\":\"eu-ES\",\"potentialAction\":[{\"@type\":\"ReadAction\",\"target\":[\"https:\/\/soinugao.com\/producto\/akg-c3000\/\"]}]},{\"@type\":\"ImageObject\",\"inLanguage\":\"eu-ES\",\"@id\":\"https:\/\/soinugao.com\/producto\/akg-c3000\/#primaryimage\",\"url\":\"https:\/\/soinugao.com\/wp-content\/uploads\/2023\/10\/akg-c-3000-mk4.jpg\",\"contentUrl\":\"https:\/\/soinugao.com\/wp-content\/uploads\/2023\/10\/akg-c-3000-mk4.jpg\",\"width\":1100,\"height\":1422,\"caption\":\"c3000\"},{\"@type\":\"BreadcrumbList\",\"@id\":\"https:\/\/soinugao.com\/producto\/akg-c3000\/#breadcrumb\",\"itemListElement\":[{\"@type\":\"ListItem\",\"position\":1,\"name\":\"Portada\",\"item\":\"https:\/\/soinugao.com\/\"},{\"@type\":\"ListItem\",\"position\":2,\"name\":\"Tienda\",\"item\":\"https:\/\/soinugao.com\/tienda\/\"},{\"@type\":\"ListItem\",\"position\":3,\"name\":\"AKG C3000\"}]},{\"@type\":\"WebSite\",\"@id\":\"https:\/\/soinugao.com\/#website\",\"url\":\"https:\/\/soinugao.com\/\",\"name\":\"Soinugao\",\"description\":\"\",\"potentialAction\":[{\"@type\":\"SearchAction\",\"target\":{\"@type\":\"EntryPoint\",\"urlTemplate\":\"https:\/\/soinugao.com\/?s={search_term_string}\"},\"query-input\":{\"@type\":\"PropertyValueSpecification\",\"valueRequired\":true,\"valueName\":\"search_term_string\"}}],\"inLanguage\":\"eu-ES\"}]}<\/script>\n<!-- \/ Yoast SEO plugin. -->","yoast_head_json":{"title":"AKG C3000 - Soinugao","robots":{"index":"index","follow":"follow","max-snippet":"max-snippet:-1","max-image-preview":"max-image-preview:large","max-video-preview":"max-video-preview:-1"},"canonical":"https:\/\/soinugao.com\/producto\/akg-c3000\/","og_locale":"eu_ES","og_type":"article","og_title":"AKG C3000 - Soinugao","og_description":"El modelo anterior, el C 3000, se ha ganado una amplia base de seguidores en el mundo de los estudios de proyectos y grabaciones caseras durante muchos a\u00f1os. Para el nuevo C 3000 B, AKG ha realizado un dise\u00f1o innovador, incorporando un transductor especial de gran diafragma de 1 pulgada que se acerca al rendimiento...Continue reading","og_url":"https:\/\/soinugao.com\/producto\/akg-c3000\/","og_site_name":"Soinugao","article_modified_time":"2023-10-16T09:36:47+00:00","og_image":[{"width":1100,"height":1422,"url":"https:\/\/soinugao.com\/wp-content\/uploads\/2023\/10\/akg-c-3000-mk4.jpg","type":"image\/jpeg"}],"twitter_card":"summary_large_image","twitter_misc":{"Est. reading time":"2 minutes"},"schema":{"@context":"https:\/\/schema.org","@graph":[{"@type":"WebPage","@id":"https:\/\/soinugao.com\/producto\/akg-c3000\/","url":"https:\/\/soinugao.com\/producto\/akg-c3000\/","name":"AKG C3000 - Soinugao","isPartOf":{"@id":"https:\/\/soinugao.com\/#website"},"primaryImageOfPage":{"@id":"https:\/\/soinugao.com\/producto\/akg-c3000\/#primaryimage"},"image":{"@id":"https:\/\/soinugao.com\/producto\/akg-c3000\/#primaryimage"},"thumbnailUrl":"https:\/\/soinugao.com\/wp-content\/uploads\/2023\/10\/akg-c-3000-mk4.jpg","datePublished":"2023-10-16T07:42:52+00:00","dateModified":"2023-10-16T09:36:47+00:00","breadcrumb":{"@id":"https:\/\/soinugao.com\/producto\/akg-c3000\/#breadcrumb"},"inLanguage":"eu-ES","potentialAction":[{"@type":"ReadAction","target":["https:\/\/soinugao.com\/producto\/akg-c3000\/"]}]},{"@type":"ImageObject","inLanguage":"eu-ES","@id":"https:\/\/soinugao.com\/producto\/akg-c3000\/#primaryimage","url":"https:\/\/soinugao.com\/wp-content\/uploads\/2023\/10\/akg-c-3000-mk4.jpg","contentUrl":"https:\/\/soinugao.com\/wp-content\/uploads\/2023\/10\/akg-c-3000-mk4.jpg","width":1100,"height":1422,"caption":"c3000"},{"@type":"BreadcrumbList","@id":"https:\/\/soinugao.com\/producto\/akg-c3000\/#breadcrumb","itemListElement":[{"@type":"ListItem","position":1,"name":"Portada","item":"https:\/\/soinugao.com\/"},{"@type":"ListItem","position":2,"name":"Tienda","item":"https:\/\/soinugao.com\/tienda\/"},{"@type":"ListItem","position":3,"name":"AKG C3000"}]},{"@type":"WebSite","@id":"https:\/\/soinugao.com\/#website","url":"https:\/\/soinugao.com\/","name":"Soinugao","description":"","potentialAction":[{"@type":"SearchAction","target":{"@type":"EntryPoint","urlTemplate":"https:\/\/soinugao.com\/?s={search_term_string}"},"query-input":{"@type":"PropertyValueSpecification","valueRequired":true,"valueName":"search_term_string"}}],"inLanguage":"eu-ES"}]}},"_links":{"self":[{"href":"https:\/\/soinugao.com\/eu\/wp-json\/wp\/v2\/product\/5520","targetHints":{"allow":["GET"]}}],"collection":[{"href":"https:\/\/soinugao.com\/eu\/wp-json\/wp\/v2\/product"}],"about":[{"href":"https:\/\/soinugao.com\/eu\/wp-json\/wp\/v2\/types\/product"}],"replies":[{"embeddable":true,"href":"https:\/\/soinugao.com\/eu\/wp-json\/wp\/v2\/comments?post=5520"}],"wp:featuredmedia":[{"embeddable":true,"href":"https:\/\/soinugao.com\/eu\/wp-json\/wp\/v2\/media\/5523"}],"wp:attachment":[{"href":"https:\/\/soinugao.com\/eu\/wp-json\/wp\/v2\/media?parent=5520"}],"wp:term":[{"taxonomy":"product_brand","embeddable":true,"href":"https:\/\/soinugao.com\/eu\/wp-json\/wp\/v2\/product_brand?post=5520"},{"taxonomy":"product_cat","embeddable":true,"href":"https:\/\/soinugao.com\/eu\/wp-json\/wp\/v2\/product_cat?post=5520"},{"taxonomy":"product_tag","embeddable":true,"href":"https:\/\/soinugao.com\/eu\/wp-json\/wp\/v2\/product_tag?post=5520"}],"curies":[{"name":"wp","href":"https:\/\/api.w.org\/{rel}","templated":true}]}}