{"id":5524,"date":"2023-10-16T07:49:32","date_gmt":"2023-10-16T07:49:32","guid":{"rendered":"https:\/\/soinugao.com\/?post_type=product&#038;p=5524"},"modified":"2023-10-16T09:36:58","modified_gmt":"2023-10-16T09:36:58","slug":"rode-nt5","status":"publish","type":"product","link":"https:\/\/soinugao.com\/eu\/producto\/rode-nt5\/","title":{"rendered":"Rode NT5"},"content":{"rendered":"<p>El Rode NT5MP se destaca como el primer micr\u00f3fono de condensador cardioide de diafragma peque\u00f1o introducido por R\u00d8DE, a menudo reconocido como un &#8220;micr\u00f3fono de l\u00e1piz&#8221;.<\/p>\n<p>Con un enfoque dirigido hacia la grabaci\u00f3n de instrumentos ac\u00fasticos, cabezales de tambor, platillos y actuaciones en vivo, este micr\u00f3fono compacto y externamente polarizado emplea una c\u00e1psula de 1\/2&#8243; y un convertidor de impedancia J-FET activo con b\u00fafer de salida bipolar.<\/p>\n<p>Su patr\u00f3n de captaci\u00f3n cardioide ajustado lo convierte en la elecci\u00f3n \u00f3ptima para ser utilizado como micr\u00f3fono de di\u00e1logo en interiores durante sesiones de filmaci\u00f3n, ya sea en un soporte de micr\u00f3fono o montado en una pluma.<\/p>\n<p>Para ampliar a\u00fan m\u00e1s las posibilidades del NT5, se ofrece una c\u00e1psula omnidireccional intercambiable (NT45-O).<\/p>\n<p>Presentado en un acabado de n\u00edquel satinado duradero, el NT5 est\u00e1 disponible tanto como un micr\u00f3fono individual o en un par ac\u00fasticamente combinado.<\/p>\n<p>El Rode NT5 es un producto dise\u00f1ado y fabricado en Australia, respaldado por la confianza de R\u00d8DE, l\u00edder en la industria, con una garant\u00eda excepcional de 10 a\u00f1os, asegurando fiabilidad y calidad a largo plazo para el usuario.<\/p>\n<ul>\n<li>Par emparejado.<\/li>\n<li>Micr\u00f3fono de condensador de 1\/2&#8221; ba\u00f1ado en oro.<\/li>\n<li>Respuesta de frecuencia: 20 Hz &#8211; 20kHz.<\/li>\n<li>Impedancia de salida: 143dB.<\/li>\n<li>Salida de voltaje m\u00e1ximo: +13.96 dBu.<\/li>\n<li>Cuerpo resistente ba\u00f1ado en n\u00edquel\/plata satinado.<\/li>\n<li>Bajo ruido.<\/li>\n<li>Requiere alimentaci\u00f3n phantom de 48V<\/li>\n<li>Incluye 2 pantallas antivientos WS5, 2 pinzas de micr\u00f3fono RM5 y bolsa con cremallera ZP1<\/li>\n<li>Dimensiones: 118 x 20 x 20 mm.<\/li>\n<li>Peso por micr\u00f3fono: 101g.<\/li>\n<\/ul>\n","protected":false},"excerpt":{"rendered":"<p>El Rode NT5MP se destaca como el primer micr\u00f3fono de condensador cardioide de diafragma peque\u00f1o introducido por R\u00d8DE, a menudo reconocido como un &#8220;micr\u00f3fono de l\u00e1piz&#8221;. Con un enfoque dirigido hacia la grabaci\u00f3n de instrumentos ac\u00fasticos, cabezales de tambor, platillos y actuaciones en vivo, este micr\u00f3fono compacto y externamente polarizado emplea una c\u00e1psula de 1\/2&#8243;&#8230;<\/p>\n<p><a rel=\"bookmark\" class=\"loud_button_alt wvc-button wvc-button-size-xs\" href=\"https:\/\/soinugao.com\/eu\/producto\/rode-nt5\/\"><span>Continue reading<\/span><\/a><\/p>\n","protected":false},"featured_media":5527,"comment_status":"open","ping_status":"closed","template":"","meta":[],"product_brand":[],"product_cat":[257,91],"product_tag":[],"class_list":{"0":"post-5524","1":"product","2":"type-product","3":"status-publish","4":"has-post-thumbnail","6":"product_cat-microfonica","7":"product_cat-sonido","8":"entry","9":"clearfix","10":"entry-grid","11":"entry-columns-default","12":"entry-product-module-layout-sidebar-right","13":"thumbnail-color-tone-light","14":"metro-landscape","15":"entry-product","16":"entry-grid_modern_alt","17":"entry-product-grid_modern_alt","19":"first","20":"instock","21":"taxable","22":"shipping-taxable","23":"product-type-simple"},"yoast_head":"<!-- This site is optimized with the Yoast SEO plugin v26.0 - https:\/\/yoast.com\/wordpress\/plugins\/seo\/ -->\n<title>Rode NT5 - Soinugao<\/title>\n<meta name=\"robots\" content=\"index, follow, max-snippet:-1, max-image-preview:large, max-video-preview:-1\" \/>\n<link rel=\"canonical\" href=\"https:\/\/soinugao.com\/producto\/rode-nt5\/\" \/>\n<meta property=\"og:locale\" content=\"eu_ES\" \/>\n<meta property=\"og:type\" content=\"article\" \/>\n<meta property=\"og:title\" content=\"Rode NT5 - Soinugao\" \/>\n<meta property=\"og:description\" content=\"El Rode NT5MP se destaca como el primer micr\u00f3fono de condensador cardioide de diafragma peque\u00f1o introducido por R\u00d8DE, a menudo reconocido como un &#8220;micr\u00f3fono de l\u00e1piz&#8221;. Con un enfoque dirigido hacia la grabaci\u00f3n de instrumentos ac\u00fasticos, cabezales de tambor, platillos y actuaciones en vivo, este micr\u00f3fono compacto y externamente polarizado emplea una c\u00e1psula de 1\/2&#8243;...Continue reading\" \/>\n<meta property=\"og:url\" content=\"https:\/\/soinugao.com\/producto\/rode-nt5\/\" \/>\n<meta property=\"og:site_name\" content=\"Soinugao\" \/>\n<meta property=\"article:modified_time\" content=\"2023-10-16T09:36:58+00:00\" \/>\n<meta property=\"og:image\" content=\"https:\/\/soinugao.com\/wp-content\/uploads\/2023\/10\/Rode-NT5-MP.jpg\" \/>\n\t<meta property=\"og:image:width\" content=\"1000\" \/>\n\t<meta property=\"og:image:height\" content=\"500\" \/>\n\t<meta property=\"og:image:type\" content=\"image\/jpeg\" \/>\n<meta name=\"twitter:card\" content=\"summary_large_image\" \/>\n<meta name=\"twitter:label1\" content=\"Est. reading time\" \/>\n\t<meta name=\"twitter:data1\" content=\"2 minutes\" \/>\n<script type=\"application\/ld+json\" class=\"yoast-schema-graph\">{\"@context\":\"https:\/\/schema.org\",\"@graph\":[{\"@type\":\"WebPage\",\"@id\":\"https:\/\/soinugao.com\/producto\/rode-nt5\/\",\"url\":\"https:\/\/soinugao.com\/producto\/rode-nt5\/\",\"name\":\"Rode NT5 - Soinugao\",\"isPartOf\":{\"@id\":\"https:\/\/soinugao.com\/#website\"},\"primaryImageOfPage\":{\"@id\":\"https:\/\/soinugao.com\/producto\/rode-nt5\/#primaryimage\"},\"image\":{\"@id\":\"https:\/\/soinugao.com\/producto\/rode-nt5\/#primaryimage\"},\"thumbnailUrl\":\"https:\/\/soinugao.com\/wp-content\/uploads\/2023\/10\/Rode-NT5-MP.jpg\",\"datePublished\":\"2023-10-16T07:49:32+00:00\",\"dateModified\":\"2023-10-16T09:36:58+00:00\",\"breadcrumb\":{\"@id\":\"https:\/\/soinugao.com\/producto\/rode-nt5\/#breadcrumb\"},\"inLanguage\":\"eu-ES\",\"potentialAction\":[{\"@type\":\"ReadAction\",\"target\":[\"https:\/\/soinugao.com\/producto\/rode-nt5\/\"]}]},{\"@type\":\"ImageObject\",\"inLanguage\":\"eu-ES\",\"@id\":\"https:\/\/soinugao.com\/producto\/rode-nt5\/#primaryimage\",\"url\":\"https:\/\/soinugao.com\/wp-content\/uploads\/2023\/10\/Rode-NT5-MP.jpg\",\"contentUrl\":\"https:\/\/soinugao.com\/wp-content\/uploads\/2023\/10\/Rode-NT5-MP.jpg\",\"width\":1000,\"height\":500,\"caption\":\"Rode NT5\"},{\"@type\":\"BreadcrumbList\",\"@id\":\"https:\/\/soinugao.com\/producto\/rode-nt5\/#breadcrumb\",\"itemListElement\":[{\"@type\":\"ListItem\",\"position\":1,\"name\":\"Portada\",\"item\":\"https:\/\/soinugao.com\/\"},{\"@type\":\"ListItem\",\"position\":2,\"name\":\"Tienda\",\"item\":\"https:\/\/soinugao.com\/tienda\/\"},{\"@type\":\"ListItem\",\"position\":3,\"name\":\"Rode NT5\"}]},{\"@type\":\"WebSite\",\"@id\":\"https:\/\/soinugao.com\/#website\",\"url\":\"https:\/\/soinugao.com\/\",\"name\":\"Soinugao\",\"description\":\"\",\"potentialAction\":[{\"@type\":\"SearchAction\",\"target\":{\"@type\":\"EntryPoint\",\"urlTemplate\":\"https:\/\/soinugao.com\/?s={search_term_string}\"},\"query-input\":{\"@type\":\"PropertyValueSpecification\",\"valueRequired\":true,\"valueName\":\"search_term_string\"}}],\"inLanguage\":\"eu-ES\"}]}<\/script>\n<!-- \/ Yoast SEO plugin. -->","yoast_head_json":{"title":"Rode NT5 - Soinugao","robots":{"index":"index","follow":"follow","max-snippet":"max-snippet:-1","max-image-preview":"max-image-preview:large","max-video-preview":"max-video-preview:-1"},"canonical":"https:\/\/soinugao.com\/producto\/rode-nt5\/","og_locale":"eu_ES","og_type":"article","og_title":"Rode NT5 - Soinugao","og_description":"El Rode NT5MP se destaca como el primer micr\u00f3fono de condensador cardioide de diafragma peque\u00f1o introducido por R\u00d8DE, a menudo reconocido como un &#8220;micr\u00f3fono de l\u00e1piz&#8221;. Con un enfoque dirigido hacia la grabaci\u00f3n de instrumentos ac\u00fasticos, cabezales de tambor, platillos y actuaciones en vivo, este micr\u00f3fono compacto y externamente polarizado emplea una c\u00e1psula de 1\/2&#8243;...Continue reading","og_url":"https:\/\/soinugao.com\/producto\/rode-nt5\/","og_site_name":"Soinugao","article_modified_time":"2023-10-16T09:36:58+00:00","og_image":[{"width":1000,"height":500,"url":"https:\/\/soinugao.com\/wp-content\/uploads\/2023\/10\/Rode-NT5-MP.jpg","type":"image\/jpeg"}],"twitter_card":"summary_large_image","twitter_misc":{"Est. reading time":"2 minutes"},"schema":{"@context":"https:\/\/schema.org","@graph":[{"@type":"WebPage","@id":"https:\/\/soinugao.com\/producto\/rode-nt5\/","url":"https:\/\/soinugao.com\/producto\/rode-nt5\/","name":"Rode NT5 - Soinugao","isPartOf":{"@id":"https:\/\/soinugao.com\/#website"},"primaryImageOfPage":{"@id":"https:\/\/soinugao.com\/producto\/rode-nt5\/#primaryimage"},"image":{"@id":"https:\/\/soinugao.com\/producto\/rode-nt5\/#primaryimage"},"thumbnailUrl":"https:\/\/soinugao.com\/wp-content\/uploads\/2023\/10\/Rode-NT5-MP.jpg","datePublished":"2023-10-16T07:49:32+00:00","dateModified":"2023-10-16T09:36:58+00:00","breadcrumb":{"@id":"https:\/\/soinugao.com\/producto\/rode-nt5\/#breadcrumb"},"inLanguage":"eu-ES","potentialAction":[{"@type":"ReadAction","target":["https:\/\/soinugao.com\/producto\/rode-nt5\/"]}]},{"@type":"ImageObject","inLanguage":"eu-ES","@id":"https:\/\/soinugao.com\/producto\/rode-nt5\/#primaryimage","url":"https:\/\/soinugao.com\/wp-content\/uploads\/2023\/10\/Rode-NT5-MP.jpg","contentUrl":"https:\/\/soinugao.com\/wp-content\/uploads\/2023\/10\/Rode-NT5-MP.jpg","width":1000,"height":500,"caption":"Rode NT5"},{"@type":"BreadcrumbList","@id":"https:\/\/soinugao.com\/producto\/rode-nt5\/#breadcrumb","itemListElement":[{"@type":"ListItem","position":1,"name":"Portada","item":"https:\/\/soinugao.com\/"},{"@type":"ListItem","position":2,"name":"Tienda","item":"https:\/\/soinugao.com\/tienda\/"},{"@type":"ListItem","position":3,"name":"Rode NT5"}]},{"@type":"WebSite","@id":"https:\/\/soinugao.com\/#website","url":"https:\/\/soinugao.com\/","name":"Soinugao","description":"","potentialAction":[{"@type":"SearchAction","target":{"@type":"EntryPoint","urlTemplate":"https:\/\/soinugao.com\/?s={search_term_string}"},"query-input":{"@type":"PropertyValueSpecification","valueRequired":true,"valueName":"search_term_string"}}],"inLanguage":"eu-ES"}]}},"_links":{"self":[{"href":"https:\/\/soinugao.com\/eu\/wp-json\/wp\/v2\/product\/5524","targetHints":{"allow":["GET"]}}],"collection":[{"href":"https:\/\/soinugao.com\/eu\/wp-json\/wp\/v2\/product"}],"about":[{"href":"https:\/\/soinugao.com\/eu\/wp-json\/wp\/v2\/types\/product"}],"replies":[{"embeddable":true,"href":"https:\/\/soinugao.com\/eu\/wp-json\/wp\/v2\/comments?post=5524"}],"wp:featuredmedia":[{"embeddable":true,"href":"https:\/\/soinugao.com\/eu\/wp-json\/wp\/v2\/media\/5527"}],"wp:attachment":[{"href":"https:\/\/soinugao.com\/eu\/wp-json\/wp\/v2\/media?parent=5524"}],"wp:term":[{"taxonomy":"product_brand","embeddable":true,"href":"https:\/\/soinugao.com\/eu\/wp-json\/wp\/v2\/product_brand?post=5524"},{"taxonomy":"product_cat","embeddable":true,"href":"https:\/\/soinugao.com\/eu\/wp-json\/wp\/v2\/product_cat?post=5524"},{"taxonomy":"product_tag","embeddable":true,"href":"https:\/\/soinugao.com\/eu\/wp-json\/wp\/v2\/product_tag?post=5524"}],"curies":[{"name":"wp","href":"https:\/\/api.w.org\/{rel}","templated":true}]}}