{"id":5525,"date":"2023-10-16T08:00:52","date_gmt":"2023-10-16T08:00:52","guid":{"rendered":"https:\/\/soinugao.com\/?post_type=product&#038;p=5525"},"modified":"2023-10-16T09:37:07","modified_gmt":"2023-10-16T09:37:07","slug":"atm-350-pro","status":"publish","type":"product","link":"https:\/\/soinugao.com\/eu\/producto\/atm-350-pro\/","title":{"rendered":"ATM 350 pro"},"content":{"rendered":"<p>Incluyendo la vers\u00e1til pinza UniMount\u00ae y un innovador soporte para viol\u00edn de Audio-Technica, el ATM350 se posiciona como un micr\u00f3fono de condensador cardioide de perfil bajo excepcional. Este micr\u00f3fono ha sido especialmente dise\u00f1ado para sujetarse de forma \u00f3ptima a una variedad de instrumentos, incluyendo vientos metal, vientos madera, piano, cajas, timbales, violines y percusiones.<\/p>\n<p>Con un dise\u00f1o compacto y discreto, el ATM350 se adapta perfectamente a espacios reducidos y garantiza una sujeci\u00f3n c\u00f3moda y segura en el instrumento. Este micr\u00f3fono ofrece una respuesta de sonido clara, brillante y bien equilibrada, incluso en situaciones de altos niveles de presi\u00f3n sonora, brindando as\u00ed una reproducci\u00f3n fiel y aut\u00e9ntica del sonido del instrumento.<\/p>\n","protected":false},"excerpt":{"rendered":"<p>Incluyendo la vers\u00e1til pinza UniMount\u00ae y un innovador soporte para viol\u00edn de Audio-Technica, el ATM350 se posiciona como un micr\u00f3fono de condensador cardioide de perfil bajo excepcional. Este micr\u00f3fono ha sido especialmente dise\u00f1ado para sujetarse de forma \u00f3ptima a una variedad de instrumentos, incluyendo vientos metal, vientos madera, piano, cajas, timbales, violines y percusiones. Con&#8230;<\/p>\n<p><a rel=\"bookmark\" class=\"loud_button_alt wvc-button wvc-button-size-xs\" href=\"https:\/\/soinugao.com\/eu\/producto\/atm-350-pro\/\"><span>Continue reading<\/span><\/a><\/p>\n","protected":false},"featured_media":5528,"comment_status":"open","ping_status":"closed","template":"","meta":[],"product_brand":[],"product_cat":[258,91],"product_tag":[],"class_list":{"0":"post-5525","1":"product","2":"type-product","3":"status-publish","4":"has-post-thumbnail","6":"product_cat-audio-tecnica","7":"product_cat-sonido","8":"entry","9":"clearfix","10":"entry-grid","11":"entry-columns-default","12":"entry-product-module-layout-sidebar-right","13":"thumbnail-color-tone-dark","14":"entry-product","15":"entry-grid_modern_alt","16":"entry-product-grid_modern_alt","18":"first","19":"instock","20":"taxable","21":"shipping-taxable","22":"product-type-simple"},"yoast_head":"<!-- This site is optimized with the Yoast SEO plugin v26.0 - https:\/\/yoast.com\/wordpress\/plugins\/seo\/ -->\n<title>ATM 350 pro - Soinugao<\/title>\n<meta name=\"robots\" content=\"index, follow, max-snippet:-1, max-image-preview:large, max-video-preview:-1\" \/>\n<link rel=\"canonical\" href=\"https:\/\/soinugao.com\/producto\/atm-350-pro\/\" \/>\n<meta property=\"og:locale\" content=\"eu_ES\" \/>\n<meta property=\"og:type\" content=\"article\" \/>\n<meta property=\"og:title\" content=\"ATM 350 pro - Soinugao\" \/>\n<meta property=\"og:description\" content=\"Incluyendo la vers\u00e1til pinza UniMount\u00ae y un innovador soporte para viol\u00edn de Audio-Technica, el ATM350 se posiciona como un micr\u00f3fono de condensador cardioide de perfil bajo excepcional. Este micr\u00f3fono ha sido especialmente dise\u00f1ado para sujetarse de forma \u00f3ptima a una variedad de instrumentos, incluyendo vientos metal, vientos madera, piano, cajas, timbales, violines y percusiones. Con...Continue reading\" \/>\n<meta property=\"og:url\" content=\"https:\/\/soinugao.com\/producto\/atm-350-pro\/\" \/>\n<meta property=\"og:site_name\" content=\"Soinugao\" \/>\n<meta property=\"article:modified_time\" content=\"2023-10-16T09:37:07+00:00\" \/>\n<meta property=\"og:image\" content=\"https:\/\/soinugao.com\/wp-content\/uploads\/2023\/10\/atm350_01.png\" \/>\n\t<meta property=\"og:image:width\" content=\"700\" \/>\n\t<meta property=\"og:image:height\" content=\"700\" \/>\n\t<meta property=\"og:image:type\" content=\"image\/png\" \/>\n<meta name=\"twitter:card\" content=\"summary_large_image\" \/>\n<meta name=\"twitter:label1\" content=\"Est. reading time\" \/>\n\t<meta name=\"twitter:data1\" content=\"1 minute\" \/>\n<script type=\"application\/ld+json\" class=\"yoast-schema-graph\">{\"@context\":\"https:\/\/schema.org\",\"@graph\":[{\"@type\":\"WebPage\",\"@id\":\"https:\/\/soinugao.com\/producto\/atm-350-pro\/\",\"url\":\"https:\/\/soinugao.com\/producto\/atm-350-pro\/\",\"name\":\"ATM 350 pro - Soinugao\",\"isPartOf\":{\"@id\":\"https:\/\/soinugao.com\/#website\"},\"primaryImageOfPage\":{\"@id\":\"https:\/\/soinugao.com\/producto\/atm-350-pro\/#primaryimage\"},\"image\":{\"@id\":\"https:\/\/soinugao.com\/producto\/atm-350-pro\/#primaryimage\"},\"thumbnailUrl\":\"https:\/\/soinugao.com\/wp-content\/uploads\/2023\/10\/atm350_01.png\",\"datePublished\":\"2023-10-16T08:00:52+00:00\",\"dateModified\":\"2023-10-16T09:37:07+00:00\",\"breadcrumb\":{\"@id\":\"https:\/\/soinugao.com\/producto\/atm-350-pro\/#breadcrumb\"},\"inLanguage\":\"eu-ES\",\"potentialAction\":[{\"@type\":\"ReadAction\",\"target\":[\"https:\/\/soinugao.com\/producto\/atm-350-pro\/\"]}]},{\"@type\":\"ImageObject\",\"inLanguage\":\"eu-ES\",\"@id\":\"https:\/\/soinugao.com\/producto\/atm-350-pro\/#primaryimage\",\"url\":\"https:\/\/soinugao.com\/wp-content\/uploads\/2023\/10\/atm350_01.png\",\"contentUrl\":\"https:\/\/soinugao.com\/wp-content\/uploads\/2023\/10\/atm350_01.png\",\"width\":700,\"height\":700,\"caption\":\"atm 350\"},{\"@type\":\"BreadcrumbList\",\"@id\":\"https:\/\/soinugao.com\/producto\/atm-350-pro\/#breadcrumb\",\"itemListElement\":[{\"@type\":\"ListItem\",\"position\":1,\"name\":\"Portada\",\"item\":\"https:\/\/soinugao.com\/\"},{\"@type\":\"ListItem\",\"position\":2,\"name\":\"Tienda\",\"item\":\"https:\/\/soinugao.com\/tienda\/\"},{\"@type\":\"ListItem\",\"position\":3,\"name\":\"ATM 350 pro\"}]},{\"@type\":\"WebSite\",\"@id\":\"https:\/\/soinugao.com\/#website\",\"url\":\"https:\/\/soinugao.com\/\",\"name\":\"Soinugao\",\"description\":\"\",\"potentialAction\":[{\"@type\":\"SearchAction\",\"target\":{\"@type\":\"EntryPoint\",\"urlTemplate\":\"https:\/\/soinugao.com\/?s={search_term_string}\"},\"query-input\":{\"@type\":\"PropertyValueSpecification\",\"valueRequired\":true,\"valueName\":\"search_term_string\"}}],\"inLanguage\":\"eu-ES\"}]}<\/script>\n<!-- \/ Yoast SEO plugin. -->","yoast_head_json":{"title":"ATM 350 pro - Soinugao","robots":{"index":"index","follow":"follow","max-snippet":"max-snippet:-1","max-image-preview":"max-image-preview:large","max-video-preview":"max-video-preview:-1"},"canonical":"https:\/\/soinugao.com\/producto\/atm-350-pro\/","og_locale":"eu_ES","og_type":"article","og_title":"ATM 350 pro - Soinugao","og_description":"Incluyendo la vers\u00e1til pinza UniMount\u00ae y un innovador soporte para viol\u00edn de Audio-Technica, el ATM350 se posiciona como un micr\u00f3fono de condensador cardioide de perfil bajo excepcional. Este micr\u00f3fono ha sido especialmente dise\u00f1ado para sujetarse de forma \u00f3ptima a una variedad de instrumentos, incluyendo vientos metal, vientos madera, piano, cajas, timbales, violines y percusiones. Con...Continue reading","og_url":"https:\/\/soinugao.com\/producto\/atm-350-pro\/","og_site_name":"Soinugao","article_modified_time":"2023-10-16T09:37:07+00:00","og_image":[{"width":700,"height":700,"url":"https:\/\/soinugao.com\/wp-content\/uploads\/2023\/10\/atm350_01.png","type":"image\/png"}],"twitter_card":"summary_large_image","twitter_misc":{"Est. reading time":"1 minute"},"schema":{"@context":"https:\/\/schema.org","@graph":[{"@type":"WebPage","@id":"https:\/\/soinugao.com\/producto\/atm-350-pro\/","url":"https:\/\/soinugao.com\/producto\/atm-350-pro\/","name":"ATM 350 pro - Soinugao","isPartOf":{"@id":"https:\/\/soinugao.com\/#website"},"primaryImageOfPage":{"@id":"https:\/\/soinugao.com\/producto\/atm-350-pro\/#primaryimage"},"image":{"@id":"https:\/\/soinugao.com\/producto\/atm-350-pro\/#primaryimage"},"thumbnailUrl":"https:\/\/soinugao.com\/wp-content\/uploads\/2023\/10\/atm350_01.png","datePublished":"2023-10-16T08:00:52+00:00","dateModified":"2023-10-16T09:37:07+00:00","breadcrumb":{"@id":"https:\/\/soinugao.com\/producto\/atm-350-pro\/#breadcrumb"},"inLanguage":"eu-ES","potentialAction":[{"@type":"ReadAction","target":["https:\/\/soinugao.com\/producto\/atm-350-pro\/"]}]},{"@type":"ImageObject","inLanguage":"eu-ES","@id":"https:\/\/soinugao.com\/producto\/atm-350-pro\/#primaryimage","url":"https:\/\/soinugao.com\/wp-content\/uploads\/2023\/10\/atm350_01.png","contentUrl":"https:\/\/soinugao.com\/wp-content\/uploads\/2023\/10\/atm350_01.png","width":700,"height":700,"caption":"atm 350"},{"@type":"BreadcrumbList","@id":"https:\/\/soinugao.com\/producto\/atm-350-pro\/#breadcrumb","itemListElement":[{"@type":"ListItem","position":1,"name":"Portada","item":"https:\/\/soinugao.com\/"},{"@type":"ListItem","position":2,"name":"Tienda","item":"https:\/\/soinugao.com\/tienda\/"},{"@type":"ListItem","position":3,"name":"ATM 350 pro"}]},{"@type":"WebSite","@id":"https:\/\/soinugao.com\/#website","url":"https:\/\/soinugao.com\/","name":"Soinugao","description":"","potentialAction":[{"@type":"SearchAction","target":{"@type":"EntryPoint","urlTemplate":"https:\/\/soinugao.com\/?s={search_term_string}"},"query-input":{"@type":"PropertyValueSpecification","valueRequired":true,"valueName":"search_term_string"}}],"inLanguage":"eu-ES"}]}},"_links":{"self":[{"href":"https:\/\/soinugao.com\/eu\/wp-json\/wp\/v2\/product\/5525","targetHints":{"allow":["GET"]}}],"collection":[{"href":"https:\/\/soinugao.com\/eu\/wp-json\/wp\/v2\/product"}],"about":[{"href":"https:\/\/soinugao.com\/eu\/wp-json\/wp\/v2\/types\/product"}],"replies":[{"embeddable":true,"href":"https:\/\/soinugao.com\/eu\/wp-json\/wp\/v2\/comments?post=5525"}],"wp:featuredmedia":[{"embeddable":true,"href":"https:\/\/soinugao.com\/eu\/wp-json\/wp\/v2\/media\/5528"}],"wp:attachment":[{"href":"https:\/\/soinugao.com\/eu\/wp-json\/wp\/v2\/media?parent=5525"}],"wp:term":[{"taxonomy":"product_brand","embeddable":true,"href":"https:\/\/soinugao.com\/eu\/wp-json\/wp\/v2\/product_brand?post=5525"},{"taxonomy":"product_cat","embeddable":true,"href":"https:\/\/soinugao.com\/eu\/wp-json\/wp\/v2\/product_cat?post=5525"},{"taxonomy":"product_tag","embeddable":true,"href":"https:\/\/soinugao.com\/eu\/wp-json\/wp\/v2\/product_tag?post=5525"}],"curies":[{"name":"wp","href":"https:\/\/api.w.org\/{rel}","templated":true}]}}