{"id":5530,"date":"2023-10-16T08:29:22","date_gmt":"2023-10-16T08:29:22","guid":{"rendered":"https:\/\/soinugao.com\/?post_type=product&#038;p=5530"},"modified":"2023-10-16T09:37:33","modified_gmt":"2023-10-16T09:37:33","slug":"fos-iridium-75w-spot","status":"publish","type":"product","link":"https:\/\/soinugao.com\/eu\/producto\/fos-iridium-75w-spot\/","title":{"rendered":"FOS Iridium 75w Spot"},"content":{"rendered":"<p>Presentamos la Cabeza M\u00f3vil Led Spot de 75W, un espectacular dispositivo de iluminaci\u00f3n. Equipada con una rueda de color que incluye 8 colores distintos y una rueda de gobos rotativos con 6 gobos \u00fanicos. Adem\u00e1s, cuenta con un sistema de enfoque electr\u00f3nico ajustable que permite un rango de enfoque de 2.5 metros a 15 metros.<\/p>\n<p>La versatilidad es su punto fuerte, ya que incorpora un prisma rotativo de 3 caras con velocidad y sentido variables para ampliar las opciones creativas. En t\u00e9rminos de conectividad, dispone de un conector de alimentaci\u00f3n Powercon tanto para entrada como para salida, brindando un rendimiento confiable y seguro. Los modos de trabajo DMX ofrecen flexibilidad con 11 o 13 canales para adaptarse a diversas necesidades de iluminaci\u00f3n.<\/p>\n","protected":false},"excerpt":{"rendered":"<p>Presentamos la Cabeza M\u00f3vil Led Spot de 75W, un espectacular dispositivo de iluminaci\u00f3n. Equipada con una rueda de color que incluye 8 colores distintos y una rueda de gobos rotativos con 6 gobos \u00fanicos. Adem\u00e1s, cuenta con un sistema de enfoque electr\u00f3nico ajustable que permite un rango de enfoque de 2.5 metros a 15 metros&#8230;.<\/p>\n<p><a rel=\"bookmark\" class=\"loud_button_alt wvc-button wvc-button-size-xs\" href=\"https:\/\/soinugao.com\/eu\/producto\/fos-iridium-75w-spot\/\"><span>Continue reading<\/span><\/a><\/p>\n","protected":false},"featured_media":5533,"comment_status":"open","ping_status":"closed","template":"","meta":[],"product_brand":[],"product_cat":[261,19],"product_tag":[],"class_list":{"0":"post-5530","1":"product","2":"type-product","3":"status-publish","4":"has-post-thumbnail","6":"product_cat-focos","7":"product_cat-iluminacion","8":"entry","9":"clearfix","10":"entry-grid","11":"entry-columns-default","12":"entry-product-module-layout-sidebar-right","13":"thumbnail-color-tone-light","14":"entry-product","15":"entry-grid_modern_alt","16":"entry-product-grid_modern_alt","18":"first","19":"instock","20":"taxable","21":"shipping-taxable","22":"product-type-simple"},"yoast_head":"<!-- This site is optimized with the Yoast SEO plugin v26.0 - https:\/\/yoast.com\/wordpress\/plugins\/seo\/ -->\n<title>FOS Iridium 75w Spot - Soinugao<\/title>\n<meta name=\"robots\" content=\"index, follow, max-snippet:-1, max-image-preview:large, max-video-preview:-1\" \/>\n<link rel=\"canonical\" href=\"https:\/\/soinugao.com\/producto\/fos-iridium-75w-spot\/\" \/>\n<meta property=\"og:locale\" content=\"eu_ES\" \/>\n<meta property=\"og:type\" content=\"article\" \/>\n<meta property=\"og:title\" content=\"FOS Iridium 75w Spot - Soinugao\" \/>\n<meta property=\"og:description\" content=\"Presentamos la Cabeza M\u00f3vil Led Spot de 75W, un espectacular dispositivo de iluminaci\u00f3n. Equipada con una rueda de color que incluye 8 colores distintos y una rueda de gobos rotativos con 6 gobos \u00fanicos. Adem\u00e1s, cuenta con un sistema de enfoque electr\u00f3nico ajustable que permite un rango de enfoque de 2.5 metros a 15 metros....Continue reading\" \/>\n<meta property=\"og:url\" content=\"https:\/\/soinugao.com\/producto\/fos-iridium-75w-spot\/\" \/>\n<meta property=\"og:site_name\" content=\"Soinugao\" \/>\n<meta property=\"article:modified_time\" content=\"2023-10-16T09:37:33+00:00\" \/>\n<meta property=\"og:image\" content=\"https:\/\/soinugao.com\/wp-content\/uploads\/2023\/10\/fos-iridium-75w-spot.jpg\" \/>\n\t<meta property=\"og:image:width\" content=\"458\" \/>\n\t<meta property=\"og:image:height\" content=\"458\" \/>\n\t<meta property=\"og:image:type\" content=\"image\/jpeg\" \/>\n<meta name=\"twitter:card\" content=\"summary_large_image\" \/>\n<meta name=\"twitter:label1\" content=\"Est. reading time\" \/>\n\t<meta name=\"twitter:data1\" content=\"1 minute\" \/>\n<script type=\"application\/ld+json\" class=\"yoast-schema-graph\">{\"@context\":\"https:\/\/schema.org\",\"@graph\":[{\"@type\":\"WebPage\",\"@id\":\"https:\/\/soinugao.com\/producto\/fos-iridium-75w-spot\/\",\"url\":\"https:\/\/soinugao.com\/producto\/fos-iridium-75w-spot\/\",\"name\":\"FOS Iridium 75w Spot - Soinugao\",\"isPartOf\":{\"@id\":\"https:\/\/soinugao.com\/#website\"},\"primaryImageOfPage\":{\"@id\":\"https:\/\/soinugao.com\/producto\/fos-iridium-75w-spot\/#primaryimage\"},\"image\":{\"@id\":\"https:\/\/soinugao.com\/producto\/fos-iridium-75w-spot\/#primaryimage\"},\"thumbnailUrl\":\"https:\/\/soinugao.com\/wp-content\/uploads\/2023\/10\/fos-iridium-75w-spot.jpg\",\"datePublished\":\"2023-10-16T08:29:22+00:00\",\"dateModified\":\"2023-10-16T09:37:33+00:00\",\"breadcrumb\":{\"@id\":\"https:\/\/soinugao.com\/producto\/fos-iridium-75w-spot\/#breadcrumb\"},\"inLanguage\":\"eu-ES\",\"potentialAction\":[{\"@type\":\"ReadAction\",\"target\":[\"https:\/\/soinugao.com\/producto\/fos-iridium-75w-spot\/\"]}]},{\"@type\":\"ImageObject\",\"inLanguage\":\"eu-ES\",\"@id\":\"https:\/\/soinugao.com\/producto\/fos-iridium-75w-spot\/#primaryimage\",\"url\":\"https:\/\/soinugao.com\/wp-content\/uploads\/2023\/10\/fos-iridium-75w-spot.jpg\",\"contentUrl\":\"https:\/\/soinugao.com\/wp-content\/uploads\/2023\/10\/fos-iridium-75w-spot.jpg\",\"width\":458,\"height\":458,\"caption\":\"FOS Iridium 75w Spot\"},{\"@type\":\"BreadcrumbList\",\"@id\":\"https:\/\/soinugao.com\/producto\/fos-iridium-75w-spot\/#breadcrumb\",\"itemListElement\":[{\"@type\":\"ListItem\",\"position\":1,\"name\":\"Portada\",\"item\":\"https:\/\/soinugao.com\/\"},{\"@type\":\"ListItem\",\"position\":2,\"name\":\"Tienda\",\"item\":\"https:\/\/soinugao.com\/tienda\/\"},{\"@type\":\"ListItem\",\"position\":3,\"name\":\"FOS Iridium 75w Spot\"}]},{\"@type\":\"WebSite\",\"@id\":\"https:\/\/soinugao.com\/#website\",\"url\":\"https:\/\/soinugao.com\/\",\"name\":\"Soinugao\",\"description\":\"\",\"potentialAction\":[{\"@type\":\"SearchAction\",\"target\":{\"@type\":\"EntryPoint\",\"urlTemplate\":\"https:\/\/soinugao.com\/?s={search_term_string}\"},\"query-input\":{\"@type\":\"PropertyValueSpecification\",\"valueRequired\":true,\"valueName\":\"search_term_string\"}}],\"inLanguage\":\"eu-ES\"}]}<\/script>\n<!-- \/ Yoast SEO plugin. -->","yoast_head_json":{"title":"FOS Iridium 75w Spot - Soinugao","robots":{"index":"index","follow":"follow","max-snippet":"max-snippet:-1","max-image-preview":"max-image-preview:large","max-video-preview":"max-video-preview:-1"},"canonical":"https:\/\/soinugao.com\/producto\/fos-iridium-75w-spot\/","og_locale":"eu_ES","og_type":"article","og_title":"FOS Iridium 75w Spot - Soinugao","og_description":"Presentamos la Cabeza M\u00f3vil Led Spot de 75W, un espectacular dispositivo de iluminaci\u00f3n. Equipada con una rueda de color que incluye 8 colores distintos y una rueda de gobos rotativos con 6 gobos \u00fanicos. Adem\u00e1s, cuenta con un sistema de enfoque electr\u00f3nico ajustable que permite un rango de enfoque de 2.5 metros a 15 metros....Continue reading","og_url":"https:\/\/soinugao.com\/producto\/fos-iridium-75w-spot\/","og_site_name":"Soinugao","article_modified_time":"2023-10-16T09:37:33+00:00","og_image":[{"width":458,"height":458,"url":"https:\/\/soinugao.com\/wp-content\/uploads\/2023\/10\/fos-iridium-75w-spot.jpg","type":"image\/jpeg"}],"twitter_card":"summary_large_image","twitter_misc":{"Est. reading time":"1 minute"},"schema":{"@context":"https:\/\/schema.org","@graph":[{"@type":"WebPage","@id":"https:\/\/soinugao.com\/producto\/fos-iridium-75w-spot\/","url":"https:\/\/soinugao.com\/producto\/fos-iridium-75w-spot\/","name":"FOS Iridium 75w Spot - Soinugao","isPartOf":{"@id":"https:\/\/soinugao.com\/#website"},"primaryImageOfPage":{"@id":"https:\/\/soinugao.com\/producto\/fos-iridium-75w-spot\/#primaryimage"},"image":{"@id":"https:\/\/soinugao.com\/producto\/fos-iridium-75w-spot\/#primaryimage"},"thumbnailUrl":"https:\/\/soinugao.com\/wp-content\/uploads\/2023\/10\/fos-iridium-75w-spot.jpg","datePublished":"2023-10-16T08:29:22+00:00","dateModified":"2023-10-16T09:37:33+00:00","breadcrumb":{"@id":"https:\/\/soinugao.com\/producto\/fos-iridium-75w-spot\/#breadcrumb"},"inLanguage":"eu-ES","potentialAction":[{"@type":"ReadAction","target":["https:\/\/soinugao.com\/producto\/fos-iridium-75w-spot\/"]}]},{"@type":"ImageObject","inLanguage":"eu-ES","@id":"https:\/\/soinugao.com\/producto\/fos-iridium-75w-spot\/#primaryimage","url":"https:\/\/soinugao.com\/wp-content\/uploads\/2023\/10\/fos-iridium-75w-spot.jpg","contentUrl":"https:\/\/soinugao.com\/wp-content\/uploads\/2023\/10\/fos-iridium-75w-spot.jpg","width":458,"height":458,"caption":"FOS Iridium 75w Spot"},{"@type":"BreadcrumbList","@id":"https:\/\/soinugao.com\/producto\/fos-iridium-75w-spot\/#breadcrumb","itemListElement":[{"@type":"ListItem","position":1,"name":"Portada","item":"https:\/\/soinugao.com\/"},{"@type":"ListItem","position":2,"name":"Tienda","item":"https:\/\/soinugao.com\/tienda\/"},{"@type":"ListItem","position":3,"name":"FOS Iridium 75w Spot"}]},{"@type":"WebSite","@id":"https:\/\/soinugao.com\/#website","url":"https:\/\/soinugao.com\/","name":"Soinugao","description":"","potentialAction":[{"@type":"SearchAction","target":{"@type":"EntryPoint","urlTemplate":"https:\/\/soinugao.com\/?s={search_term_string}"},"query-input":{"@type":"PropertyValueSpecification","valueRequired":true,"valueName":"search_term_string"}}],"inLanguage":"eu-ES"}]}},"_links":{"self":[{"href":"https:\/\/soinugao.com\/eu\/wp-json\/wp\/v2\/product\/5530","targetHints":{"allow":["GET"]}}],"collection":[{"href":"https:\/\/soinugao.com\/eu\/wp-json\/wp\/v2\/product"}],"about":[{"href":"https:\/\/soinugao.com\/eu\/wp-json\/wp\/v2\/types\/product"}],"replies":[{"embeddable":true,"href":"https:\/\/soinugao.com\/eu\/wp-json\/wp\/v2\/comments?post=5530"}],"wp:featuredmedia":[{"embeddable":true,"href":"https:\/\/soinugao.com\/eu\/wp-json\/wp\/v2\/media\/5533"}],"wp:attachment":[{"href":"https:\/\/soinugao.com\/eu\/wp-json\/wp\/v2\/media?parent=5530"}],"wp:term":[{"taxonomy":"product_brand","embeddable":true,"href":"https:\/\/soinugao.com\/eu\/wp-json\/wp\/v2\/product_brand?post=5530"},{"taxonomy":"product_cat","embeddable":true,"href":"https:\/\/soinugao.com\/eu\/wp-json\/wp\/v2\/product_cat?post=5530"},{"taxonomy":"product_tag","embeddable":true,"href":"https:\/\/soinugao.com\/eu\/wp-json\/wp\/v2\/product_tag?post=5530"}],"curies":[{"name":"wp","href":"https:\/\/api.w.org\/{rel}","templated":true}]}}