{"id":5531,"date":"2023-10-16T08:31:41","date_gmt":"2023-10-16T08:31:41","guid":{"rendered":"https:\/\/soinugao.com\/?post_type=product&#038;p=5531"},"modified":"2023-10-16T09:37:50","modified_gmt":"2023-10-16T09:37:50","slug":"fos-iridium-6x15w-wash","status":"publish","type":"product","link":"https:\/\/soinugao.com\/eu\/producto\/fos-iridium-6x15w-wash\/","title":{"rendered":"FOS Iridium 6x15w Wash"},"content":{"rendered":"<p>Descubre la Cabeza M\u00f3vil LED Wash, una impresionante herramienta de iluminaci\u00f3n. Equipada con 6 LED de 15W cada uno, con tecnolog\u00eda 4 en 1 RGBW, garantiza una gama completa de colores vibrantes. Su zoom electr\u00f3nico lineal ajustable, que va desde 6\u00ba hasta 60\u00ba, proporciona una versatilidad excepcional para adaptarse a diferentes escenarios.<\/p>\n<p>La flexibilidad es clave, con opciones de control de 13 o 15 canales DMX para una personalizaci\u00f3n precisa de la iluminaci\u00f3n. Adem\u00e1s, su conectividad es fiable con conectores Powercon In\/Out, asegurando un flujo constante de energ\u00eda para un rendimiento \u00f3ptimo.<\/p>\n","protected":false},"excerpt":{"rendered":"<p>Descubre la Cabeza M\u00f3vil LED Wash, una impresionante herramienta de iluminaci\u00f3n. Equipada con 6 LED de 15W cada uno, con tecnolog\u00eda 4 en 1 RGBW, garantiza una gama completa de colores vibrantes. Su zoom electr\u00f3nico lineal ajustable, que va desde 6\u00ba hasta 60\u00ba, proporciona una versatilidad excepcional para adaptarse a diferentes escenarios. La flexibilidad es&#8230;<\/p>\n<p><a rel=\"bookmark\" class=\"loud_button_alt wvc-button wvc-button-size-xs\" href=\"https:\/\/soinugao.com\/eu\/producto\/fos-iridium-6x15w-wash\/\"><span>Continue reading<\/span><\/a><\/p>\n","protected":false},"featured_media":5534,"comment_status":"open","ping_status":"closed","template":"","meta":[],"product_brand":[],"product_cat":[261,19],"product_tag":[],"class_list":{"0":"post-5531","1":"product","2":"type-product","3":"status-publish","4":"has-post-thumbnail","6":"product_cat-focos","7":"product_cat-iluminacion","8":"entry","9":"clearfix","10":"entry-grid","11":"entry-columns-default","12":"entry-product-module-layout-sidebar-right","13":"thumbnail-color-tone-light","14":"entry-product","15":"entry-grid_modern_alt","16":"entry-product-grid_modern_alt","18":"first","19":"instock","20":"taxable","21":"shipping-taxable","22":"product-type-simple"},"yoast_head":"<!-- This site is optimized with the Yoast SEO plugin v26.0 - https:\/\/yoast.com\/wordpress\/plugins\/seo\/ -->\n<title>FOS Iridium 6x15w Wash - Soinugao<\/title>\n<meta name=\"robots\" content=\"index, follow, max-snippet:-1, max-image-preview:large, max-video-preview:-1\" \/>\n<link rel=\"canonical\" href=\"https:\/\/soinugao.com\/producto\/fos-iridium-6x15w-wash\/\" \/>\n<meta property=\"og:locale\" content=\"eu_ES\" \/>\n<meta property=\"og:type\" content=\"article\" \/>\n<meta property=\"og:title\" content=\"FOS Iridium 6x15w Wash - Soinugao\" \/>\n<meta property=\"og:description\" content=\"Descubre la Cabeza M\u00f3vil LED Wash, una impresionante herramienta de iluminaci\u00f3n. Equipada con 6 LED de 15W cada uno, con tecnolog\u00eda 4 en 1 RGBW, garantiza una gama completa de colores vibrantes. Su zoom electr\u00f3nico lineal ajustable, que va desde 6\u00ba hasta 60\u00ba, proporciona una versatilidad excepcional para adaptarse a diferentes escenarios. La flexibilidad es...Continue reading\" \/>\n<meta property=\"og:url\" content=\"https:\/\/soinugao.com\/producto\/fos-iridium-6x15w-wash\/\" \/>\n<meta property=\"og:site_name\" content=\"Soinugao\" \/>\n<meta property=\"article:modified_time\" content=\"2023-10-16T09:37:50+00:00\" \/>\n<meta property=\"og:image\" content=\"https:\/\/soinugao.com\/wp-content\/uploads\/2023\/10\/products_0_image_1875.jpg.thumb_650x433.jpg\" \/>\n\t<meta property=\"og:image:width\" content=\"650\" \/>\n\t<meta property=\"og:image:height\" content=\"433\" \/>\n\t<meta property=\"og:image:type\" content=\"image\/jpeg\" \/>\n<meta name=\"twitter:card\" content=\"summary_large_image\" \/>\n<meta name=\"twitter:label1\" content=\"Est. reading time\" \/>\n\t<meta name=\"twitter:data1\" content=\"1 minute\" \/>\n<script type=\"application\/ld+json\" class=\"yoast-schema-graph\">{\"@context\":\"https:\/\/schema.org\",\"@graph\":[{\"@type\":\"WebPage\",\"@id\":\"https:\/\/soinugao.com\/producto\/fos-iridium-6x15w-wash\/\",\"url\":\"https:\/\/soinugao.com\/producto\/fos-iridium-6x15w-wash\/\",\"name\":\"FOS Iridium 6x15w Wash - Soinugao\",\"isPartOf\":{\"@id\":\"https:\/\/soinugao.com\/#website\"},\"primaryImageOfPage\":{\"@id\":\"https:\/\/soinugao.com\/producto\/fos-iridium-6x15w-wash\/#primaryimage\"},\"image\":{\"@id\":\"https:\/\/soinugao.com\/producto\/fos-iridium-6x15w-wash\/#primaryimage\"},\"thumbnailUrl\":\"https:\/\/soinugao.com\/wp-content\/uploads\/2023\/10\/products_0_image_1875.jpg.thumb_650x433.jpg\",\"datePublished\":\"2023-10-16T08:31:41+00:00\",\"dateModified\":\"2023-10-16T09:37:50+00:00\",\"breadcrumb\":{\"@id\":\"https:\/\/soinugao.com\/producto\/fos-iridium-6x15w-wash\/#breadcrumb\"},\"inLanguage\":\"eu-ES\",\"potentialAction\":[{\"@type\":\"ReadAction\",\"target\":[\"https:\/\/soinugao.com\/producto\/fos-iridium-6x15w-wash\/\"]}]},{\"@type\":\"ImageObject\",\"inLanguage\":\"eu-ES\",\"@id\":\"https:\/\/soinugao.com\/producto\/fos-iridium-6x15w-wash\/#primaryimage\",\"url\":\"https:\/\/soinugao.com\/wp-content\/uploads\/2023\/10\/products_0_image_1875.jpg.thumb_650x433.jpg\",\"contentUrl\":\"https:\/\/soinugao.com\/wp-content\/uploads\/2023\/10\/products_0_image_1875.jpg.thumb_650x433.jpg\",\"width\":650,\"height\":433,\"caption\":\"FOS Iridium 6x15w Wash\"},{\"@type\":\"BreadcrumbList\",\"@id\":\"https:\/\/soinugao.com\/producto\/fos-iridium-6x15w-wash\/#breadcrumb\",\"itemListElement\":[{\"@type\":\"ListItem\",\"position\":1,\"name\":\"Portada\",\"item\":\"https:\/\/soinugao.com\/\"},{\"@type\":\"ListItem\",\"position\":2,\"name\":\"Tienda\",\"item\":\"https:\/\/soinugao.com\/tienda\/\"},{\"@type\":\"ListItem\",\"position\":3,\"name\":\"FOS Iridium 6x15w Wash\"}]},{\"@type\":\"WebSite\",\"@id\":\"https:\/\/soinugao.com\/#website\",\"url\":\"https:\/\/soinugao.com\/\",\"name\":\"Soinugao\",\"description\":\"\",\"potentialAction\":[{\"@type\":\"SearchAction\",\"target\":{\"@type\":\"EntryPoint\",\"urlTemplate\":\"https:\/\/soinugao.com\/?s={search_term_string}\"},\"query-input\":{\"@type\":\"PropertyValueSpecification\",\"valueRequired\":true,\"valueName\":\"search_term_string\"}}],\"inLanguage\":\"eu-ES\"}]}<\/script>\n<!-- \/ Yoast SEO plugin. -->","yoast_head_json":{"title":"FOS Iridium 6x15w Wash - Soinugao","robots":{"index":"index","follow":"follow","max-snippet":"max-snippet:-1","max-image-preview":"max-image-preview:large","max-video-preview":"max-video-preview:-1"},"canonical":"https:\/\/soinugao.com\/producto\/fos-iridium-6x15w-wash\/","og_locale":"eu_ES","og_type":"article","og_title":"FOS Iridium 6x15w Wash - Soinugao","og_description":"Descubre la Cabeza M\u00f3vil LED Wash, una impresionante herramienta de iluminaci\u00f3n. Equipada con 6 LED de 15W cada uno, con tecnolog\u00eda 4 en 1 RGBW, garantiza una gama completa de colores vibrantes. Su zoom electr\u00f3nico lineal ajustable, que va desde 6\u00ba hasta 60\u00ba, proporciona una versatilidad excepcional para adaptarse a diferentes escenarios. La flexibilidad es...Continue reading","og_url":"https:\/\/soinugao.com\/producto\/fos-iridium-6x15w-wash\/","og_site_name":"Soinugao","article_modified_time":"2023-10-16T09:37:50+00:00","og_image":[{"width":650,"height":433,"url":"https:\/\/soinugao.com\/wp-content\/uploads\/2023\/10\/products_0_image_1875.jpg.thumb_650x433.jpg","type":"image\/jpeg"}],"twitter_card":"summary_large_image","twitter_misc":{"Est. reading time":"1 minute"},"schema":{"@context":"https:\/\/schema.org","@graph":[{"@type":"WebPage","@id":"https:\/\/soinugao.com\/producto\/fos-iridium-6x15w-wash\/","url":"https:\/\/soinugao.com\/producto\/fos-iridium-6x15w-wash\/","name":"FOS Iridium 6x15w Wash - Soinugao","isPartOf":{"@id":"https:\/\/soinugao.com\/#website"},"primaryImageOfPage":{"@id":"https:\/\/soinugao.com\/producto\/fos-iridium-6x15w-wash\/#primaryimage"},"image":{"@id":"https:\/\/soinugao.com\/producto\/fos-iridium-6x15w-wash\/#primaryimage"},"thumbnailUrl":"https:\/\/soinugao.com\/wp-content\/uploads\/2023\/10\/products_0_image_1875.jpg.thumb_650x433.jpg","datePublished":"2023-10-16T08:31:41+00:00","dateModified":"2023-10-16T09:37:50+00:00","breadcrumb":{"@id":"https:\/\/soinugao.com\/producto\/fos-iridium-6x15w-wash\/#breadcrumb"},"inLanguage":"eu-ES","potentialAction":[{"@type":"ReadAction","target":["https:\/\/soinugao.com\/producto\/fos-iridium-6x15w-wash\/"]}]},{"@type":"ImageObject","inLanguage":"eu-ES","@id":"https:\/\/soinugao.com\/producto\/fos-iridium-6x15w-wash\/#primaryimage","url":"https:\/\/soinugao.com\/wp-content\/uploads\/2023\/10\/products_0_image_1875.jpg.thumb_650x433.jpg","contentUrl":"https:\/\/soinugao.com\/wp-content\/uploads\/2023\/10\/products_0_image_1875.jpg.thumb_650x433.jpg","width":650,"height":433,"caption":"FOS Iridium 6x15w Wash"},{"@type":"BreadcrumbList","@id":"https:\/\/soinugao.com\/producto\/fos-iridium-6x15w-wash\/#breadcrumb","itemListElement":[{"@type":"ListItem","position":1,"name":"Portada","item":"https:\/\/soinugao.com\/"},{"@type":"ListItem","position":2,"name":"Tienda","item":"https:\/\/soinugao.com\/tienda\/"},{"@type":"ListItem","position":3,"name":"FOS Iridium 6x15w Wash"}]},{"@type":"WebSite","@id":"https:\/\/soinugao.com\/#website","url":"https:\/\/soinugao.com\/","name":"Soinugao","description":"","potentialAction":[{"@type":"SearchAction","target":{"@type":"EntryPoint","urlTemplate":"https:\/\/soinugao.com\/?s={search_term_string}"},"query-input":{"@type":"PropertyValueSpecification","valueRequired":true,"valueName":"search_term_string"}}],"inLanguage":"eu-ES"}]}},"_links":{"self":[{"href":"https:\/\/soinugao.com\/eu\/wp-json\/wp\/v2\/product\/5531","targetHints":{"allow":["GET"]}}],"collection":[{"href":"https:\/\/soinugao.com\/eu\/wp-json\/wp\/v2\/product"}],"about":[{"href":"https:\/\/soinugao.com\/eu\/wp-json\/wp\/v2\/types\/product"}],"replies":[{"embeddable":true,"href":"https:\/\/soinugao.com\/eu\/wp-json\/wp\/v2\/comments?post=5531"}],"wp:featuredmedia":[{"embeddable":true,"href":"https:\/\/soinugao.com\/eu\/wp-json\/wp\/v2\/media\/5534"}],"wp:attachment":[{"href":"https:\/\/soinugao.com\/eu\/wp-json\/wp\/v2\/media?parent=5531"}],"wp:term":[{"taxonomy":"product_brand","embeddable":true,"href":"https:\/\/soinugao.com\/eu\/wp-json\/wp\/v2\/product_brand?post=5531"},{"taxonomy":"product_cat","embeddable":true,"href":"https:\/\/soinugao.com\/eu\/wp-json\/wp\/v2\/product_cat?post=5531"},{"taxonomy":"product_tag","embeddable":true,"href":"https:\/\/soinugao.com\/eu\/wp-json\/wp\/v2\/product_tag?post=5531"}],"curies":[{"name":"wp","href":"https:\/\/api.w.org\/{rel}","templated":true}]}}