{"id":5532,"date":"2023-10-16T08:37:13","date_gmt":"2023-10-16T08:37:13","guid":{"rendered":"https:\/\/soinugao.com\/?post_type=product&#038;p=5532"},"modified":"2023-10-16T09:38:03","modified_gmt":"2023-10-16T09:38:03","slug":"img-stageline-parc100ctw-led-cob","status":"publish","type":"product","link":"https:\/\/soinugao.com\/eu\/producto\/img-stageline-parc100ctw-led-cob\/","title":{"rendered":"IMG STAGELINE PARC100CTW LED COB"},"content":{"rendered":"<p>El reflector LED IMG Stageline PARC-100\/CTW COB es un foco potente que utiliza un LED COB 2 en 1 de alto rendimiento con una potencia de 100W, garantizando una eficiencia luminosa excepcional con un \u00e1ngulo de haz de 60 grados. Con la posibilidad de ajustar la temperatura de color entre 2700K y 5600K, el PARC-100\/CTW asegura una iluminaci\u00f3n brillante y vers\u00e1til, perfectamente adecuada para una amplia gama de aplicaciones en interiores.<\/p>\n<p>La tecnolog\u00eda de refrigeraci\u00f3n sin ventilador permite un funcionamiento silencioso, mientras que la resistente carcasa de aluminio lacado en negro proporciona una protecci\u00f3n \u00f3ptima para los componentes de la unidad. El PARC-100\/CTW es f\u00e1cilmente controlable a trav\u00e9s de 4 canales DMX en modo DMX, as\u00ed como en modo aut\u00f3nomo y en modo maestro\/esclavo. Este proyector de alta potencia incluye un panel de control con pantalla LED para una configuraci\u00f3n intuitiva y viene con un cable de alimentaci\u00f3n para mayor comodidad.<\/p>\n<p>Caracter\u00edsticas<\/p>\n<ul>\n<li>Reflector LED COB dise\u00f1ado para aplicaciones en interiores<\/li>\n<li>El LED COB 2 en 1 de alto rendimiento proporciona una eficiencia luminosa excepcionalmente alta<\/li>\n<li>Potencia de 100W<\/li>\n<li>\u00c1ngulo de haz de 60 grados<\/li>\n<li>Refrigeraci\u00f3n sin ventilador<\/li>\n<li>Temperatura de color ajustable de 2700K a 5600K<\/li>\n<li>Controlable a trav\u00e9s de 4 canales DMX<\/li>\n<li>Modos de funcionamiento DMX, Aut\u00f3nomo y Maestro\/Esclavo<\/li>\n<li>Panel de control con pantalla LED<\/li>\n<li>Robusta carcasa de aluminio lacado negro<\/li>\n<li>Conexi\u00f3n PowerCON<\/li>\n<li>Se puede utilizar como proyector de pie gracias a los 2 soportes de montaje m\u00f3viles<\/li>\n<li>Se suministra con un cable de red<\/li>\n<\/ul>\n<p>Especificaciones<\/p>\n<ul>\n<li>Tipo: Foco de atenci\u00f3n de COB<\/li>\n<li>Fuente de luz: 1x 100W 2-In-1 COB LED<\/li>\n<li>\u00c1ngulo del haz: 60 grados<\/li>\n<li>Opciones de control:\n<ul>\n<li>DMX<\/li>\n<li>Maestro\/Esclavo<\/li>\n<li>Autom\u00e1tico<\/li>\n<\/ul>\n<\/li>\n<li>N\u00famero de canales DMX: 4<\/li>\n<li>Estroboscopio: S\u00ed<\/li>\n<li>Funci\u00f3n de atenuaci\u00f3n: 0 a 100 por ciento<\/li>\n<li>Visualizar: LED<\/li>\n<li>Enfriando: Sin ventilador<\/li>\n<li>Conexiones:\n<ul>\n<li>Entrada y salida DMX<\/li>\n<li>Entrada de corriente y alimentaci\u00f3n de red<\/li>\n<\/ul>\n<\/li>\n<li>Admisi\u00f3n. Temperatura ambiente: 0 a 40 grados C<\/li>\n<li>Voltaje de operaci\u00f3n: 230V<\/li>\n<li>Consumo de energ\u00eda (Operaci\u00f3n): 120VA<\/li>\n<li>Ancho: 320mm<\/li>\n<li>Altura: 250mm<\/li>\n<li>Profundidad: 250mm<\/li>\n<li>Peso: 6.5kg<\/li>\n<\/ul>\n","protected":false},"excerpt":{"rendered":"<p>El reflector LED IMG Stageline PARC-100\/CTW COB es un foco potente que utiliza un LED COB 2 en 1 de alto rendimiento con una potencia de 100W, garantizando una eficiencia luminosa excepcional con un \u00e1ngulo de haz de 60 grados. Con la posibilidad de ajustar la temperatura de color entre 2700K y 5600K, el PARC-100\/CTW&#8230;<\/p>\n<p><a rel=\"bookmark\" class=\"loud_button_alt wvc-button wvc-button-size-xs\" href=\"https:\/\/soinugao.com\/eu\/producto\/img-stageline-parc100ctw-led-cob\/\"><span>Continue reading<\/span><\/a><\/p>\n","protected":false},"featured_media":5537,"comment_status":"open","ping_status":"closed","template":"","meta":[],"product_brand":[],"product_cat":[261,19],"product_tag":[],"class_list":{"0":"post-5532","1":"product","2":"type-product","3":"status-publish","4":"has-post-thumbnail","6":"product_cat-focos","7":"product_cat-iluminacion","8":"entry","9":"clearfix","10":"entry-grid","11":"entry-columns-default","12":"entry-product-module-layout-sidebar-right","13":"thumbnail-color-tone-dark","14":"entry-product","15":"entry-grid_modern_alt","16":"entry-product-grid_modern_alt","18":"first","19":"instock","20":"taxable","21":"shipping-taxable","22":"product-type-simple"},"yoast_head":"<!-- This site is optimized with the Yoast SEO plugin v26.0 - https:\/\/yoast.com\/wordpress\/plugins\/seo\/ -->\n<title>IMG STAGELINE PARC100CTW LED COB - Soinugao<\/title>\n<meta name=\"robots\" content=\"index, follow, max-snippet:-1, max-image-preview:large, max-video-preview:-1\" \/>\n<link rel=\"canonical\" href=\"https:\/\/soinugao.com\/producto\/img-stageline-parc100ctw-led-cob\/\" \/>\n<meta property=\"og:locale\" content=\"eu_ES\" \/>\n<meta property=\"og:type\" content=\"article\" \/>\n<meta property=\"og:title\" content=\"IMG STAGELINE PARC100CTW LED COB - Soinugao\" \/>\n<meta property=\"og:description\" content=\"El reflector LED IMG Stageline PARC-100\/CTW COB es un foco potente que utiliza un LED COB 2 en 1 de alto rendimiento con una potencia de 100W, garantizando una eficiencia luminosa excepcional con un \u00e1ngulo de haz de 60 grados. Con la posibilidad de ajustar la temperatura de color entre 2700K y 5600K, el PARC-100\/CTW...Continue reading\" \/>\n<meta property=\"og:url\" content=\"https:\/\/soinugao.com\/producto\/img-stageline-parc100ctw-led-cob\/\" \/>\n<meta property=\"og:site_name\" content=\"Soinugao\" \/>\n<meta property=\"article:modified_time\" content=\"2023-10-16T09:38:03+00:00\" \/>\n<meta property=\"og:image\" content=\"https:\/\/soinugao.com\/wp-content\/uploads\/2023\/10\/preview-3.jpg\" \/>\n\t<meta property=\"og:image:width\" content=\"600\" \/>\n\t<meta property=\"og:image:height\" content=\"600\" \/>\n\t<meta property=\"og:image:type\" content=\"image\/jpeg\" \/>\n<meta name=\"twitter:card\" content=\"summary_large_image\" \/>\n<meta name=\"twitter:label1\" content=\"Est. reading time\" \/>\n\t<meta name=\"twitter:data1\" content=\"2 minutes\" \/>\n<script type=\"application\/ld+json\" class=\"yoast-schema-graph\">{\"@context\":\"https:\/\/schema.org\",\"@graph\":[{\"@type\":\"WebPage\",\"@id\":\"https:\/\/soinugao.com\/producto\/img-stageline-parc100ctw-led-cob\/\",\"url\":\"https:\/\/soinugao.com\/producto\/img-stageline-parc100ctw-led-cob\/\",\"name\":\"IMG STAGELINE PARC100CTW LED COB - Soinugao\",\"isPartOf\":{\"@id\":\"https:\/\/soinugao.com\/#website\"},\"primaryImageOfPage\":{\"@id\":\"https:\/\/soinugao.com\/producto\/img-stageline-parc100ctw-led-cob\/#primaryimage\"},\"image\":{\"@id\":\"https:\/\/soinugao.com\/producto\/img-stageline-parc100ctw-led-cob\/#primaryimage\"},\"thumbnailUrl\":\"https:\/\/soinugao.com\/wp-content\/uploads\/2023\/10\/preview-3.jpg\",\"datePublished\":\"2023-10-16T08:37:13+00:00\",\"dateModified\":\"2023-10-16T09:38:03+00:00\",\"breadcrumb\":{\"@id\":\"https:\/\/soinugao.com\/producto\/img-stageline-parc100ctw-led-cob\/#breadcrumb\"},\"inLanguage\":\"eu-ES\",\"potentialAction\":[{\"@type\":\"ReadAction\",\"target\":[\"https:\/\/soinugao.com\/producto\/img-stageline-parc100ctw-led-cob\/\"]}]},{\"@type\":\"ImageObject\",\"inLanguage\":\"eu-ES\",\"@id\":\"https:\/\/soinugao.com\/producto\/img-stageline-parc100ctw-led-cob\/#primaryimage\",\"url\":\"https:\/\/soinugao.com\/wp-content\/uploads\/2023\/10\/preview-3.jpg\",\"contentUrl\":\"https:\/\/soinugao.com\/wp-content\/uploads\/2023\/10\/preview-3.jpg\",\"width\":600,\"height\":600,\"caption\":\"IMG STAGELINE PARC100CTW LED COB\"},{\"@type\":\"BreadcrumbList\",\"@id\":\"https:\/\/soinugao.com\/producto\/img-stageline-parc100ctw-led-cob\/#breadcrumb\",\"itemListElement\":[{\"@type\":\"ListItem\",\"position\":1,\"name\":\"Portada\",\"item\":\"https:\/\/soinugao.com\/\"},{\"@type\":\"ListItem\",\"position\":2,\"name\":\"Tienda\",\"item\":\"https:\/\/soinugao.com\/tienda\/\"},{\"@type\":\"ListItem\",\"position\":3,\"name\":\"IMG STAGELINE PARC100CTW LED COB\"}]},{\"@type\":\"WebSite\",\"@id\":\"https:\/\/soinugao.com\/#website\",\"url\":\"https:\/\/soinugao.com\/\",\"name\":\"Soinugao\",\"description\":\"\",\"potentialAction\":[{\"@type\":\"SearchAction\",\"target\":{\"@type\":\"EntryPoint\",\"urlTemplate\":\"https:\/\/soinugao.com\/?s={search_term_string}\"},\"query-input\":{\"@type\":\"PropertyValueSpecification\",\"valueRequired\":true,\"valueName\":\"search_term_string\"}}],\"inLanguage\":\"eu-ES\"}]}<\/script>\n<!-- \/ Yoast SEO plugin. -->","yoast_head_json":{"title":"IMG STAGELINE PARC100CTW LED COB - Soinugao","robots":{"index":"index","follow":"follow","max-snippet":"max-snippet:-1","max-image-preview":"max-image-preview:large","max-video-preview":"max-video-preview:-1"},"canonical":"https:\/\/soinugao.com\/producto\/img-stageline-parc100ctw-led-cob\/","og_locale":"eu_ES","og_type":"article","og_title":"IMG STAGELINE PARC100CTW LED COB - Soinugao","og_description":"El reflector LED IMG Stageline PARC-100\/CTW COB es un foco potente que utiliza un LED COB 2 en 1 de alto rendimiento con una potencia de 100W, garantizando una eficiencia luminosa excepcional con un \u00e1ngulo de haz de 60 grados. Con la posibilidad de ajustar la temperatura de color entre 2700K y 5600K, el PARC-100\/CTW...Continue reading","og_url":"https:\/\/soinugao.com\/producto\/img-stageline-parc100ctw-led-cob\/","og_site_name":"Soinugao","article_modified_time":"2023-10-16T09:38:03+00:00","og_image":[{"width":600,"height":600,"url":"https:\/\/soinugao.com\/wp-content\/uploads\/2023\/10\/preview-3.jpg","type":"image\/jpeg"}],"twitter_card":"summary_large_image","twitter_misc":{"Est. reading time":"2 minutes"},"schema":{"@context":"https:\/\/schema.org","@graph":[{"@type":"WebPage","@id":"https:\/\/soinugao.com\/producto\/img-stageline-parc100ctw-led-cob\/","url":"https:\/\/soinugao.com\/producto\/img-stageline-parc100ctw-led-cob\/","name":"IMG STAGELINE PARC100CTW LED COB - Soinugao","isPartOf":{"@id":"https:\/\/soinugao.com\/#website"},"primaryImageOfPage":{"@id":"https:\/\/soinugao.com\/producto\/img-stageline-parc100ctw-led-cob\/#primaryimage"},"image":{"@id":"https:\/\/soinugao.com\/producto\/img-stageline-parc100ctw-led-cob\/#primaryimage"},"thumbnailUrl":"https:\/\/soinugao.com\/wp-content\/uploads\/2023\/10\/preview-3.jpg","datePublished":"2023-10-16T08:37:13+00:00","dateModified":"2023-10-16T09:38:03+00:00","breadcrumb":{"@id":"https:\/\/soinugao.com\/producto\/img-stageline-parc100ctw-led-cob\/#breadcrumb"},"inLanguage":"eu-ES","potentialAction":[{"@type":"ReadAction","target":["https:\/\/soinugao.com\/producto\/img-stageline-parc100ctw-led-cob\/"]}]},{"@type":"ImageObject","inLanguage":"eu-ES","@id":"https:\/\/soinugao.com\/producto\/img-stageline-parc100ctw-led-cob\/#primaryimage","url":"https:\/\/soinugao.com\/wp-content\/uploads\/2023\/10\/preview-3.jpg","contentUrl":"https:\/\/soinugao.com\/wp-content\/uploads\/2023\/10\/preview-3.jpg","width":600,"height":600,"caption":"IMG STAGELINE PARC100CTW LED COB"},{"@type":"BreadcrumbList","@id":"https:\/\/soinugao.com\/producto\/img-stageline-parc100ctw-led-cob\/#breadcrumb","itemListElement":[{"@type":"ListItem","position":1,"name":"Portada","item":"https:\/\/soinugao.com\/"},{"@type":"ListItem","position":2,"name":"Tienda","item":"https:\/\/soinugao.com\/tienda\/"},{"@type":"ListItem","position":3,"name":"IMG STAGELINE PARC100CTW LED COB"}]},{"@type":"WebSite","@id":"https:\/\/soinugao.com\/#website","url":"https:\/\/soinugao.com\/","name":"Soinugao","description":"","potentialAction":[{"@type":"SearchAction","target":{"@type":"EntryPoint","urlTemplate":"https:\/\/soinugao.com\/?s={search_term_string}"},"query-input":{"@type":"PropertyValueSpecification","valueRequired":true,"valueName":"search_term_string"}}],"inLanguage":"eu-ES"}]}},"_links":{"self":[{"href":"https:\/\/soinugao.com\/eu\/wp-json\/wp\/v2\/product\/5532","targetHints":{"allow":["GET"]}}],"collection":[{"href":"https:\/\/soinugao.com\/eu\/wp-json\/wp\/v2\/product"}],"about":[{"href":"https:\/\/soinugao.com\/eu\/wp-json\/wp\/v2\/types\/product"}],"replies":[{"embeddable":true,"href":"https:\/\/soinugao.com\/eu\/wp-json\/wp\/v2\/comments?post=5532"}],"wp:featuredmedia":[{"embeddable":true,"href":"https:\/\/soinugao.com\/eu\/wp-json\/wp\/v2\/media\/5537"}],"wp:attachment":[{"href":"https:\/\/soinugao.com\/eu\/wp-json\/wp\/v2\/media?parent=5532"}],"wp:term":[{"taxonomy":"product_brand","embeddable":true,"href":"https:\/\/soinugao.com\/eu\/wp-json\/wp\/v2\/product_brand?post=5532"},{"taxonomy":"product_cat","embeddable":true,"href":"https:\/\/soinugao.com\/eu\/wp-json\/wp\/v2\/product_cat?post=5532"},{"taxonomy":"product_tag","embeddable":true,"href":"https:\/\/soinugao.com\/eu\/wp-json\/wp\/v2\/product_tag?post=5532"}],"curies":[{"name":"wp","href":"https:\/\/api.w.org\/{rel}","templated":true}]}}