{"id":5538,"date":"2023-10-16T08:44:09","date_gmt":"2023-10-16T08:44:09","guid":{"rendered":"https:\/\/soinugao.com\/?post_type=product&#038;p=5538"},"modified":"2023-10-16T09:38:14","modified_gmt":"2023-10-16T09:38:14","slug":"bsl-fazer-pro","status":"publish","type":"product","link":"https:\/\/soinugao.com\/eu\/producto\/bsl-fazer-pro\/","title":{"rendered":"BSL FAZER PRO"},"content":{"rendered":"<div class=\"flex-1 overflow-hidden\">\n<div class=\"react-scroll-to-bottom--css-dwlzk-79elbk h-full dark:bg-gray-800\">\n<div class=\"react-scroll-to-bottom--css-dwlzk-1n7m0yu\">\n<div class=\"flex flex-col text-sm dark:bg-gray-800\">\n<div class=\"group final-completion w-full text-token-text-primary border-b border-black\/10 gizmo:border-0 dark:border-gray-900\/50 gizmo:dark:border-0 bg-gray-50 gizmo:bg-transparent dark:bg-[#444654] gizmo:dark:bg-transparent\" data-testid=\"conversation-turn-33\">\n<div class=\"p-4 justify-center text-base md:gap-6 md:py-6 m-auto\">\n<div class=\"flex flex-1 gap-4 text-base mx-auto md:gap-6 gizmo:gap-3 gizmo:md:px-5 gizmo:lg:px-1 gizmo:xl:px-5 md:max-w-2xl lg:max-w-[38rem] gizmo:md:max-w-3xl gizmo:lg:max-w-[40rem] gizmo:xl:max-w-[48rem] xl:max-w-3xl }\">\n<div class=\"relative flex w-[calc(100%-50px)] flex-col gizmo:w-full lg:w-[calc(100%-115px)] agent-turn\">\n<div class=\"flex-col gap-1 md:gap-3\">\n<div class=\"flex flex-grow flex-col gap-3 max-w-full\">\n<div class=\"min-h-[20px] flex flex-col items-start gap-3 whitespace-pre-wrap break-words overflow-x-auto\">\n<div class=\"markdown prose w-full break-words dark:prose-invert light\">\n<p>BSL Fazer Pro MK2 es una m\u00e1quina de neblina potente dise\u00f1ada para realzar de manera \u00f3ptima los efectos de iluminaci\u00f3n. Con un tiempo de calentamiento extremadamente r\u00e1pido de solo 45 segundos, esta m\u00e1quina genera la cantidad precisa de neblina que se distribuye de manera uniforme gracias a su ventilador incorporado.<\/p>\n<p>En niveles de potencia m\u00e1s altos, la m\u00e1quina produce una densa neblina, permitiendo ajustes sencillos mediante el control DMX para controlar el volumen de salida y la intensidad del ventilador. La facilidad de adaptabilidad hace que esta m\u00e1quina sea ideal para una variedad de escenarios y efectos deseados.<\/p>\n<p>Este dispositivo es suministrado en un malet\u00edn profesional y f\u00e1cil de transportar, brindando comodidad para su uso en distintos eventos. Para su funcionamiento, requiere un l\u00edquido nebulizador a base de agua, asegurando una experiencia de neblina eficaz y visualmente impresionante.<\/p>\n<ul>\n<li>Configuraci\u00f3n del caso: estuche de vuelo<\/li>\n<li>Potencia de calefacci\u00f3n: 1400W<\/li>\n<li>Consumo: 1500W<\/li>\n<li>Canal DMX512: 1, 2, 4 canales<\/li>\n<li>Funci\u00f3n incorporada: temporizaci\u00f3n, nebulizaci\u00f3n continua y manual.<\/li>\n<li>Pantalla: pantalla LCD azul<\/li>\n<li>Tanque (litros): 5,6 litros<\/li>\n<li>Salida de niebla: 15000 pies c\u00fabicos\/min.<\/li>\n<li>Tiempo de calentamiento: 45 segundos<\/li>\n<li>Consumo de l\u00edquido: salida m\u00e1xima 16ml\/min<\/li>\n<li>Conexi\u00f3n de alimentaci\u00f3n: powercon<\/li>\n<li>Conexi\u00f3n DMX: XLR de 3 o 5 pines<\/li>\n<li>Parada en caso de falta de l\u00edquidos: s\u00ed<\/li>\n<li>Soporte: s\u00ed<\/li>\n<li>Voltaje: 120V\/60Hz, 230V\/50Hz<\/li>\n<li>Dimensiones: 533 x 387 x 249 mm<\/li>\n<li>Peso: 21,3 kg<\/li>\n<\/ul>\n<\/div>\n<\/div>\n<\/div>\n<\/div>\n<\/div>\n<\/div>\n<\/div>\n<\/div>\n<\/div>\n<\/div>\n<\/div>\n<\/div>\n","protected":false},"excerpt":{"rendered":"<p>BSL Fazer Pro MK2 es una m\u00e1quina de neblina potente dise\u00f1ada para realzar de manera \u00f3ptima los efectos de iluminaci\u00f3n. Con un tiempo de calentamiento extremadamente r\u00e1pido de solo 45 segundos, esta m\u00e1quina genera la cantidad precisa de neblina que se distribuye de manera uniforme gracias a su ventilador incorporado. En niveles de potencia m\u00e1s&#8230;<\/p>\n<p><a rel=\"bookmark\" class=\"loud_button_alt wvc-button wvc-button-size-xs\" href=\"https:\/\/soinugao.com\/eu\/producto\/bsl-fazer-pro\/\"><span>Continue reading<\/span><\/a><\/p>\n","protected":false},"featured_media":5541,"comment_status":"open","ping_status":"closed","template":"","meta":[],"product_brand":[],"product_cat":[261,19],"product_tag":[],"class_list":{"0":"post-5538","1":"product","2":"type-product","3":"status-publish","4":"has-post-thumbnail","6":"product_cat-focos","7":"product_cat-iluminacion","8":"entry","9":"clearfix","10":"entry-grid","11":"entry-columns-default","12":"entry-product-module-layout-sidebar-right","13":"thumbnail-color-tone-light","14":"entry-product","15":"entry-grid_modern_alt","16":"entry-product-grid_modern_alt","18":"first","19":"instock","20":"taxable","21":"shipping-taxable","22":"product-type-simple"},"yoast_head":"<!-- This site is optimized with the Yoast SEO plugin v26.0 - https:\/\/yoast.com\/wordpress\/plugins\/seo\/ -->\n<title>BSL FAZER PRO - Soinugao<\/title>\n<meta name=\"robots\" content=\"index, follow, max-snippet:-1, max-image-preview:large, max-video-preview:-1\" \/>\n<link rel=\"canonical\" href=\"https:\/\/soinugao.com\/producto\/bsl-fazer-pro\/\" \/>\n<meta property=\"og:locale\" content=\"eu_ES\" \/>\n<meta property=\"og:type\" content=\"article\" \/>\n<meta property=\"og:title\" content=\"BSL FAZER PRO - Soinugao\" \/>\n<meta property=\"og:description\" content=\"BSL Fazer Pro MK2 es una m\u00e1quina de neblina potente dise\u00f1ada para realzar de manera \u00f3ptima los efectos de iluminaci\u00f3n. Con un tiempo de calentamiento extremadamente r\u00e1pido de solo 45 segundos, esta m\u00e1quina genera la cantidad precisa de neblina que se distribuye de manera uniforme gracias a su ventilador incorporado. En niveles de potencia m\u00e1s...Continue reading\" \/>\n<meta property=\"og:url\" content=\"https:\/\/soinugao.com\/producto\/bsl-fazer-pro\/\" \/>\n<meta property=\"og:site_name\" content=\"Soinugao\" \/>\n<meta property=\"article:modified_time\" content=\"2023-10-16T09:38:14+00:00\" \/>\n<meta property=\"og:image\" content=\"https:\/\/soinugao.com\/wp-content\/uploads\/2023\/10\/bsl-pro-fazer-1500w-22570.jpg\" \/>\n\t<meta property=\"og:image:width\" content=\"1000\" \/>\n\t<meta property=\"og:image:height\" content=\"1000\" \/>\n\t<meta property=\"og:image:type\" content=\"image\/jpeg\" \/>\n<meta name=\"twitter:card\" content=\"summary_large_image\" \/>\n<meta name=\"twitter:label1\" content=\"Est. reading time\" \/>\n\t<meta name=\"twitter:data1\" content=\"2 minutes\" \/>\n<script type=\"application\/ld+json\" class=\"yoast-schema-graph\">{\"@context\":\"https:\/\/schema.org\",\"@graph\":[{\"@type\":\"WebPage\",\"@id\":\"https:\/\/soinugao.com\/producto\/bsl-fazer-pro\/\",\"url\":\"https:\/\/soinugao.com\/producto\/bsl-fazer-pro\/\",\"name\":\"BSL FAZER PRO - Soinugao\",\"isPartOf\":{\"@id\":\"https:\/\/soinugao.com\/#website\"},\"primaryImageOfPage\":{\"@id\":\"https:\/\/soinugao.com\/producto\/bsl-fazer-pro\/#primaryimage\"},\"image\":{\"@id\":\"https:\/\/soinugao.com\/producto\/bsl-fazer-pro\/#primaryimage\"},\"thumbnailUrl\":\"https:\/\/soinugao.com\/wp-content\/uploads\/2023\/10\/bsl-pro-fazer-1500w-22570.jpg\",\"datePublished\":\"2023-10-16T08:44:09+00:00\",\"dateModified\":\"2023-10-16T09:38:14+00:00\",\"breadcrumb\":{\"@id\":\"https:\/\/soinugao.com\/producto\/bsl-fazer-pro\/#breadcrumb\"},\"inLanguage\":\"eu-ES\",\"potentialAction\":[{\"@type\":\"ReadAction\",\"target\":[\"https:\/\/soinugao.com\/producto\/bsl-fazer-pro\/\"]}]},{\"@type\":\"ImageObject\",\"inLanguage\":\"eu-ES\",\"@id\":\"https:\/\/soinugao.com\/producto\/bsl-fazer-pro\/#primaryimage\",\"url\":\"https:\/\/soinugao.com\/wp-content\/uploads\/2023\/10\/bsl-pro-fazer-1500w-22570.jpg\",\"contentUrl\":\"https:\/\/soinugao.com\/wp-content\/uploads\/2023\/10\/bsl-pro-fazer-1500w-22570.jpg\",\"width\":1000,\"height\":1000,\"caption\":\"BSL FAZER PRO\"},{\"@type\":\"BreadcrumbList\",\"@id\":\"https:\/\/soinugao.com\/producto\/bsl-fazer-pro\/#breadcrumb\",\"itemListElement\":[{\"@type\":\"ListItem\",\"position\":1,\"name\":\"Portada\",\"item\":\"https:\/\/soinugao.com\/\"},{\"@type\":\"ListItem\",\"position\":2,\"name\":\"Tienda\",\"item\":\"https:\/\/soinugao.com\/tienda\/\"},{\"@type\":\"ListItem\",\"position\":3,\"name\":\"BSL FAZER PRO\"}]},{\"@type\":\"WebSite\",\"@id\":\"https:\/\/soinugao.com\/#website\",\"url\":\"https:\/\/soinugao.com\/\",\"name\":\"Soinugao\",\"description\":\"\",\"potentialAction\":[{\"@type\":\"SearchAction\",\"target\":{\"@type\":\"EntryPoint\",\"urlTemplate\":\"https:\/\/soinugao.com\/?s={search_term_string}\"},\"query-input\":{\"@type\":\"PropertyValueSpecification\",\"valueRequired\":true,\"valueName\":\"search_term_string\"}}],\"inLanguage\":\"eu-ES\"}]}<\/script>\n<!-- \/ Yoast SEO plugin. -->","yoast_head_json":{"title":"BSL FAZER PRO - Soinugao","robots":{"index":"index","follow":"follow","max-snippet":"max-snippet:-1","max-image-preview":"max-image-preview:large","max-video-preview":"max-video-preview:-1"},"canonical":"https:\/\/soinugao.com\/producto\/bsl-fazer-pro\/","og_locale":"eu_ES","og_type":"article","og_title":"BSL FAZER PRO - Soinugao","og_description":"BSL Fazer Pro MK2 es una m\u00e1quina de neblina potente dise\u00f1ada para realzar de manera \u00f3ptima los efectos de iluminaci\u00f3n. Con un tiempo de calentamiento extremadamente r\u00e1pido de solo 45 segundos, esta m\u00e1quina genera la cantidad precisa de neblina que se distribuye de manera uniforme gracias a su ventilador incorporado. En niveles de potencia m\u00e1s...Continue reading","og_url":"https:\/\/soinugao.com\/producto\/bsl-fazer-pro\/","og_site_name":"Soinugao","article_modified_time":"2023-10-16T09:38:14+00:00","og_image":[{"width":1000,"height":1000,"url":"https:\/\/soinugao.com\/wp-content\/uploads\/2023\/10\/bsl-pro-fazer-1500w-22570.jpg","type":"image\/jpeg"}],"twitter_card":"summary_large_image","twitter_misc":{"Est. reading time":"2 minutes"},"schema":{"@context":"https:\/\/schema.org","@graph":[{"@type":"WebPage","@id":"https:\/\/soinugao.com\/producto\/bsl-fazer-pro\/","url":"https:\/\/soinugao.com\/producto\/bsl-fazer-pro\/","name":"BSL FAZER PRO - Soinugao","isPartOf":{"@id":"https:\/\/soinugao.com\/#website"},"primaryImageOfPage":{"@id":"https:\/\/soinugao.com\/producto\/bsl-fazer-pro\/#primaryimage"},"image":{"@id":"https:\/\/soinugao.com\/producto\/bsl-fazer-pro\/#primaryimage"},"thumbnailUrl":"https:\/\/soinugao.com\/wp-content\/uploads\/2023\/10\/bsl-pro-fazer-1500w-22570.jpg","datePublished":"2023-10-16T08:44:09+00:00","dateModified":"2023-10-16T09:38:14+00:00","breadcrumb":{"@id":"https:\/\/soinugao.com\/producto\/bsl-fazer-pro\/#breadcrumb"},"inLanguage":"eu-ES","potentialAction":[{"@type":"ReadAction","target":["https:\/\/soinugao.com\/producto\/bsl-fazer-pro\/"]}]},{"@type":"ImageObject","inLanguage":"eu-ES","@id":"https:\/\/soinugao.com\/producto\/bsl-fazer-pro\/#primaryimage","url":"https:\/\/soinugao.com\/wp-content\/uploads\/2023\/10\/bsl-pro-fazer-1500w-22570.jpg","contentUrl":"https:\/\/soinugao.com\/wp-content\/uploads\/2023\/10\/bsl-pro-fazer-1500w-22570.jpg","width":1000,"height":1000,"caption":"BSL FAZER PRO"},{"@type":"BreadcrumbList","@id":"https:\/\/soinugao.com\/producto\/bsl-fazer-pro\/#breadcrumb","itemListElement":[{"@type":"ListItem","position":1,"name":"Portada","item":"https:\/\/soinugao.com\/"},{"@type":"ListItem","position":2,"name":"Tienda","item":"https:\/\/soinugao.com\/tienda\/"},{"@type":"ListItem","position":3,"name":"BSL FAZER PRO"}]},{"@type":"WebSite","@id":"https:\/\/soinugao.com\/#website","url":"https:\/\/soinugao.com\/","name":"Soinugao","description":"","potentialAction":[{"@type":"SearchAction","target":{"@type":"EntryPoint","urlTemplate":"https:\/\/soinugao.com\/?s={search_term_string}"},"query-input":{"@type":"PropertyValueSpecification","valueRequired":true,"valueName":"search_term_string"}}],"inLanguage":"eu-ES"}]}},"_links":{"self":[{"href":"https:\/\/soinugao.com\/eu\/wp-json\/wp\/v2\/product\/5538","targetHints":{"allow":["GET"]}}],"collection":[{"href":"https:\/\/soinugao.com\/eu\/wp-json\/wp\/v2\/product"}],"about":[{"href":"https:\/\/soinugao.com\/eu\/wp-json\/wp\/v2\/types\/product"}],"replies":[{"embeddable":true,"href":"https:\/\/soinugao.com\/eu\/wp-json\/wp\/v2\/comments?post=5538"}],"wp:featuredmedia":[{"embeddable":true,"href":"https:\/\/soinugao.com\/eu\/wp-json\/wp\/v2\/media\/5541"}],"wp:attachment":[{"href":"https:\/\/soinugao.com\/eu\/wp-json\/wp\/v2\/media?parent=5538"}],"wp:term":[{"taxonomy":"product_brand","embeddable":true,"href":"https:\/\/soinugao.com\/eu\/wp-json\/wp\/v2\/product_brand?post=5538"},{"taxonomy":"product_cat","embeddable":true,"href":"https:\/\/soinugao.com\/eu\/wp-json\/wp\/v2\/product_cat?post=5538"},{"taxonomy":"product_tag","embeddable":true,"href":"https:\/\/soinugao.com\/eu\/wp-json\/wp\/v2\/product_tag?post=5538"}],"curies":[{"name":"wp","href":"https:\/\/api.w.org\/{rel}","templated":true}]}}