{"id":5539,"date":"2023-10-16T08:46:45","date_gmt":"2023-10-16T08:46:45","guid":{"rendered":"https:\/\/soinugao.com\/?post_type=product&#038;p=5539"},"modified":"2023-10-16T09:38:24","modified_gmt":"2023-10-16T09:38:24","slug":"truss-triangular-con-torres-fantec","status":"publish","type":"product","link":"https:\/\/soinugao.com\/eu\/producto\/truss-triangular-con-torres-fantec\/","title":{"rendered":"Truss triangular con torres FANTEC"},"content":{"rendered":"<div class=\"flex-1 overflow-hidden\">\n<div class=\"react-scroll-to-bottom--css-dwlzk-79elbk h-full dark:bg-gray-800\">\n<div class=\"react-scroll-to-bottom--css-dwlzk-1n7m0yu\">\n<div class=\"flex flex-col text-sm dark:bg-gray-800\">\n<div class=\"group w-full text-token-text-primary border-b border-black\/10 gizmo:border-0 dark:border-gray-900\/50 gizmo:dark:border-0 bg-gray-50 gizmo:bg-transparent dark:bg-[#444654] gizmo:dark:bg-transparent\" data-testid=\"conversation-turn-33\">\n<div class=\"p-4 justify-center text-base md:gap-6 md:py-6 m-auto\">\n<div class=\"flex flex-1 gap-4 text-base mx-auto md:gap-6 gizmo:gap-3 gizmo:md:px-5 gizmo:lg:px-1 gizmo:xl:px-5 md:max-w-2xl lg:max-w-[38rem] gizmo:md:max-w-3xl gizmo:lg:max-w-[40rem] gizmo:xl:max-w-[48rem] xl:max-w-3xl }\">\n<div class=\"relative flex w-[calc(100%-50px)] flex-col gizmo:w-full lg:w-[calc(100%-115px)] agent-turn\">\n<div class=\"flex-col gap-1 md:gap-3\">\n<div class=\"flex flex-grow flex-col gap-3 max-w-full\">\n<div class=\"min-h-[20px] flex flex-col items-start gap-3 whitespace-pre-wrap break-words overflow-x-auto\">\n<div class=\"markdown prose w-full break-words dark:prose-invert light\">\n<p>BSL Fazer Pro MK2 es una m\u00e1quina de neblina potente dise\u00f1ada para realzar de manera \u00f3ptima los efectos de iluminaci\u00f3n. Con un tiempo de calentamiento extremadamente r\u00e1pido de solo 45 segundos, esta m\u00e1quina genera la cantidad precisa de neblina que se distribuye de manera uniforme gracias a su ventilador incorporado.<\/p>\n<p>En niveles de potencia m\u00e1s altos, la m\u00e1quina produce una densa neblina, permitiendo ajustes sencillos mediante el control DMX para controlar el volumen de salida y la intensidad del ventilador. La facilidad de adaptabilidad hace que esta m\u00e1quina sea ideal para una variedad de escenarios y efectos deseados.<\/p>\n<p>Este dispositivo es suministrado en un malet\u00edn profesional y f\u00e1cil de transportar, brindando comodidad para su uso en distintos eventos. Para su funcionamiento, requiere un l\u00edquido nebulizador a base de agua, asegurando una experiencia de neblina eficaz y visualmente impresionante.&#8221;<\/p>\n<\/div>\n<\/div>\n<\/div>\n<div class=\"flex justify-between empty:hidden gizmo:justify-start gizmo:gap-3 lg:block\">\n<div class=\"text-gray-400 flex self-end lg:self-center justify-center gizmo:lg:justify-start mt-2 gizmo:mt-0 visible lg:gap-1 lg:absolute lg:top-0 lg:translate-x-full lg:right-0 lg:mt-0 lg:pl-2 gap-2 md:gap-3\"><button class=\"flex ml-auto gizmo:ml-0 gap-2 items-center rounded-md p-1 text-xs gizmo:gap-1.5 gizmo:pl-0 dark:text-gray-400 dark:hover:bg-gray-700 dark:hover:text-gray-200 disabled:dark:hover:text-gray-400 hover:bg-gray-100 hover:text-gray-700\"><\/button><\/p>\n<div class=\"flex gap-1 gizmo:gap-3\"><\/div>\n<\/div>\n<\/div>\n<\/div>\n<\/div>\n<\/div>\n<\/div>\n<\/div>\n<div class=\"group w-full text-token-text-primary border-b border-black\/10 gizmo:border-0 dark:border-gray-900\/50 gizmo:dark:border-0 gizmo:bg-transparent dark:bg-gray-800 gizmo:dark:bg-transparent\" data-testid=\"conversation-turn-34\">\n<div class=\"p-4 justify-center text-base md:gap-6 md:py-6 m-auto\">\n<div class=\"flex flex-1 gap-4 text-base mx-auto md:gap-6 gizmo:gap-3 gizmo:md:px-5 gizmo:lg:px-1 gizmo:xl:px-5 md:max-w-2xl lg:max-w-[38rem] gizmo:md:max-w-3xl gizmo:lg:max-w-[40rem] gizmo:xl:max-w-[48rem] xl:max-w-3xl }\">\n<div class=\"flex-shrink-0 flex flex-col relative items-end\">\n<div>\n<div class=\"relative flex\"><img loading=\"lazy\" decoding=\"async\" class=\"rounded-sm\" src=\"https:\/\/chat.openai.com\/_next\/image?url=https%3A%2F%2Flh3.googleusercontent.com%2Fa%2FAAcHTtc8aStVG--4qRrKEJAxVPEp3jRUKHp-dhbjNI-wsl-M%3Ds96-c&amp;w=96&amp;q=75\" srcset=\"\/_next\/image?url=https%3A%2F%2Flh3.googleusercontent.com%2Fa%2FAAcHTtc8aStVG--4qRrKEJAxVPEp3jRUKHp-dhbjNI-wsl-M%3Ds96-c&amp;w=48&amp;q=75 1x, \/_next\/image?url=https%3A%2F%2Flh3.googleusercontent.com%2Fa%2FAAcHTtc8aStVG--4qRrKEJAxVPEp3jRUKHp-dhbjNI-wsl-M%3Ds96-c&amp;w=96&amp;q=75 2x\" alt=\"User\" width=\"36\" height=\"36\" data-nimg=\"1\" \/><\/div>\n<\/div>\n<div class=\"text-xs flex items-center justify-center gap-1 absolute left-0 top-2 -ml-4 -translate-x-full gizmo:top-1 gizmo:-ml-6 invisible\"><\/div>\n<\/div>\n<div class=\"relative flex w-[calc(100%-50px)] flex-col gizmo:w-full lg:w-[calc(100%-115px)] gizmo:text-gizmo-gray-600 gizmo:dark:text-gray-300\">\n<div class=\"flex-col gap-1 md:gap-3\">\n<div class=\"flex flex-grow flex-col gap-3 max-w-full\">\n<div class=\"min-h-[20px] flex flex-col items-start gap-3 whitespace-pre-wrap break-words overflow-x-auto\">\n<div class=\"\">hazme un texto parecido a este: Truss triangular de aluminio de 25 cm de lado, fabricado con tubo principal de 50 mm de di\u00e1metro y 2 mm de espesor, y tubo auxiliar de 13 mm de di\u00e1metro y 1,5 mm de espesor. Disponible en longitudes de 0.5, 1, 2 y 3 metros, y color plateado o negro. Incluye 3 dobles conos, 3 pasadores, 3 pasadores roscados y 3 clips de seguridad &#8220;R&#8221;. SERIE F.<\/div>\n<\/div>\n<\/div>\n<div class=\"text-gray-400 flex self-end lg:self-center justify-center gizmo:lg:justify-start mt-2 gizmo:mt-0 visible lg:gap-1 lg:absolute lg:top-0 lg:translate-x-full lg:right-0 lg:mt-0 lg:pl-2 gap-2 md:gap-3 gizmo:absolute gizmo:right-0 gizmo:top-1\/2 gizmo:-translate-y-1\/2 gizmo:transform\"><\/div>\n<\/div>\n<\/div>\n<\/div>\n<\/div>\n<\/div>\n<div class=\"group final-completion w-full text-token-text-primary border-b border-black\/10 gizmo:border-0 dark:border-gray-900\/50 gizmo:dark:border-0 bg-gray-50 gizmo:bg-transparent dark:bg-[#444654] gizmo:dark:bg-transparent\" data-testid=\"conversation-turn-35\">\n<div class=\"p-4 justify-center text-base md:gap-6 md:py-6 m-auto\">\n<div class=\"flex flex-1 gap-4 text-base mx-auto md:gap-6 gizmo:gap-3 gizmo:md:px-5 gizmo:lg:px-1 gizmo:xl:px-5 md:max-w-2xl lg:max-w-[38rem] gizmo:md:max-w-3xl gizmo:lg:max-w-[40rem] gizmo:xl:max-w-[48rem] xl:max-w-3xl }\">\n<div class=\"flex-shrink-0 flex flex-col relative items-end\">\n<div>\n<div class=\"relative p-1 rounded-sm h-9 w-9 text-white flex items-center justify-center\">ChatGPT<\/div>\n<\/div>\n<div class=\"text-xs flex items-center justify-center gap-1 absolute left-0 top-2 -ml-4 -translate-x-full gizmo:top-1 gizmo:-ml-6 invisible\"><\/div>\n<\/div>\n<div class=\"relative flex w-[calc(100%-50px)] flex-col gizmo:w-full lg:w-[calc(100%-115px)] agent-turn\">\n<div class=\"flex-col gap-1 md:gap-3\">\n<div class=\"flex flex-grow flex-col gap-3 max-w-full\">\n<div class=\"min-h-[20px] flex flex-col items-start gap-3 whitespace-pre-wrap break-words overflow-x-auto\">\n<div class=\"markdown prose w-full break-words dark:prose-invert light\">\n<p>Claro, aqu\u00ed tienes un texto similar al que proporcionaste:<\/p>\n<p>&#8220;El truss triangular de aluminio con 25 cm de lado es una estructura s\u00f3lida y confiable, fabricada con un tubo principal de 50 mm de di\u00e1metro y 2 mm de espesor, as\u00ed como un tubo auxiliar de 13 mm de di\u00e1metro y 1,5 mm de espesor. Esta robusta composici\u00f3n garantiza la resistencia y estabilidad necesarias para distintas aplicaciones.<\/p>\n<p>Disponible en longitudes de 0.5, 1, 2 y 3 metros, este truss ofrece versatilidad en su uso, adapt\u00e1ndose a las necesidades de cada proyecto. Adem\u00e1s, se puede elegir entre acabados plateados o negros, seg\u00fan la preferencia est\u00e9tica y funcional.<\/p>\n<p>Este truss viene completo con 3 dobles conos, 3 pasadores, 3 pasadores roscados y 3 clips de seguridad &#8220;R&#8221;, facilitando su montaje y asegurando una estructura s\u00f3lida y estable. Forma parte de la prestigiosa SERIE F, representando calidad y confiabilidad en cada montaje.&#8221;<\/p>\n<ul>\n<li>Secci\u00f3n Tubo Principal: 50 x 2 mm<\/li>\n<li>Aleaci\u00f3n Tubo Principal: EN AW 6082T6<\/li>\n<li>Secci\u00f3n Tube Diagonal: 13 x 1,5 mm<\/li>\n<li>Aleaci\u00f3n Diagonal: EN AW 6060F22<\/li>\n<li>Peso: 3,6 kg\/m<\/li>\n<li>\u00c1rea Secci\u00f3n: 9,05 cm2<\/li>\n<li>Sistema de Conexi\u00f3n: CBC50F<\/li>\n<li>Peso truss 0.5 m: 2,2 kg<\/li>\n<li>Peso truss 1 m: 4 kg<\/li>\n<li>Peso truss 2m: 6,8 kg<\/li>\n<li>Peso truss 3 m: 10,2 kg<\/li>\n<li>Volumen truss 0.5 m: 0,0156 m3<\/li>\n<li>Volumen truss 1 m: 0,0313 m3<\/li>\n<li>Volumen truss 2 m: 0,0625 m3<\/li>\n<li>Volumen truss 3 m: 0,0938 m3<\/li>\n<\/ul>\n<\/div>\n<\/div>\n<\/div>\n<\/div>\n<\/div>\n<\/div>\n<\/div>\n<\/div>\n<\/div>\n<\/div>\n<\/div>\n<\/div>\n","protected":false},"excerpt":{"rendered":"<p>BSL Fazer Pro MK2 es una m\u00e1quina de neblina potente dise\u00f1ada para realzar de manera \u00f3ptima los efectos de iluminaci\u00f3n. Con un tiempo de calentamiento extremadamente r\u00e1pido de solo 45 segundos, esta m\u00e1quina genera la cantidad precisa de neblina que se distribuye de manera uniforme gracias a su ventilador incorporado. En niveles de potencia m\u00e1s&#8230;<\/p>\n<p><a rel=\"bookmark\" class=\"loud_button_alt wvc-button wvc-button-size-xs\" href=\"https:\/\/soinugao.com\/eu\/producto\/truss-triangular-con-torres-fantec\/\"><span>Continue reading<\/span><\/a><\/p>\n","protected":false},"featured_media":5542,"comment_status":"open","ping_status":"closed","template":"","meta":[],"product_brand":[],"product_cat":[260,19],"product_tag":[],"class_list":{"0":"post-5539","1":"product","2":"type-product","3":"status-publish","4":"has-post-thumbnail","6":"product_cat-estructura","7":"product_cat-iluminacion","8":"entry","9":"clearfix","10":"entry-grid","11":"entry-columns-default","12":"entry-product-module-layout-sidebar-right","13":"thumbnail-color-tone-light","14":"entry-product","15":"entry-grid_modern_alt","16":"entry-product-grid_modern_alt","18":"first","19":"instock","20":"taxable","21":"shipping-taxable","22":"product-type-simple"},"yoast_head":"<!-- This site is optimized with the Yoast SEO plugin v26.0 - https:\/\/yoast.com\/wordpress\/plugins\/seo\/ -->\n<title>Truss triangular con torres FANTEC - Soinugao<\/title>\n<meta name=\"robots\" content=\"index, follow, max-snippet:-1, max-image-preview:large, max-video-preview:-1\" \/>\n<link rel=\"canonical\" href=\"https:\/\/soinugao.com\/producto\/truss-triangular-con-torres-fantec\/\" \/>\n<meta property=\"og:locale\" content=\"eu_ES\" \/>\n<meta property=\"og:type\" content=\"article\" \/>\n<meta property=\"og:title\" content=\"Truss triangular con torres FANTEC - Soinugao\" \/>\n<meta property=\"og:description\" content=\"BSL Fazer Pro MK2 es una m\u00e1quina de neblina potente dise\u00f1ada para realzar de manera \u00f3ptima los efectos de iluminaci\u00f3n. Con un tiempo de calentamiento extremadamente r\u00e1pido de solo 45 segundos, esta m\u00e1quina genera la cantidad precisa de neblina que se distribuye de manera uniforme gracias a su ventilador incorporado. En niveles de potencia m\u00e1s...Continue reading\" \/>\n<meta property=\"og:url\" content=\"https:\/\/soinugao.com\/producto\/truss-triangular-con-torres-fantec\/\" \/>\n<meta property=\"og:site_name\" content=\"Soinugao\" \/>\n<meta property=\"article:modified_time\" content=\"2023-10-16T09:38:24+00:00\" \/>\n<meta property=\"og:image\" content=\"https:\/\/soinugao.com\/wp-content\/uploads\/2023\/10\/ER-25-1-1650565249.jpg\" \/>\n\t<meta property=\"og:image:width\" content=\"800\" \/>\n\t<meta property=\"og:image:height\" content=\"800\" \/>\n\t<meta property=\"og:image:type\" content=\"image\/jpeg\" \/>\n<meta name=\"twitter:card\" content=\"summary_large_image\" \/>\n<meta name=\"twitter:label1\" content=\"Est. reading time\" \/>\n\t<meta name=\"twitter:data1\" content=\"3 minutes\" \/>\n<script type=\"application\/ld+json\" class=\"yoast-schema-graph\">{\"@context\":\"https:\/\/schema.org\",\"@graph\":[{\"@type\":\"WebPage\",\"@id\":\"https:\/\/soinugao.com\/producto\/truss-triangular-con-torres-fantec\/\",\"url\":\"https:\/\/soinugao.com\/producto\/truss-triangular-con-torres-fantec\/\",\"name\":\"Truss triangular con torres FANTEC - Soinugao\",\"isPartOf\":{\"@id\":\"https:\/\/soinugao.com\/#website\"},\"primaryImageOfPage\":{\"@id\":\"https:\/\/soinugao.com\/producto\/truss-triangular-con-torres-fantec\/#primaryimage\"},\"image\":{\"@id\":\"https:\/\/soinugao.com\/producto\/truss-triangular-con-torres-fantec\/#primaryimage\"},\"thumbnailUrl\":\"https:\/\/soinugao.com\/wp-content\/uploads\/2023\/10\/ER-25-1-1650565249.jpg\",\"datePublished\":\"2023-10-16T08:46:45+00:00\",\"dateModified\":\"2023-10-16T09:38:24+00:00\",\"breadcrumb\":{\"@id\":\"https:\/\/soinugao.com\/producto\/truss-triangular-con-torres-fantec\/#breadcrumb\"},\"inLanguage\":\"eu-ES\",\"potentialAction\":[{\"@type\":\"ReadAction\",\"target\":[\"https:\/\/soinugao.com\/producto\/truss-triangular-con-torres-fantec\/\"]}]},{\"@type\":\"ImageObject\",\"inLanguage\":\"eu-ES\",\"@id\":\"https:\/\/soinugao.com\/producto\/truss-triangular-con-torres-fantec\/#primaryimage\",\"url\":\"https:\/\/soinugao.com\/wp-content\/uploads\/2023\/10\/ER-25-1-1650565249.jpg\",\"contentUrl\":\"https:\/\/soinugao.com\/wp-content\/uploads\/2023\/10\/ER-25-1-1650565249.jpg\",\"width\":800,\"height\":800,\"caption\":\"Truss triangular con torres FANTEC\"},{\"@type\":\"BreadcrumbList\",\"@id\":\"https:\/\/soinugao.com\/producto\/truss-triangular-con-torres-fantec\/#breadcrumb\",\"itemListElement\":[{\"@type\":\"ListItem\",\"position\":1,\"name\":\"Portada\",\"item\":\"https:\/\/soinugao.com\/\"},{\"@type\":\"ListItem\",\"position\":2,\"name\":\"Tienda\",\"item\":\"https:\/\/soinugao.com\/tienda\/\"},{\"@type\":\"ListItem\",\"position\":3,\"name\":\"Truss triangular con torres FANTEC\"}]},{\"@type\":\"WebSite\",\"@id\":\"https:\/\/soinugao.com\/#website\",\"url\":\"https:\/\/soinugao.com\/\",\"name\":\"Soinugao\",\"description\":\"\",\"potentialAction\":[{\"@type\":\"SearchAction\",\"target\":{\"@type\":\"EntryPoint\",\"urlTemplate\":\"https:\/\/soinugao.com\/?s={search_term_string}\"},\"query-input\":{\"@type\":\"PropertyValueSpecification\",\"valueRequired\":true,\"valueName\":\"search_term_string\"}}],\"inLanguage\":\"eu-ES\"}]}<\/script>\n<!-- \/ Yoast SEO plugin. -->","yoast_head_json":{"title":"Truss triangular con torres FANTEC - Soinugao","robots":{"index":"index","follow":"follow","max-snippet":"max-snippet:-1","max-image-preview":"max-image-preview:large","max-video-preview":"max-video-preview:-1"},"canonical":"https:\/\/soinugao.com\/producto\/truss-triangular-con-torres-fantec\/","og_locale":"eu_ES","og_type":"article","og_title":"Truss triangular con torres FANTEC - Soinugao","og_description":"BSL Fazer Pro MK2 es una m\u00e1quina de neblina potente dise\u00f1ada para realzar de manera \u00f3ptima los efectos de iluminaci\u00f3n. Con un tiempo de calentamiento extremadamente r\u00e1pido de solo 45 segundos, esta m\u00e1quina genera la cantidad precisa de neblina que se distribuye de manera uniforme gracias a su ventilador incorporado. En niveles de potencia m\u00e1s...Continue reading","og_url":"https:\/\/soinugao.com\/producto\/truss-triangular-con-torres-fantec\/","og_site_name":"Soinugao","article_modified_time":"2023-10-16T09:38:24+00:00","og_image":[{"width":800,"height":800,"url":"https:\/\/soinugao.com\/wp-content\/uploads\/2023\/10\/ER-25-1-1650565249.jpg","type":"image\/jpeg"}],"twitter_card":"summary_large_image","twitter_misc":{"Est. reading time":"3 minutes"},"schema":{"@context":"https:\/\/schema.org","@graph":[{"@type":"WebPage","@id":"https:\/\/soinugao.com\/producto\/truss-triangular-con-torres-fantec\/","url":"https:\/\/soinugao.com\/producto\/truss-triangular-con-torres-fantec\/","name":"Truss triangular con torres FANTEC - Soinugao","isPartOf":{"@id":"https:\/\/soinugao.com\/#website"},"primaryImageOfPage":{"@id":"https:\/\/soinugao.com\/producto\/truss-triangular-con-torres-fantec\/#primaryimage"},"image":{"@id":"https:\/\/soinugao.com\/producto\/truss-triangular-con-torres-fantec\/#primaryimage"},"thumbnailUrl":"https:\/\/soinugao.com\/wp-content\/uploads\/2023\/10\/ER-25-1-1650565249.jpg","datePublished":"2023-10-16T08:46:45+00:00","dateModified":"2023-10-16T09:38:24+00:00","breadcrumb":{"@id":"https:\/\/soinugao.com\/producto\/truss-triangular-con-torres-fantec\/#breadcrumb"},"inLanguage":"eu-ES","potentialAction":[{"@type":"ReadAction","target":["https:\/\/soinugao.com\/producto\/truss-triangular-con-torres-fantec\/"]}]},{"@type":"ImageObject","inLanguage":"eu-ES","@id":"https:\/\/soinugao.com\/producto\/truss-triangular-con-torres-fantec\/#primaryimage","url":"https:\/\/soinugao.com\/wp-content\/uploads\/2023\/10\/ER-25-1-1650565249.jpg","contentUrl":"https:\/\/soinugao.com\/wp-content\/uploads\/2023\/10\/ER-25-1-1650565249.jpg","width":800,"height":800,"caption":"Truss triangular con torres FANTEC"},{"@type":"BreadcrumbList","@id":"https:\/\/soinugao.com\/producto\/truss-triangular-con-torres-fantec\/#breadcrumb","itemListElement":[{"@type":"ListItem","position":1,"name":"Portada","item":"https:\/\/soinugao.com\/"},{"@type":"ListItem","position":2,"name":"Tienda","item":"https:\/\/soinugao.com\/tienda\/"},{"@type":"ListItem","position":3,"name":"Truss triangular con torres FANTEC"}]},{"@type":"WebSite","@id":"https:\/\/soinugao.com\/#website","url":"https:\/\/soinugao.com\/","name":"Soinugao","description":"","potentialAction":[{"@type":"SearchAction","target":{"@type":"EntryPoint","urlTemplate":"https:\/\/soinugao.com\/?s={search_term_string}"},"query-input":{"@type":"PropertyValueSpecification","valueRequired":true,"valueName":"search_term_string"}}],"inLanguage":"eu-ES"}]}},"_links":{"self":[{"href":"https:\/\/soinugao.com\/eu\/wp-json\/wp\/v2\/product\/5539","targetHints":{"allow":["GET"]}}],"collection":[{"href":"https:\/\/soinugao.com\/eu\/wp-json\/wp\/v2\/product"}],"about":[{"href":"https:\/\/soinugao.com\/eu\/wp-json\/wp\/v2\/types\/product"}],"replies":[{"embeddable":true,"href":"https:\/\/soinugao.com\/eu\/wp-json\/wp\/v2\/comments?post=5539"}],"wp:featuredmedia":[{"embeddable":true,"href":"https:\/\/soinugao.com\/eu\/wp-json\/wp\/v2\/media\/5542"}],"wp:attachment":[{"href":"https:\/\/soinugao.com\/eu\/wp-json\/wp\/v2\/media?parent=5539"}],"wp:term":[{"taxonomy":"product_brand","embeddable":true,"href":"https:\/\/soinugao.com\/eu\/wp-json\/wp\/v2\/product_brand?post=5539"},{"taxonomy":"product_cat","embeddable":true,"href":"https:\/\/soinugao.com\/eu\/wp-json\/wp\/v2\/product_cat?post=5539"},{"taxonomy":"product_tag","embeddable":true,"href":"https:\/\/soinugao.com\/eu\/wp-json\/wp\/v2\/product_tag?post=5539"}],"curies":[{"name":"wp","href":"https:\/\/api.w.org\/{rel}","templated":true}]}}