{"id":5540,"date":"2023-10-16T08:51:49","date_gmt":"2023-10-16T08:51:49","guid":{"rendered":"https:\/\/soinugao.com\/?post_type=product&#038;p=5540"},"modified":"2023-10-16T09:38:44","modified_gmt":"2023-10-16T09:38:44","slug":"behringer-x32rack","status":"publish","type":"product","link":"https:\/\/soinugao.com\/eu\/producto\/behringer-x32rack\/","title":{"rendered":"Behringer X32Rack"},"content":{"rendered":"<p>La mezcladora Behringer X32 RACK es una unidad compacta en formato rack de 19&#8243;, con una impresionante capacidad de 40 canales de entrada y 25 buses digitales. Destaca por sus 15 preamplificadores de micr\u00f3fono dise\u00f1ados por Midas y una pantalla de 5 pulgadas, claramente visible incluso a plena luz del d\u00eda o en cualquier entorno.<\/p>\n<p>Siguiendo la l\u00ednea de los modelos de la serie X32, esta mezcladora permite un control remoto a trav\u00e9s de ordenadores port\u00e1tiles o dispositivos m\u00f3viles de Apple mediante aplicaciones descargables de forma gratuita. As\u00ed, se garantizan todas las prestaciones y caracter\u00edsticas de la Behringer X32 original, permitiendo hasta 16 entradas directas.<\/p>\n<p>Adem\u00e1s, este modelo incluye adaptadores de rack previamente instalados, ocupando \u00fanicamente 3 unidades de espacio en el rack, lo que lo convierte en una soluci\u00f3n compacta y potente para aplicaciones de audio profesional.<\/p>\n<ul>\n<li>Mesa en formato Rack de 19&#8243;- 3U con 32 canales de entrada y 25 buses<\/li>\n<li>Interfaz de audio USB de 32&#215;32 canales<\/li>\n<li>16 entradas de micro\/l\u00ednea XLR<\/li>\n<li>8 salidas XLR<\/li>\n<li>6 salidas y entradas de l\u00ednea adicionales<\/li>\n<li>Toma de auriculares<\/li>\n<li>Entrada de micro Talkback XLR<\/li>\n<li>Control remoto v\u00eda iPad o iPhone<\/li>\n<li>Pantalla TFT de 5&#8243;<\/li>\n<li>Conexi\u00f3n Ultranet para Personal Monitoring<\/li>\n<li>Medidas: 132 x 483 x 287 mm<\/li>\n<li>Peso: 6,5 kg<\/li>\n<li>Tarjetas de expansi\u00f3n opcionales: Dante 334096, Madi 337831<\/li>\n<\/ul>\n","protected":false},"excerpt":{"rendered":"<p>La mezcladora Behringer X32 RACK es una unidad compacta en formato rack de 19&#8243;, con una impresionante capacidad de 40 canales de entrada y 25 buses digitales. Destaca por sus 15 preamplificadores de micr\u00f3fono dise\u00f1ados por Midas y una pantalla de 5 pulgadas, claramente visible incluso a plena luz del d\u00eda o en cualquier entorno&#8230;.<\/p>\n<p><a rel=\"bookmark\" class=\"loud_button_alt wvc-button wvc-button-size-xs\" href=\"https:\/\/soinugao.com\/eu\/producto\/behringer-x32rack\/\"><span>Continue reading<\/span><\/a><\/p>\n","protected":false},"featured_media":5545,"comment_status":"open","ping_status":"closed","template":"","meta":[],"product_brand":[],"product_cat":[255,91],"product_tag":[],"class_list":{"0":"post-5540","1":"product","2":"type-product","3":"status-publish","4":"has-post-thumbnail","6":"product_cat-mesa-de-control-sonido","7":"product_cat-sonido","8":"entry","9":"clearfix","10":"entry-grid","11":"entry-columns-default","12":"entry-product-module-layout-sidebar-right","13":"thumbnail-color-tone-light","14":"metro-landscape","15":"entry-product","16":"entry-grid_modern_alt","17":"entry-product-grid_modern_alt","19":"first","20":"instock","21":"taxable","22":"shipping-taxable","23":"product-type-simple"},"yoast_head":"<!-- This site is optimized with the Yoast SEO plugin v26.0 - https:\/\/yoast.com\/wordpress\/plugins\/seo\/ -->\n<title>Behringer X32Rack - Soinugao<\/title>\n<meta name=\"robots\" content=\"index, follow, max-snippet:-1, max-image-preview:large, max-video-preview:-1\" \/>\n<link rel=\"canonical\" href=\"https:\/\/soinugao.com\/producto\/behringer-x32rack\/\" \/>\n<meta property=\"og:locale\" content=\"eu_ES\" \/>\n<meta property=\"og:type\" content=\"article\" \/>\n<meta property=\"og:title\" content=\"Behringer X32Rack - Soinugao\" \/>\n<meta property=\"og:description\" content=\"La mezcladora Behringer X32 RACK es una unidad compacta en formato rack de 19&#8243;, con una impresionante capacidad de 40 canales de entrada y 25 buses digitales. Destaca por sus 15 preamplificadores de micr\u00f3fono dise\u00f1ados por Midas y una pantalla de 5 pulgadas, claramente visible incluso a plena luz del d\u00eda o en cualquier entorno....Continue reading\" \/>\n<meta property=\"og:url\" content=\"https:\/\/soinugao.com\/producto\/behringer-x32rack\/\" \/>\n<meta property=\"og:site_name\" content=\"Soinugao\" \/>\n<meta property=\"article:modified_time\" content=\"2023-10-16T09:38:44+00:00\" \/>\n<meta property=\"og:image\" content=\"https:\/\/soinugao.com\/wp-content\/uploads\/2023\/10\/X32-RACK-BEHRINGER.png\" \/>\n\t<meta property=\"og:image:width\" content=\"1000\" \/>\n\t<meta property=\"og:image:height\" content=\"500\" \/>\n\t<meta property=\"og:image:type\" content=\"image\/png\" \/>\n<meta name=\"twitter:card\" content=\"summary_large_image\" \/>\n<meta name=\"twitter:label1\" content=\"Est. reading time\" \/>\n\t<meta name=\"twitter:data1\" content=\"1 minute\" \/>\n<script type=\"application\/ld+json\" class=\"yoast-schema-graph\">{\"@context\":\"https:\/\/schema.org\",\"@graph\":[{\"@type\":\"WebPage\",\"@id\":\"https:\/\/soinugao.com\/producto\/behringer-x32rack\/\",\"url\":\"https:\/\/soinugao.com\/producto\/behringer-x32rack\/\",\"name\":\"Behringer X32Rack - Soinugao\",\"isPartOf\":{\"@id\":\"https:\/\/soinugao.com\/#website\"},\"primaryImageOfPage\":{\"@id\":\"https:\/\/soinugao.com\/producto\/behringer-x32rack\/#primaryimage\"},\"image\":{\"@id\":\"https:\/\/soinugao.com\/producto\/behringer-x32rack\/#primaryimage\"},\"thumbnailUrl\":\"https:\/\/soinugao.com\/wp-content\/uploads\/2023\/10\/X32-RACK-BEHRINGER.png\",\"datePublished\":\"2023-10-16T08:51:49+00:00\",\"dateModified\":\"2023-10-16T09:38:44+00:00\",\"breadcrumb\":{\"@id\":\"https:\/\/soinugao.com\/producto\/behringer-x32rack\/#breadcrumb\"},\"inLanguage\":\"eu-ES\",\"potentialAction\":[{\"@type\":\"ReadAction\",\"target\":[\"https:\/\/soinugao.com\/producto\/behringer-x32rack\/\"]}]},{\"@type\":\"ImageObject\",\"inLanguage\":\"eu-ES\",\"@id\":\"https:\/\/soinugao.com\/producto\/behringer-x32rack\/#primaryimage\",\"url\":\"https:\/\/soinugao.com\/wp-content\/uploads\/2023\/10\/X32-RACK-BEHRINGER.png\",\"contentUrl\":\"https:\/\/soinugao.com\/wp-content\/uploads\/2023\/10\/X32-RACK-BEHRINGER.png\",\"width\":1000,\"height\":500,\"caption\":\"Behringer X32Rack\"},{\"@type\":\"BreadcrumbList\",\"@id\":\"https:\/\/soinugao.com\/producto\/behringer-x32rack\/#breadcrumb\",\"itemListElement\":[{\"@type\":\"ListItem\",\"position\":1,\"name\":\"Portada\",\"item\":\"https:\/\/soinugao.com\/\"},{\"@type\":\"ListItem\",\"position\":2,\"name\":\"Tienda\",\"item\":\"https:\/\/soinugao.com\/tienda\/\"},{\"@type\":\"ListItem\",\"position\":3,\"name\":\"Behringer X32Rack\"}]},{\"@type\":\"WebSite\",\"@id\":\"https:\/\/soinugao.com\/#website\",\"url\":\"https:\/\/soinugao.com\/\",\"name\":\"Soinugao\",\"description\":\"\",\"potentialAction\":[{\"@type\":\"SearchAction\",\"target\":{\"@type\":\"EntryPoint\",\"urlTemplate\":\"https:\/\/soinugao.com\/?s={search_term_string}\"},\"query-input\":{\"@type\":\"PropertyValueSpecification\",\"valueRequired\":true,\"valueName\":\"search_term_string\"}}],\"inLanguage\":\"eu-ES\"}]}<\/script>\n<!-- \/ Yoast SEO plugin. -->","yoast_head_json":{"title":"Behringer X32Rack - Soinugao","robots":{"index":"index","follow":"follow","max-snippet":"max-snippet:-1","max-image-preview":"max-image-preview:large","max-video-preview":"max-video-preview:-1"},"canonical":"https:\/\/soinugao.com\/producto\/behringer-x32rack\/","og_locale":"eu_ES","og_type":"article","og_title":"Behringer X32Rack - Soinugao","og_description":"La mezcladora Behringer X32 RACK es una unidad compacta en formato rack de 19&#8243;, con una impresionante capacidad de 40 canales de entrada y 25 buses digitales. Destaca por sus 15 preamplificadores de micr\u00f3fono dise\u00f1ados por Midas y una pantalla de 5 pulgadas, claramente visible incluso a plena luz del d\u00eda o en cualquier entorno....Continue reading","og_url":"https:\/\/soinugao.com\/producto\/behringer-x32rack\/","og_site_name":"Soinugao","article_modified_time":"2023-10-16T09:38:44+00:00","og_image":[{"width":1000,"height":500,"url":"https:\/\/soinugao.com\/wp-content\/uploads\/2023\/10\/X32-RACK-BEHRINGER.png","type":"image\/png"}],"twitter_card":"summary_large_image","twitter_misc":{"Est. reading time":"1 minute"},"schema":{"@context":"https:\/\/schema.org","@graph":[{"@type":"WebPage","@id":"https:\/\/soinugao.com\/producto\/behringer-x32rack\/","url":"https:\/\/soinugao.com\/producto\/behringer-x32rack\/","name":"Behringer X32Rack - Soinugao","isPartOf":{"@id":"https:\/\/soinugao.com\/#website"},"primaryImageOfPage":{"@id":"https:\/\/soinugao.com\/producto\/behringer-x32rack\/#primaryimage"},"image":{"@id":"https:\/\/soinugao.com\/producto\/behringer-x32rack\/#primaryimage"},"thumbnailUrl":"https:\/\/soinugao.com\/wp-content\/uploads\/2023\/10\/X32-RACK-BEHRINGER.png","datePublished":"2023-10-16T08:51:49+00:00","dateModified":"2023-10-16T09:38:44+00:00","breadcrumb":{"@id":"https:\/\/soinugao.com\/producto\/behringer-x32rack\/#breadcrumb"},"inLanguage":"eu-ES","potentialAction":[{"@type":"ReadAction","target":["https:\/\/soinugao.com\/producto\/behringer-x32rack\/"]}]},{"@type":"ImageObject","inLanguage":"eu-ES","@id":"https:\/\/soinugao.com\/producto\/behringer-x32rack\/#primaryimage","url":"https:\/\/soinugao.com\/wp-content\/uploads\/2023\/10\/X32-RACK-BEHRINGER.png","contentUrl":"https:\/\/soinugao.com\/wp-content\/uploads\/2023\/10\/X32-RACK-BEHRINGER.png","width":1000,"height":500,"caption":"Behringer X32Rack"},{"@type":"BreadcrumbList","@id":"https:\/\/soinugao.com\/producto\/behringer-x32rack\/#breadcrumb","itemListElement":[{"@type":"ListItem","position":1,"name":"Portada","item":"https:\/\/soinugao.com\/"},{"@type":"ListItem","position":2,"name":"Tienda","item":"https:\/\/soinugao.com\/tienda\/"},{"@type":"ListItem","position":3,"name":"Behringer X32Rack"}]},{"@type":"WebSite","@id":"https:\/\/soinugao.com\/#website","url":"https:\/\/soinugao.com\/","name":"Soinugao","description":"","potentialAction":[{"@type":"SearchAction","target":{"@type":"EntryPoint","urlTemplate":"https:\/\/soinugao.com\/?s={search_term_string}"},"query-input":{"@type":"PropertyValueSpecification","valueRequired":true,"valueName":"search_term_string"}}],"inLanguage":"eu-ES"}]}},"_links":{"self":[{"href":"https:\/\/soinugao.com\/eu\/wp-json\/wp\/v2\/product\/5540","targetHints":{"allow":["GET"]}}],"collection":[{"href":"https:\/\/soinugao.com\/eu\/wp-json\/wp\/v2\/product"}],"about":[{"href":"https:\/\/soinugao.com\/eu\/wp-json\/wp\/v2\/types\/product"}],"replies":[{"embeddable":true,"href":"https:\/\/soinugao.com\/eu\/wp-json\/wp\/v2\/comments?post=5540"}],"wp:featuredmedia":[{"embeddable":true,"href":"https:\/\/soinugao.com\/eu\/wp-json\/wp\/v2\/media\/5545"}],"wp:attachment":[{"href":"https:\/\/soinugao.com\/eu\/wp-json\/wp\/v2\/media?parent=5540"}],"wp:term":[{"taxonomy":"product_brand","embeddable":true,"href":"https:\/\/soinugao.com\/eu\/wp-json\/wp\/v2\/product_brand?post=5540"},{"taxonomy":"product_cat","embeddable":true,"href":"https:\/\/soinugao.com\/eu\/wp-json\/wp\/v2\/product_cat?post=5540"},{"taxonomy":"product_tag","embeddable":true,"href":"https:\/\/soinugao.com\/eu\/wp-json\/wp\/v2\/product_tag?post=5540"}],"curies":[{"name":"wp","href":"https:\/\/api.w.org\/{rel}","templated":true}]}}